{"id":1096,"date":"2017-03-28T21:44:52","date_gmt":"2017-03-28T19:44:52","guid":{"rendered":"http:\/\/naturheilpraxis-mutterer.de\/?page_id=1096"},"modified":"2017-05-10T10:44:38","modified_gmt":"2017-05-10T08:44:38","slug":"baunscheidt-therapie-baunscheidtieren","status":"publish","type":"page","link":"https:\/\/naturheilpraxis-mutterer.de\/?page_id=1096","title":{"rendered":"Baunscheidt Therapie (Baunscheidtieren)"},"content":{"rendered":"<p><div class=\"fusion-fullwidth fullwidth-box fusion-builder-row-1 nonhundred-percent-fullwidth non-hundred-percent-height-scrolling\" style=\"--awb-border-radius-top-left:0px;--awb-border-radius-top-right:0px;--awb-border-radius-bottom-right:0px;--awb-border-radius-bottom-left:0px;--awb-flex-wrap:wrap;\" ><div class=\"fusion-builder-row fusion-row\"><div class=\"fusion-layout-column fusion_builder_column fusion-builder-column-0 fusion_builder_column_1_1 1_1 fusion-one-full fusion-column-first fusion-column-last\" style=\"--awb-bg-size:cover;\"><div class=\"fusion-column-wrapper fusion-flex-column-wrapper-legacy\"><div class=\"fusion-title title fusion-title-1 fusion-sep-none fusion-title-text fusion-title-size-one\" style=\"--awb-margin-top-small:0px;--awb-margin-right-small:0px;--awb-margin-bottom-small:20px;--awb-margin-left-small:0px;\"><h1 class=\"fusion-title-heading title-heading-left fusion-responsive-typography-calculated\" style=\"margin:0;--fontSize:26;line-height:1.41;\">Baunscheidt Therapie (Baunscheidtieren)<\/h1><\/div><div class=\"fusion-clearfix\"><\/div><\/div><\/div><\/div><\/div><div class=\"fusion-fullwidth fullwidth-box fusion-builder-row-2 nonhundred-percent-fullwidth non-hundred-percent-height-scrolling\" style=\"--awb-border-radius-top-left:0px;--awb-border-radius-top-right:0px;--awb-border-radius-bottom-right:0px;--awb-border-radius-bottom-left:0px;--awb-flex-wrap:wrap;\" ><div class=\"fusion-builder-row fusion-row\"><div class=\"fusion-layout-column fusion_builder_column fusion-builder-column-1 fusion_builder_column_1_3 1_3 fusion-one-third fusion-column-first\" style=\"--awb-padding-top:250px;--awb-bg-size:cover;width:33.333333333333%;width:calc(33.333333333333% - ( ( 4% ) * 0.33333333333333 ) );margin-right: 4%;\"><div class=\"fusion-column-wrapper fusion-flex-column-wrapper-legacy\"><div class=\"fusion-image-element fusion-image-align-center in-legacy-container\" style=\"text-align:center;--awb-caption-title-font-family:var(--h2_typography-font-family);--awb-caption-title-font-weight:var(--h2_typography-font-weight);--awb-caption-title-font-style:var(--h2_typography-font-style);--awb-caption-title-size:var(--h2_typography-font-size);--awb-caption-title-transform:var(--h2_typography-text-transform);--awb-caption-title-line-height:var(--h2_typography-line-height);--awb-caption-title-letter-spacing:var(--h2_typography-letter-spacing);\"><div class=\"imageframe-align-center\"><span class=\" fusion-imageframe imageframe-none imageframe-1 hover-type-none\"><img decoding=\"async\" width=\"300\" height=\"224\" alt=\"Baunscheidt Therapie\" title=\"Baunscheidtieren\" src=\"http:\/\/naturheilpraxis-mutterer.de\/wp-content\/uploads\/2017\/03\/Quaddeln-300x224.png\" class=\"img-responsive wp-image-1097\" srcset=\"https:\/\/naturheilpraxis-mutterer.de\/wp-content\/uploads\/2017\/03\/Quaddeln-200x149.png 200w, https:\/\/naturheilpraxis-mutterer.de\/wp-content\/uploads\/2017\/03\/Quaddeln-400x298.png 400w, https:\/\/naturheilpraxis-mutterer.de\/wp-content\/uploads\/2017\/03\/Quaddeln.png 506w\" sizes=\"(max-width: 800px) 100vw, 400px\" \/><\/span><\/div><\/div><div class=\"fusion-clearfix\"><\/div><\/div><\/div><div class=\"fusion-layout-column fusion_builder_column fusion-builder-column-2 fusion_builder_column_2_3 2_3 fusion-two-third fusion-column-last\" style=\"--awb-bg-size:cover;width:66.666666666667%;width:calc(66.666666666667% - ( ( 4% ) * 0.66666666666667 ) );\"><div class=\"fusion-column-wrapper fusion-flex-column-wrapper-legacy\"><div class=\"fusion-text fusion-text-1\"><p>Die Baunscheidt Therapie wird auch die Akupunktur des Westens oder auch\u00a0&#8222;Baunscheidtieren&#8220; genannt.<\/p>\n<p>Als Carl Baunscheidt im Sommer 1848 in seinem Garten einschlief wurde er im Schlaf von angriffslustigen Stechm\u00fccken gestochen. Als er aufwachte hatte er zwar viele\u00a0 juckende M\u00fcckenstiche an den H\u00e4nden, aber seine zuvor vom Rheuma schmerzenden Fingergelenke waren\u00a0beschwerdefrei.<\/p>\n<p><strong><em>Was geschieht nun bei der Therapie?<\/em><\/strong><br \/>\nDie Haut wird mit kleinen Nadeln an der Oberfl\u00e4che eingestochen und danach mit einem speziellen \u00d6l eingestrichen. Es bilden sich kleine Pusteln, \u00e4hnlich einem M\u00fcckenstich. Die Haut r\u00f6tet und erw\u00e4rmt sich, wird besser durchblutet und die Pustel f\u00fcllen sich mit Lymphfl\u00fcssigkeit.<br \/>\nDie Lymphe wird vom K\u00f6rper innerhalb weniger Stunden abtransportiert und die Pusteln verschwinden. Dadurch werden krankmachende Stoffe aus dem Bindegewebe nach au\u00dfen abgeleitet und vom K\u00f6rper ausgeschieden.<br \/>\nDie Therapie l\u00e4sst sich mit dem Schr\u00f6pfen kombinieren.<\/p>\n<p><strong>Anwendungsgebiete:\u00a0\u00a0<\/strong><\/p>\n<\/div><ul style=\"--awb-size:15px;--awb-line-height:25.5px;--awb-icon-width:25.5px;--awb-icon-height:25.5px;--awb-icon-margin:10.5px;--awb-content-margin:36px;--awb-circlecolor:#a0ce4e;--awb-circle-yes-font-size:13.2px;\" class=\"fusion-checklist fusion-checklist-1 fusion-checklist-default type-icons\"><li class=\"fusion-li-item\" style=\"\"><span class=\"icon-wrapper circle-yes\"><i class=\"fusion-li-icon fa fa-chevron-right\" aria-hidden=\"true\"><\/i><\/span><div class=\"fusion-li-item-content\">\n<p>Arthrose<\/p>\n<\/div><\/li><li class=\"fusion-li-item\" style=\"\"><span class=\"icon-wrapper circle-yes\"><i class=\"fusion-li-icon fa fa-chevron-right\" aria-hidden=\"true\"><\/i><\/span><div class=\"fusion-li-item-content\">\n<p>Arthritis<\/p>\n<\/div><\/li><li class=\"fusion-li-item\" style=\"\"><span class=\"icon-wrapper circle-yes\"><i class=\"fusion-li-icon fa fa-chevron-right\" aria-hidden=\"true\"><\/i><\/span><div class=\"fusion-li-item-content\">\n<p>Durchblutungsst\u00f6rungen<\/p>\n<\/div><\/li><li class=\"fusion-li-item\" style=\"\"><span class=\"icon-wrapper circle-yes\"><i class=\"fusion-li-icon fa fa-chevron-right\" aria-hidden=\"true\"><\/i><\/span><div class=\"fusion-li-item-content\">\n<p>Atemwegserkrankungen<\/p>\n<\/div><\/li><li class=\"fusion-li-item\" style=\"\"><span class=\"icon-wrapper circle-yes\"><i class=\"fusion-li-icon fa fa-chevron-right\" aria-hidden=\"true\"><\/i><\/span><div class=\"fusion-li-item-content\">\n<p>Augenerkrankungen<\/p>\n<\/div><\/li><li class=\"fusion-li-item\" style=\"\"><span class=\"icon-wrapper circle-yes\"><i class=\"fusion-li-icon fa fa-chevron-right\" aria-hidden=\"true\"><\/i><\/span><div class=\"fusion-li-item-content\">\n<p>Bandscheibenerkrankungen<\/p>\n<\/div><\/li><li class=\"fusion-li-item\" style=\"\"><span class=\"icon-wrapper circle-yes\"><i class=\"fusion-li-icon fa fa-chevron-right\" aria-hidden=\"true\"><\/i><\/span><div class=\"fusion-li-item-content\">\n<p>Erkrankungen innerer Organe (Leber, Galle ,Magen, Schilddr\u00fcse)<\/p>\n<\/div><\/li><li class=\"fusion-li-item\" style=\"\"><span class=\"icon-wrapper circle-yes\"><i class=\"fusion-li-icon fa fa-chevron-right\" aria-hidden=\"true\"><\/i><\/span><div class=\"fusion-li-item-content\">\n<p>Sehnenentz\u00fcndungen<\/p>\n<\/div><\/li><li class=\"fusion-li-item\" style=\"\"><span class=\"icon-wrapper circle-yes\"><i class=\"fusion-li-icon fa fa-chevron-right\" aria-hidden=\"true\"><\/i><\/span><div class=\"fusion-li-item-content\">\n<p>Speichelsteine<\/p>\n<\/div><\/li><\/ul><div class=\"fusion-builder-row fusion-builder-row-inner fusion-row\"><div class=\"fusion-layout-column fusion_builder_column_inner fusion-builder-nested-column-0 fusion_builder_column_inner_1_1 1_1 fusion-one-full fusion-column-first fusion-column-last\" style=\"--awb-bg-size:cover;\"><div class=\"fusion-column-wrapper fusion-flex-column-wrapper-legacy\"><div class=\"fusion-text fusion-text-2\"><p style=\"text-align: center;\"><b>Wir therapieren und beraten Sie sehr gerne!<\/b><\/p>\n<\/div><div class=\"fusion-button-wrapper fusion-aligncenter\"><a class=\"fusion-button button-3d fusion-button-default-size button-default fusion-button-default button-1 fusion-button-span-no \" target=\"_self\" href=\"\/?page_id=1018\"><i class=\" fa fa-comments awb-button__icon awb-button__icon--default button-icon-left\" aria-hidden=\"true\"><\/i><span class=\"fusion-button-text awb-button__text awb-button__text--default\">Sprechen Sie uns an!<\/span><\/a><\/div><div class=\"fusion-sep-clear\"><\/div><div class=\"fusion-separator fusion-full-width-sep\" style=\"margin-left: auto;margin-right: auto;margin-top:10px;margin-bottom:20px;width:100%;\"><\/div><div class=\"fusion-sep-clear\"><\/div><div class=\"fusion-text fusion-text-3\"><p style=\"text-align: left;\">Weiterf\u00fchrende Informationen zum Thema finden Sie hier:<\/p>\n<\/div><ul style=\"--awb-size:15px;--awb-iconcolor:#73af27;--awb-line-height:25.5px;--awb-icon-width:25.5px;--awb-icon-height:25.5px;--awb-icon-margin:10.5px;--awb-content-margin:36px;\" class=\"fusion-checklist fusion-checklist-2 fusion-checklist-default type-icons\"><li class=\"fusion-li-item\" style=\"\"><span class=\"icon-wrapper circle-no\"><i class=\"fusion-li-icon fa fa-external-link\" aria-hidden=\"true\"><\/i><\/span><div class=\"fusion-li-item-content\">\n<p><a href=\"http:\/\/naturheilpraxis-mutterer.de\/?page_id=795\">Schr\u00f6pfen<\/a><\/p>\n<\/div><\/li><\/ul><div class=\"fusion-sep-clear\"><\/div><div class=\"fusion-separator fusion-full-width-sep\" style=\"margin-left: auto;margin-right: auto;margin-top:5px;margin-bottom:5px;width:100%;\"><\/div><div class=\"fusion-sep-clear\"><\/div><div class=\"fusion-text fusion-text-4\"><p style=\"text-align: center;\"><span style=\"color: #999999;\"><em>Die vorgenannten Anwendungsgebiete stellen kein Heilversprechen oder die Garantie einer Linderung oder Verbesserung aufgef\u00fchrter Krankheitszust\u00e4nde oder Leiden dar.<\/em><\/span><\/p>\n<\/div><div class=\"fusion-clearfix\"><\/div><\/div><\/div><\/div><div class=\"fusion-clearfix\"><\/div><\/div><\/div><\/div><\/div><\/p>\n","protected":false},"excerpt":{"rendered":"","protected":false},"author":2,"featured_media":0,"parent":37,"menu_order":0,"comment_status":"closed","ping_status":"closed","template":"","meta":{"footnotes":""},"class_list":["post-1096","page","type-page","status-publish","hentry"],"yoast_head":"<!-- This site is optimized with the Yoast SEO plugin v27.5 - https:\/\/yoast.com\/product\/yoast-seo-wordpress\/ -->\n<title>Baunscheidt Therapie (Baunscheidtieren) - Naturheil- und Physiotherapiepraxis Christel Mutterer<\/title>\n<meta name=\"description\" content=\"Die Baunscheidt Therapie wird auch die Akupunktur des Westens oder auch\u00a0\u201eBaunscheidtieren\u201c genannt und wird h\u00e4ufig mit Schr\u00f6pfen kombiniert..\" \/>\n<meta name=\"robots\" content=\"index, follow, max-snippet:-1, max-image-preview:large, max-video-preview:-1\" \/>\n<link rel=\"canonical\" href=\"https:\/\/naturheilpraxis-mutterer.de\/?page_id=1096\" \/>\n<meta name=\"twitter:label1\" content=\"Gesch\u00e4tzte Lesezeit\" \/>\n\t<meta name=\"twitter:data1\" content=\"5\u00a0Minuten\" \/>\n<script type=\"application\/ld+json\" class=\"yoast-schema-graph\">{\"@context\":\"https:\\\/\\\/schema.org\",\"@graph\":[{\"@type\":\"WebPage\",\"@id\":\"https:\\\/\\\/naturheilpraxis-mutterer.de\\\/?page_id=1096\",\"url\":\"https:\\\/\\\/naturheilpraxis-mutterer.de\\\/?page_id=1096\",\"name\":\"Baunscheidt Therapie (Baunscheidtieren) - Naturheil- und Physiotherapiepraxis Christel Mutterer\",\"isPartOf\":{\"@id\":\"https:\\\/\\\/naturheilpraxis-mutterer.de\\\/#website\"},\"datePublished\":\"2017-03-28T19:44:52+00:00\",\"dateModified\":\"2017-05-10T08:44:38+00:00\",\"description\":\"Die Baunscheidt Therapie wird auch die Akupunktur des Westens oder auch\u00a0\u201eBaunscheidtieren\u201c genannt und wird h\u00e4ufig mit Schr\u00f6pfen kombiniert..\",\"breadcrumb\":{\"@id\":\"https:\\\/\\\/naturheilpraxis-mutterer.de\\\/?page_id=1096#breadcrumb\"},\"inLanguage\":\"de\",\"potentialAction\":[{\"@type\":\"ReadAction\",\"target\":[\"https:\\\/\\\/naturheilpraxis-mutterer.de\\\/?page_id=1096\"]}]},{\"@type\":\"BreadcrumbList\",\"@id\":\"https:\\\/\\\/naturheilpraxis-mutterer.de\\\/?page_id=1096#breadcrumb\",\"itemListElement\":[{\"@type\":\"ListItem\",\"position\":1,\"name\":\"Startseite\",\"item\":\"https:\\\/\\\/naturheilpraxis-mutterer.de\\\/\"},{\"@type\":\"ListItem\",\"position\":2,\"name\":\"Naturheilkunde\",\"item\":\"https:\\\/\\\/naturheilpraxis-mutterer.de\\\/?page_id=37\"},{\"@type\":\"ListItem\",\"position\":3,\"name\":\"Baunscheidt Therapie (Baunscheidtieren)\"}]},{\"@type\":\"WebSite\",\"@id\":\"https:\\\/\\\/naturheilpraxis-mutterer.de\\\/#website\",\"url\":\"https:\\\/\\\/naturheilpraxis-mutterer.de\\\/\",\"name\":\"Naturheil- und Physiotherapiepraxis Christel Mutterer\",\"description\":\"\",\"publisher\":{\"@id\":\"https:\\\/\\\/naturheilpraxis-mutterer.de\\\/#organization\"},\"potentialAction\":[{\"@type\":\"SearchAction\",\"target\":{\"@type\":\"EntryPoint\",\"urlTemplate\":\"https:\\\/\\\/naturheilpraxis-mutterer.de\\\/?s={search_term_string}\"},\"query-input\":{\"@type\":\"PropertyValueSpecification\",\"valueRequired\":true,\"valueName\":\"search_term_string\"}}],\"inLanguage\":\"de\"},{\"@type\":\"Organization\",\"@id\":\"https:\\\/\\\/naturheilpraxis-mutterer.de\\\/#organization\",\"name\":\"Naturheil- und Physiotherapiepraxis Christel Mutterer\",\"url\":\"https:\\\/\\\/naturheilpraxis-mutterer.de\\\/\",\"logo\":{\"@type\":\"ImageObject\",\"inLanguage\":\"de\",\"@id\":\"https:\\\/\\\/naturheilpraxis-mutterer.de\\\/#\\\/schema\\\/logo\\\/image\\\/\",\"url\":\"https:\\\/\\\/naturheilpraxis-mutterer.de\\\/wp-content\\\/uploads\\\/2016\\\/03\\\/Praxis-Logo-512_512.png\",\"contentUrl\":\"https:\\\/\\\/naturheilpraxis-mutterer.de\\\/wp-content\\\/uploads\\\/2016\\\/03\\\/Praxis-Logo-512_512.png\",\"width\":512,\"height\":512,\"caption\":\"Naturheil- und Physiotherapiepraxis Christel Mutterer\"},\"image\":{\"@id\":\"https:\\\/\\\/naturheilpraxis-mutterer.de\\\/#\\\/schema\\\/logo\\\/image\\\/\"}}]}<\/script>\n<!-- \/ Yoast SEO plugin. -->","yoast_head_json":{"title":"Baunscheidt Therapie (Baunscheidtieren) - Naturheil- und Physiotherapiepraxis Christel Mutterer","description":"Die Baunscheidt Therapie wird auch die Akupunktur des Westens oder auch\u00a0\u201eBaunscheidtieren\u201c genannt und wird h\u00e4ufig mit Schr\u00f6pfen kombiniert..","robots":{"index":"index","follow":"follow","max-snippet":"max-snippet:-1","max-image-preview":"max-image-preview:large","max-video-preview":"max-video-preview:-1"},"canonical":"https:\/\/naturheilpraxis-mutterer.de\/?page_id=1096","twitter_misc":{"Gesch\u00e4tzte Lesezeit":"5\u00a0Minuten"},"schema":{"@context":"https:\/\/schema.org","@graph":[{"@type":"WebPage","@id":"https:\/\/naturheilpraxis-mutterer.de\/?page_id=1096","url":"https:\/\/naturheilpraxis-mutterer.de\/?page_id=1096","name":"Baunscheidt Therapie (Baunscheidtieren) - Naturheil- und Physiotherapiepraxis Christel Mutterer","isPartOf":{"@id":"https:\/\/naturheilpraxis-mutterer.de\/#website"},"datePublished":"2017-03-28T19:44:52+00:00","dateModified":"2017-05-10T08:44:38+00:00","description":"Die Baunscheidt Therapie wird auch die Akupunktur des Westens oder auch\u00a0\u201eBaunscheidtieren\u201c genannt und wird h\u00e4ufig mit Schr\u00f6pfen kombiniert..","breadcrumb":{"@id":"https:\/\/naturheilpraxis-mutterer.de\/?page_id=1096#breadcrumb"},"inLanguage":"de","potentialAction":[{"@type":"ReadAction","target":["https:\/\/naturheilpraxis-mutterer.de\/?page_id=1096"]}]},{"@type":"BreadcrumbList","@id":"https:\/\/naturheilpraxis-mutterer.de\/?page_id=1096#breadcrumb","itemListElement":[{"@type":"ListItem","position":1,"name":"Startseite","item":"https:\/\/naturheilpraxis-mutterer.de\/"},{"@type":"ListItem","position":2,"name":"Naturheilkunde","item":"https:\/\/naturheilpraxis-mutterer.de\/?page_id=37"},{"@type":"ListItem","position":3,"name":"Baunscheidt Therapie (Baunscheidtieren)"}]},{"@type":"WebSite","@id":"https:\/\/naturheilpraxis-mutterer.de\/#website","url":"https:\/\/naturheilpraxis-mutterer.de\/","name":"Naturheil- und Physiotherapiepraxis Christel Mutterer","description":"","publisher":{"@id":"https:\/\/naturheilpraxis-mutterer.de\/#organization"},"potentialAction":[{"@type":"SearchAction","target":{"@type":"EntryPoint","urlTemplate":"https:\/\/naturheilpraxis-mutterer.de\/?s={search_term_string}"},"query-input":{"@type":"PropertyValueSpecification","valueRequired":true,"valueName":"search_term_string"}}],"inLanguage":"de"},{"@type":"Organization","@id":"https:\/\/naturheilpraxis-mutterer.de\/#organization","name":"Naturheil- und Physiotherapiepraxis Christel Mutterer","url":"https:\/\/naturheilpraxis-mutterer.de\/","logo":{"@type":"ImageObject","inLanguage":"de","@id":"https:\/\/naturheilpraxis-mutterer.de\/#\/schema\/logo\/image\/","url":"https:\/\/naturheilpraxis-mutterer.de\/wp-content\/uploads\/2016\/03\/Praxis-Logo-512_512.png","contentUrl":"https:\/\/naturheilpraxis-mutterer.de\/wp-content\/uploads\/2016\/03\/Praxis-Logo-512_512.png","width":512,"height":512,"caption":"Naturheil- und Physiotherapiepraxis Christel Mutterer"},"image":{"@id":"https:\/\/naturheilpraxis-mutterer.de\/#\/schema\/logo\/image\/"}}]}},"_links":{"self":[{"href":"https:\/\/naturheilpraxis-mutterer.de\/index.php?rest_route=\/wp\/v2\/pages\/1096","targetHints":{"allow":["GET"]}}],"collection":[{"href":"https:\/\/naturheilpraxis-mutterer.de\/index.php?rest_route=\/wp\/v2\/pages"}],"about":[{"href":"https:\/\/naturheilpraxis-mutterer.de\/index.php?rest_route=\/wp\/v2\/types\/page"}],"author":[{"embeddable":true,"href":"https:\/\/naturheilpraxis-mutterer.de\/index.php?rest_route=\/wp\/v2\/users\/2"}],"replies":[{"embeddable":true,"href":"https:\/\/naturheilpraxis-mutterer.de\/index.php?rest_route=%2Fwp%2Fv2%2Fcomments&post=1096"}],"version-history":[{"count":0,"href":"https:\/\/naturheilpraxis-mutterer.de\/index.php?rest_route=\/wp\/v2\/pages\/1096\/revisions"}],"up":[{"embeddable":true,"href":"https:\/\/naturheilpraxis-mutterer.de\/index.php?rest_route=\/wp\/v2\/pages\/37"}],"wp:attachment":[{"href":"https:\/\/naturheilpraxis-mutterer.de\/index.php?rest_route=%2Fwp%2Fv2%2Fmedia&parent=1096"}],"curies":[{"name":"wp","href":"https:\/\/api.w.org\/{rel}","templated":true}]}}