{"id":1266,"date":"2017-05-17T21:30:50","date_gmt":"2017-05-17T19:30:50","guid":{"rendered":"http:\/\/naturheilpraxis-mutterer.de\/?page_id=1266"},"modified":"2017-05-17T21:58:50","modified_gmt":"2017-05-17T19:58:50","slug":"1266-2","status":"publish","type":"page","link":"https:\/\/naturheilpraxis-mutterer.de\/?page_id=1266","title":{"rendered":"PNF"},"content":{"rendered":"<div class=\"fusion-fullwidth fullwidth-box fusion-builder-row-1 nonhundred-percent-fullwidth non-hundred-percent-height-scrolling\" style=\"--awb-border-radius-top-left:0px;--awb-border-radius-top-right:0px;--awb-border-radius-bottom-right:0px;--awb-border-radius-bottom-left:0px;--awb-flex-wrap:wrap;\" ><div class=\"fusion-builder-row fusion-row\"><div class=\"fusion-layout-column fusion_builder_column fusion-builder-column-0 fusion_builder_column_1_1 1_1 fusion-one-full fusion-column-first fusion-column-last\" style=\"--awb-bg-size:cover;\"><div class=\"fusion-column-wrapper fusion-flex-column-wrapper-legacy\"><div class=\"fusion-title title fusion-title-1 fusion-sep-none fusion-title-text fusion-title-size-one\" style=\"--awb-margin-top-small:0px;--awb-margin-right-small:0px;--awb-margin-bottom-small:20px;--awb-margin-left-small:0px;\"><h1 class=\"fusion-title-heading title-heading-left fusion-responsive-typography-calculated\" style=\"margin:0;--fontSize:26;line-height:1.41;\">PNF<\/h1><\/div><div class=\"fusion-clearfix\"><\/div><\/div><\/div><div class=\"fusion-layout-column fusion_builder_column fusion-builder-column-1 fusion_builder_column_1_4 1_4 fusion-one-fourth fusion-column-first\" style=\"--awb-bg-size:cover;width:25%;width:calc(25% - ( ( 4% ) * 0.25 ) );margin-right: 4%;\"><div class=\"fusion-column-wrapper fusion-flex-column-wrapper-legacy\"><div class=\"fusion-image-element in-legacy-container\" style=\"--awb-caption-title-font-family:var(--h2_typography-font-family);--awb-caption-title-font-weight:var(--h2_typography-font-weight);--awb-caption-title-font-style:var(--h2_typography-font-style);--awb-caption-title-size:var(--h2_typography-font-size);--awb-caption-title-transform:var(--h2_typography-text-transform);--awb-caption-title-line-height:var(--h2_typography-line-height);--awb-caption-title-letter-spacing:var(--h2_typography-letter-spacing);\"><span class=\" fusion-imageframe imageframe-none imageframe-1 hover-type-none\"><img decoding=\"async\" width=\"300\" height=\"200\" alt=\"Bewegung von Babys\" title=\"Baby\" src=\"http:\/\/naturheilpraxis-mutterer.de\/wp-content\/uploads\/Baby-300x200.jpg\" class=\"img-responsive wp-image-1267\" srcset=\"https:\/\/naturheilpraxis-mutterer.de\/wp-content\/uploads\/Baby-200x133.jpg 200w, https:\/\/naturheilpraxis-mutterer.de\/wp-content\/uploads\/Baby-400x267.jpg 400w, https:\/\/naturheilpraxis-mutterer.de\/wp-content\/uploads\/Baby.jpg 424w\" sizes=\"(max-width: 800px) 100vw, 400px\" \/><\/span><\/div><div class=\"fusion-clearfix\"><\/div><\/div><\/div><div class=\"fusion-layout-column fusion_builder_column fusion-builder-column-2 fusion_builder_column_3_4 3_4 fusion-three-fourth fusion-column-last\" style=\"--awb-bg-size:cover;width:75%;width:calc(75% - ( ( 4% ) * 0.75 ) );\"><div class=\"fusion-column-wrapper fusion-flex-column-wrapper-legacy\"><div class=\"fusion-text fusion-text-1\"><p>(Propriorezeptive Neuromuskul\u00e4re Faszilitation)<br \/>\nPNF ist eine Technik zur Verbesserung der Interaktion zwischen dem Nervensystem, der Muskulatur und den Rezeptoren der Haut, Sehnen und Muskelspindeln.<\/p>\n<p>Haben Sie schon Babys beobachtet, wie sie die ersten Bewegungen durchf\u00fchren? Wie sie anfangen den Kopf zu heben oder sich \u00fcber die Seite rollen oder \u00fcber den Boden robben? Diese Bewegungen macht jedes Baby gleich, weil diese Muster in unserem Nervensystem verankert sind. Auch wir Erwachsenen bewegen uns in bestimmten Mustern. Schwingt unser rechtes Bein beim Gehen z.B. nach vorne pendelt unser gleichseitiger Arm nach hinten, der gegenseitige Arm schwingt nach vorn und unsere Wirbels\u00e4ule rotiert um ihre L\u00e4ngsachse. Diese Bewegung l\u00e4uft in drei Dimensionen ab. Unter normalen Bedingungen w\u00fcrden wir diese Bewegung nicht ver\u00e4ndern, aber neurologische Erkrankungen wie z.B. Sauerstoffmangel bei der Geburt, ein Schlaganfall mit Halbseitenl\u00e4hmung oder einfach nur eine orthop\u00e4dische Erkrankung wie z.B. eine Verletzung einer Extremit\u00e4t k\u00f6nnen diese Muster im Gehirn ver\u00e4ndern und die normale Durchf\u00fchrung unm\u00f6glich machen.<\/p>\n<\/div><div class=\"fusion-clearfix\"><\/div><\/div><\/div><div class=\"fusion-layout-column fusion_builder_column fusion-builder-column-3 fusion_builder_column_3_4 3_4 fusion-three-fourth fusion-column-first\" style=\"--awb-bg-size:cover;width:75%;width:calc(75% - ( ( 4% ) * 0.75 ) );margin-right: 4%;\"><div class=\"fusion-column-wrapper fusion-flex-column-wrapper-legacy\"><div class=\"fusion-text fusion-text-2\"><p>Eine \u00f6konomische Bewegung bewirkt, dass unser K\u00f6rper im Gleichgewicht ist und mit geringem Kraftaufwand und \u00f6konomisch ohne Sch\u00e4digung der kleinen und gro\u00dfen Gelenke arbeitet.<br \/>\nPNF kann bei allen Altersgruppen und Behinderungsgraden angewandt werden, bei denen das normale Bewegungsverhalten gest\u00f6rt ist.<br \/>\nAm Anfang der Behandlung steht die genaue Befundung welche Muster ver\u00e4ndert sind und wie der Patient im Rahmen seiner M\u00f6glichkeiten seine Bewegungen optimieren kann.<\/p>\n<p>Meine Ziele sind:<\/p>\n<\/div><ul style=\"--awb-size:15px;--awb-line-height:25.5px;--awb-icon-width:25.5px;--awb-icon-height:25.5px;--awb-icon-margin:10.5px;--awb-content-margin:36px;--awb-circlecolor:#a0ce4e;--awb-circle-yes-font-size:13.2px;\" class=\"fusion-checklist fusion-checklist-1 fusion-checklist-default type-icons\"><li class=\"fusion-li-item\" style=\"\"><span class=\"icon-wrapper circle-yes\"><i class=\"fusion-li-icon fa fa-chevron-right\" aria-hidden=\"true\"><\/i><\/span><div class=\"fusion-li-item-content\">\n<p>Eine Normalisierung der Muskelspannung. D.h. verk\u00fcrzte und verspannte Muskulatur zu entspannen und schwache Muskeln zu kr\u00e4ftigen<\/p>\n<\/div><\/li><li class=\"fusion-li-item\" style=\"\"><span class=\"icon-wrapper circle-yes\"><i class=\"fusion-li-icon fa fa-chevron-right\" aria-hidden=\"true\"><\/i><\/span><div class=\"fusion-li-item-content\">\n<p>Die motorische Kontrolle zu f\u00f6rdern, damit der Patient zu jedem Zeitpunkt wei\u00df und f\u00fchlt wie die Bewegung stattfindet und auch bei geschlossenen Augen f\u00fchlen kann wo sich seine Extremit\u00e4ten befinden. Dabei hilft eine spezielle Technik von Ber\u00fchrungen, Dehnungen der Muskulatur und Sehnen, das Setzen von Widerst\u00e4nden und das \u00dcben in Muskelketten, die den ganzen K\u00f6rper mit einbeziehen<\/p>\n<\/div><\/li><\/ul><div class=\"fusion-clearfix\"><\/div><\/div><\/div><div class=\"fusion-layout-column fusion_builder_column fusion-builder-column-4 fusion_builder_column_1_4 1_4 fusion-one-fourth fusion-column-last\" style=\"--awb-bg-size:cover;width:25%;width:calc(25% - ( ( 4% ) * 0.25 ) );\"><div class=\"fusion-column-wrapper fusion-flex-column-wrapper-legacy\"><div class=\"fusion-image-element in-legacy-container\" style=\"--awb-caption-title-font-family:var(--h2_typography-font-family);--awb-caption-title-font-weight:var(--h2_typography-font-weight);--awb-caption-title-font-style:var(--h2_typography-font-style);--awb-caption-title-size:var(--h2_typography-font-size);--awb-caption-title-transform:var(--h2_typography-text-transform);--awb-caption-title-line-height:var(--h2_typography-line-height);--awb-caption-title-letter-spacing:var(--h2_typography-letter-spacing);\"><span class=\" fusion-imageframe imageframe-none imageframe-2 hover-type-none\"><img decoding=\"async\" width=\"300\" height=\"200\" alt=\"PNF\" title=\"PNF\" src=\"http:\/\/naturheilpraxis-mutterer.de\/wp-content\/uploads\/2015\/10\/Fotolia_87941632_XS-300x200.jpg\" class=\"img-responsive wp-image-842\" srcset=\"https:\/\/naturheilpraxis-mutterer.de\/wp-content\/uploads\/2015\/10\/Fotolia_87941632_XS-200x133.jpg 200w, https:\/\/naturheilpraxis-mutterer.de\/wp-content\/uploads\/2015\/10\/Fotolia_87941632_XS-400x267.jpg 400w, https:\/\/naturheilpraxis-mutterer.de\/wp-content\/uploads\/2015\/10\/Fotolia_87941632_XS.jpg 424w\" sizes=\"(max-width: 800px) 100vw, 400px\" \/><\/span><\/div><div class=\"fusion-clearfix\"><\/div><\/div><\/div><div class=\"fusion-layout-column fusion_builder_column fusion-builder-column-5 fusion_builder_column_1_1 1_1 fusion-one-full fusion-column-first fusion-column-last\" style=\"--awb-bg-size:cover;\"><div class=\"fusion-column-wrapper fusion-flex-column-wrapper-legacy\"><div class=\"fusion-text fusion-text-3\"><p>Im Zuge der Behandlung wird die Beweglichkeit verbessert, in dem man \u00fcber den dreidimensionalen Bewegungen in Verbindung mit Widerst\u00e4nden und zeitnaher Entspannung eine Dehnung erzielt.<br \/>\nF\u00f6rderung der Koordination durch Verbesserung der Zusammenarbeit zwischen den Rezeptoren von Haut, Sehnen, Gelenken und Muskeln und dem Nervensystem.<br \/>\nPNF hilft Ihnen eine m\u00f6glichst nat\u00fcrliche physiologische Bewegung wiederherzustellen.<\/p>\n<\/div><div class=\"fusion-builder-row fusion-builder-row-inner fusion-row\"><div class=\"fusion-layout-column fusion_builder_column_inner fusion-builder-nested-column-0 fusion_builder_column_inner_1_1 1_1 fusion-one-full fusion-column-first fusion-column-last\" style=\"--awb-bg-size:cover;\"><div class=\"fusion-column-wrapper fusion-flex-column-wrapper-legacy\"><div class=\"fusion-testimonials classic awb-speech-bubble-show fusion-testimonials-1\" style=\"--awb-textcolor:#747474;--awb-backgroundcolor:#ededed;--awb-testimonial-border-style:solid;--awb-testimonial-border-color:var(--awb-color3);--awb-border-top-left-radius:0px;--awb-border-top-right-radius:0px;--awb-border-bottom-left-radius:0px;--awb-border-bottom-right-radius:0px;--testimonial-border-width-top:0px;--testimonial-border-width-right:0px;--testimonial-border-width-bottom:0px;--testimonial-border-width-left:0px;\" data-random=\"0\" data-speed=\"4000\"><div class=\"reviews\"><div class=\"review active-testimonial avatar-image\"><blockquote><div class=\"awb-quote\"><div class=\"awb-quote-content\">\n<h2 style=\"text-align: left;\"><em><strong>Wir beraten und therapieren Sie sehr gerne!<\/strong><\/em><\/h2>\n<\/div><\/div><span class=\"awb-triangle\"><\/span><\/blockquote><div class=\"author\"><span class=\"testimonial-thumbnail\"><img decoding=\"async\" class=\"testimonial-image\" src=\"http:\/\/naturheilpraxis-mutterer.de\/wp-content\/uploads\/2017\/03\/Christel-150x150.png\" style=\"--awb-border-radius:5px;\" \/><\/span><span class=\"company-name\"><strong>Christel Mutterer<\/strong><span>, <\/span><span>Heilpraktikerin und Physiotherapeutin<\/span><\/span><\/div><\/div><\/div><\/div><div class=\"fusion-sep-clear\"><\/div><div class=\"fusion-separator fusion-full-width-sep\" style=\"margin-left: auto;margin-right: auto;margin-top:5px;margin-bottom:5px;width:100%;\"><\/div><div class=\"fusion-sep-clear\"><\/div><div class=\"fusion-button-wrapper fusion-aligncenter\"><a class=\"fusion-button button-3d fusion-button-default-size button-default fusion-button-default button-1 fusion-button-span-no \" target=\"_self\" href=\"\/?page_id=1018\"><i class=\" fa fa-comments awb-button__icon awb-button__icon--default button-icon-left\" aria-hidden=\"true\"><\/i><span class=\"fusion-button-text awb-button__text awb-button__text--default\">Sprechen Sie uns an!<\/span><\/a><\/div><div class=\"fusion-sep-clear\"><\/div><div class=\"fusion-separator fusion-full-width-sep\" style=\"margin-left: auto;margin-right: auto;margin-top:10px;margin-bottom:20px;width:100%;\"><\/div><div class=\"fusion-sep-clear\"><\/div><div class=\"fusion-text fusion-text-4\"><p style=\"text-align: center;\"><span style=\"color: #999999;\"><em>Die vorgenannten Anwendungsgebiete stellen kein Heilversprechen oder die Garantie einer Linderung oder Verbesserung aufgef\u00fchrter Krankheitszust\u00e4nde oder Leiden dar.<\/em><\/span><\/p>\n<\/div><div class=\"fusion-clearfix\"><\/div><\/div><\/div><\/div><div class=\"fusion-clearfix\"><\/div><\/div><\/div><\/div><\/div>\n","protected":false},"excerpt":{"rendered":"","protected":false},"author":2,"featured_media":0,"parent":39,"menu_order":0,"comment_status":"closed","ping_status":"closed","template":"","meta":{"footnotes":""},"class_list":["post-1266","page","type-page","status-publish","hentry"],"yoast_head":"<!-- This site is optimized with the Yoast SEO plugin v27.5 - https:\/\/yoast.com\/product\/yoast-seo-wordpress\/ -->\n<title>PNF - Naturheil- und Physiotherapiepraxis Christel Mutterer<\/title>\n<meta name=\"description\" content=\"PNF ist eine Technik zur Verbesserung der Interaktion zwischen dem Nervensystem, der Muskulatur und den Rezeptoren der Haut, Sehnen und Muskelspindeln.\" \/>\n<meta name=\"robots\" content=\"index, follow, max-snippet:-1, max-image-preview:large, max-video-preview:-1\" \/>\n<link rel=\"canonical\" href=\"https:\/\/naturheilpraxis-mutterer.de\/?page_id=1266\" \/>\n<meta name=\"twitter:label1\" content=\"Gesch\u00e4tzte Lesezeit\" \/>\n\t<meta name=\"twitter:data1\" content=\"6\u00a0Minuten\" \/>\n<script type=\"application\/ld+json\" class=\"yoast-schema-graph\">{\"@context\":\"https:\\\/\\\/schema.org\",\"@graph\":[{\"@type\":\"WebPage\",\"@id\":\"https:\\\/\\\/naturheilpraxis-mutterer.de\\\/?page_id=1266\",\"url\":\"https:\\\/\\\/naturheilpraxis-mutterer.de\\\/?page_id=1266\",\"name\":\"PNF - Naturheil- und Physiotherapiepraxis Christel Mutterer\",\"isPartOf\":{\"@id\":\"https:\\\/\\\/naturheilpraxis-mutterer.de\\\/#website\"},\"datePublished\":\"2017-05-17T19:30:50+00:00\",\"dateModified\":\"2017-05-17T19:58:50+00:00\",\"description\":\"PNF ist eine Technik zur Verbesserung der Interaktion zwischen dem Nervensystem, der Muskulatur und den Rezeptoren der Haut, Sehnen und Muskelspindeln.\",\"breadcrumb\":{\"@id\":\"https:\\\/\\\/naturheilpraxis-mutterer.de\\\/?page_id=1266#breadcrumb\"},\"inLanguage\":\"de\",\"potentialAction\":[{\"@type\":\"ReadAction\",\"target\":[\"https:\\\/\\\/naturheilpraxis-mutterer.de\\\/?page_id=1266\"]}]},{\"@type\":\"BreadcrumbList\",\"@id\":\"https:\\\/\\\/naturheilpraxis-mutterer.de\\\/?page_id=1266#breadcrumb\",\"itemListElement\":[{\"@type\":\"ListItem\",\"position\":1,\"name\":\"Startseite\",\"item\":\"https:\\\/\\\/naturheilpraxis-mutterer.de\\\/\"},{\"@type\":\"ListItem\",\"position\":2,\"name\":\"Physiotherapie\",\"item\":\"https:\\\/\\\/naturheilpraxis-mutterer.de\\\/?page_id=39\"},{\"@type\":\"ListItem\",\"position\":3,\"name\":\"PNF\"}]},{\"@type\":\"WebSite\",\"@id\":\"https:\\\/\\\/naturheilpraxis-mutterer.de\\\/#website\",\"url\":\"https:\\\/\\\/naturheilpraxis-mutterer.de\\\/\",\"name\":\"Naturheil- und Physiotherapiepraxis Christel Mutterer\",\"description\":\"\",\"publisher\":{\"@id\":\"https:\\\/\\\/naturheilpraxis-mutterer.de\\\/#organization\"},\"potentialAction\":[{\"@type\":\"SearchAction\",\"target\":{\"@type\":\"EntryPoint\",\"urlTemplate\":\"https:\\\/\\\/naturheilpraxis-mutterer.de\\\/?s={search_term_string}\"},\"query-input\":{\"@type\":\"PropertyValueSpecification\",\"valueRequired\":true,\"valueName\":\"search_term_string\"}}],\"inLanguage\":\"de\"},{\"@type\":\"Organization\",\"@id\":\"https:\\\/\\\/naturheilpraxis-mutterer.de\\\/#organization\",\"name\":\"Naturheil- und Physiotherapiepraxis Christel Mutterer\",\"url\":\"https:\\\/\\\/naturheilpraxis-mutterer.de\\\/\",\"logo\":{\"@type\":\"ImageObject\",\"inLanguage\":\"de\",\"@id\":\"https:\\\/\\\/naturheilpraxis-mutterer.de\\\/#\\\/schema\\\/logo\\\/image\\\/\",\"url\":\"https:\\\/\\\/naturheilpraxis-mutterer.de\\\/wp-content\\\/uploads\\\/2016\\\/03\\\/Praxis-Logo-512_512.png\",\"contentUrl\":\"https:\\\/\\\/naturheilpraxis-mutterer.de\\\/wp-content\\\/uploads\\\/2016\\\/03\\\/Praxis-Logo-512_512.png\",\"width\":512,\"height\":512,\"caption\":\"Naturheil- und Physiotherapiepraxis Christel Mutterer\"},\"image\":{\"@id\":\"https:\\\/\\\/naturheilpraxis-mutterer.de\\\/#\\\/schema\\\/logo\\\/image\\\/\"}}]}<\/script>\n<!-- \/ Yoast SEO plugin. -->","yoast_head_json":{"title":"PNF - Naturheil- und Physiotherapiepraxis Christel Mutterer","description":"PNF ist eine Technik zur Verbesserung der Interaktion zwischen dem Nervensystem, der Muskulatur und den Rezeptoren der Haut, Sehnen und Muskelspindeln.","robots":{"index":"index","follow":"follow","max-snippet":"max-snippet:-1","max-image-preview":"max-image-preview:large","max-video-preview":"max-video-preview:-1"},"canonical":"https:\/\/naturheilpraxis-mutterer.de\/?page_id=1266","twitter_misc":{"Gesch\u00e4tzte Lesezeit":"6\u00a0Minuten"},"schema":{"@context":"https:\/\/schema.org","@graph":[{"@type":"WebPage","@id":"https:\/\/naturheilpraxis-mutterer.de\/?page_id=1266","url":"https:\/\/naturheilpraxis-mutterer.de\/?page_id=1266","name":"PNF - Naturheil- und Physiotherapiepraxis Christel Mutterer","isPartOf":{"@id":"https:\/\/naturheilpraxis-mutterer.de\/#website"},"datePublished":"2017-05-17T19:30:50+00:00","dateModified":"2017-05-17T19:58:50+00:00","description":"PNF ist eine Technik zur Verbesserung der Interaktion zwischen dem Nervensystem, der Muskulatur und den Rezeptoren der Haut, Sehnen und Muskelspindeln.","breadcrumb":{"@id":"https:\/\/naturheilpraxis-mutterer.de\/?page_id=1266#breadcrumb"},"inLanguage":"de","potentialAction":[{"@type":"ReadAction","target":["https:\/\/naturheilpraxis-mutterer.de\/?page_id=1266"]}]},{"@type":"BreadcrumbList","@id":"https:\/\/naturheilpraxis-mutterer.de\/?page_id=1266#breadcrumb","itemListElement":[{"@type":"ListItem","position":1,"name":"Startseite","item":"https:\/\/naturheilpraxis-mutterer.de\/"},{"@type":"ListItem","position":2,"name":"Physiotherapie","item":"https:\/\/naturheilpraxis-mutterer.de\/?page_id=39"},{"@type":"ListItem","position":3,"name":"PNF"}]},{"@type":"WebSite","@id":"https:\/\/naturheilpraxis-mutterer.de\/#website","url":"https:\/\/naturheilpraxis-mutterer.de\/","name":"Naturheil- und Physiotherapiepraxis Christel Mutterer","description":"","publisher":{"@id":"https:\/\/naturheilpraxis-mutterer.de\/#organization"},"potentialAction":[{"@type":"SearchAction","target":{"@type":"EntryPoint","urlTemplate":"https:\/\/naturheilpraxis-mutterer.de\/?s={search_term_string}"},"query-input":{"@type":"PropertyValueSpecification","valueRequired":true,"valueName":"search_term_string"}}],"inLanguage":"de"},{"@type":"Organization","@id":"https:\/\/naturheilpraxis-mutterer.de\/#organization","name":"Naturheil- und Physiotherapiepraxis Christel Mutterer","url":"https:\/\/naturheilpraxis-mutterer.de\/","logo":{"@type":"ImageObject","inLanguage":"de","@id":"https:\/\/naturheilpraxis-mutterer.de\/#\/schema\/logo\/image\/","url":"https:\/\/naturheilpraxis-mutterer.de\/wp-content\/uploads\/2016\/03\/Praxis-Logo-512_512.png","contentUrl":"https:\/\/naturheilpraxis-mutterer.de\/wp-content\/uploads\/2016\/03\/Praxis-Logo-512_512.png","width":512,"height":512,"caption":"Naturheil- und Physiotherapiepraxis Christel Mutterer"},"image":{"@id":"https:\/\/naturheilpraxis-mutterer.de\/#\/schema\/logo\/image\/"}}]}},"_links":{"self":[{"href":"https:\/\/naturheilpraxis-mutterer.de\/index.php?rest_route=\/wp\/v2\/pages\/1266","targetHints":{"allow":["GET"]}}],"collection":[{"href":"https:\/\/naturheilpraxis-mutterer.de\/index.php?rest_route=\/wp\/v2\/pages"}],"about":[{"href":"https:\/\/naturheilpraxis-mutterer.de\/index.php?rest_route=\/wp\/v2\/types\/page"}],"author":[{"embeddable":true,"href":"https:\/\/naturheilpraxis-mutterer.de\/index.php?rest_route=\/wp\/v2\/users\/2"}],"replies":[{"embeddable":true,"href":"https:\/\/naturheilpraxis-mutterer.de\/index.php?rest_route=%2Fwp%2Fv2%2Fcomments&post=1266"}],"version-history":[{"count":0,"href":"https:\/\/naturheilpraxis-mutterer.de\/index.php?rest_route=\/wp\/v2\/pages\/1266\/revisions"}],"up":[{"embeddable":true,"href":"https:\/\/naturheilpraxis-mutterer.de\/index.php?rest_route=\/wp\/v2\/pages\/39"}],"wp:attachment":[{"href":"https:\/\/naturheilpraxis-mutterer.de\/index.php?rest_route=%2Fwp%2Fv2%2Fmedia&parent=1266"}],"curies":[{"name":"wp","href":"https:\/\/api.w.org\/{rel}","templated":true}]}}