{"id":1438,"date":"2017-10-29T22:25:06","date_gmt":"2017-10-29T21:25:06","guid":{"rendered":"http:\/\/naturheilpraxis-mutterer.de\/?page_id=1438"},"modified":"2017-11-30T15:52:29","modified_gmt":"2017-11-30T14:52:29","slug":"manuelle-therapie","status":"publish","type":"page","link":"https:\/\/naturheilpraxis-mutterer.de\/?page_id=1438","title":{"rendered":"Manuelle Therapie"},"content":{"rendered":"<div class=\"fusion-fullwidth fullwidth-box fusion-builder-row-1 nonhundred-percent-fullwidth non-hundred-percent-height-scrolling\" style=\"--awb-border-radius-top-left:0px;--awb-border-radius-top-right:0px;--awb-border-radius-bottom-right:0px;--awb-border-radius-bottom-left:0px;--awb-flex-wrap:wrap;\" ><div class=\"fusion-builder-row fusion-row\"><div class=\"fusion-layout-column fusion_builder_column fusion-builder-column-0 fusion_builder_column_1_1 1_1 fusion-one-full fusion-column-first fusion-column-last\" style=\"--awb-bg-size:cover;\"><div class=\"fusion-column-wrapper fusion-flex-column-wrapper-legacy\"><div class=\"fusion-title title fusion-title-1 fusion-sep-none fusion-title-text fusion-title-size-one\" style=\"--awb-margin-top-small:0px;--awb-margin-right-small:0px;--awb-margin-bottom-small:20px;--awb-margin-left-small:0px;\"><h1 class=\"fusion-title-heading title-heading-left fusion-responsive-typography-calculated\" style=\"margin:0;--fontSize:26;line-height:1.41;\">Manuelle Therapie<\/h1><\/div><div class=\"fusion-clearfix\"><\/div><\/div><\/div><div class=\"fusion-layout-column fusion_builder_column fusion-builder-column-1 fusion_builder_column_2_3 2_3 fusion-two-third fusion-column-first\" style=\"--awb-bg-size:cover;width:66.666666666667%;width:calc(66.666666666667% - ( ( 4% ) * 0.66666666666667 ) );margin-right: 4%;\"><div class=\"fusion-column-wrapper fusion-flex-column-wrapper-legacy\"><div class=\"fusion-text fusion-text-1\"><p>Die Manuelle Therapie ist eine auf die Funktion der Gelenke gerichtete Therapie, die auf einem gezielten Befund aufbaut. Das bedeutet, dass man zuerst im Detail diagnostiziert, wo und weshalb die Funktion der Gelenke behindert wird. Ein Gelenk kann blockiert sein, weil sich seine Gelenkfl\u00e4che verhakt, weil ein Muskel verk\u00fcrzt ist oder weil die Gelenkkapsel durch Ruhigstellung geschrumpft ist.<br \/>\nMit Hilfe von Massage und Dehnungen beseitigt man die entweder eine Blockierung verursachende oder eine Blockierung begleitende Muskelverspannung oder Verk\u00fcrzung. Durch die Entspannung der Muskulatur wird der einseitige Pressdruck auf das Wirbels\u00e4ulensegment oder das Gelenk beseitigt und dieses kann seine urspr\u00fcngliche Lage wieder einnehmen und damit auch seine Funktion wiederaufnehmen.<br \/>\nDieser Muskelhartspann oder auch Muskelverk\u00fcrzung entstehen oft infolge von einer inneren Organerkrankung (Headsche Zonen), psychosomatisch oder infolge von Fehlhaltungen, Fehlstatik oder Fehlbelastung.<br \/>\nIst eine Gelenkfl\u00e4che verhakt, benutzt man die Technik der Gelenkmobilisation, die mit bestimmten Griffen, nur mit kurzem Hebel, sehr schonend direkt auf das Gelenk einwirkt. Um das therapierte Gelenk wieder in die K\u00f6rperfunktion zu integrieren n\u00fctze ich Behandlungstechniken, die auf das Zusammenspiel von Nerv und Muskel wirken.<br \/>\nVerordnet wird die Manuelle Therapie auf Rezept.<\/p>\n<\/div><div class=\"fusion-clearfix\"><\/div><\/div><\/div><div class=\"fusion-layout-column fusion_builder_column fusion-builder-column-2 fusion_builder_column_1_3 1_3 fusion-one-third fusion-column-last\" style=\"--awb-bg-size:cover;width:33.333333333333%;width:calc(33.333333333333% - ( ( 4% ) * 0.33333333333333 ) );\"><div class=\"fusion-column-wrapper fusion-flex-column-wrapper-legacy\"><div class=\"fusion-image-element fusion-image-align-left in-legacy-container\" style=\"text-align:left;--awb-caption-title-font-family:var(--h2_typography-font-family);--awb-caption-title-font-weight:var(--h2_typography-font-weight);--awb-caption-title-font-style:var(--h2_typography-font-style);--awb-caption-title-size:var(--h2_typography-font-size);--awb-caption-title-transform:var(--h2_typography-text-transform);--awb-caption-title-line-height:var(--h2_typography-line-height);--awb-caption-title-letter-spacing:var(--h2_typography-letter-spacing);\"><span class=\" fusion-imageframe imageframe-none imageframe-1 hover-type-none\" style=\"margin-right:25px;float:left;\"><img decoding=\"async\" width=\"300\" height=\"176\" alt=\"Gelenkschmerzen\" title=\"Gelenkschmerzen\" src=\"http:\/\/naturheilpraxis-mutterer.de\/wp-content\/uploads\/Gelenkschmerzen-300x176.png\" class=\"img-responsive wp-image-1440\" srcset=\"https:\/\/naturheilpraxis-mutterer.de\/wp-content\/uploads\/Gelenkschmerzen-200x117.png 200w, https:\/\/naturheilpraxis-mutterer.de\/wp-content\/uploads\/Gelenkschmerzen-400x235.png 400w, https:\/\/naturheilpraxis-mutterer.de\/wp-content\/uploads\/Gelenkschmerzen.png 518w\" sizes=\"(max-width: 800px) 100vw, 400px\" \/><\/span><\/div><div class=\"fusion-clearfix\"><\/div><\/div><\/div><div class=\"fusion-layout-column fusion_builder_column fusion-builder-column-3 fusion_builder_column_1_3 1_3 fusion-one-third fusion-column-first\" style=\"--awb-bg-size:cover;width:33.333333333333%;width:calc(33.333333333333% - ( ( 4% ) * 0.33333333333333 ) );margin-right: 4%;\"><div class=\"fusion-column-wrapper fusion-flex-column-wrapper-legacy\"><div class=\"fusion-image-element fusion-image-align-right in-legacy-container\" style=\"text-align:right;--awb-caption-title-font-family:var(--h2_typography-font-family);--awb-caption-title-font-weight:var(--h2_typography-font-weight);--awb-caption-title-font-style:var(--h2_typography-font-style);--awb-caption-title-size:var(--h2_typography-font-size);--awb-caption-title-transform:var(--h2_typography-text-transform);--awb-caption-title-line-height:var(--h2_typography-line-height);--awb-caption-title-letter-spacing:var(--h2_typography-letter-spacing);\"><span class=\" fusion-imageframe imageframe-none imageframe-2 hover-type-none\" style=\"margin-left:25px;float:right;\"><img decoding=\"async\" width=\"300\" height=\"225\" alt=\"Osteopathie\" title=\"Osteopathie\" src=\"http:\/\/naturheilpraxis-mutterer.de\/wp-content\/uploads\/Osteopathie-300x225.png\" class=\"img-responsive wp-image-1441\" srcset=\"https:\/\/naturheilpraxis-mutterer.de\/wp-content\/uploads\/Osteopathie-200x150.png 200w, https:\/\/naturheilpraxis-mutterer.de\/wp-content\/uploads\/Osteopathie-400x301.png 400w, https:\/\/naturheilpraxis-mutterer.de\/wp-content\/uploads\/Osteopathie.png 503w\" sizes=\"(max-width: 800px) 100vw, 400px\" \/><\/span><\/div><div class=\"fusion-clearfix\"><\/div><\/div><\/div><div class=\"fusion-layout-column fusion_builder_column fusion-builder-column-4 fusion_builder_column_2_3 2_3 fusion-two-third fusion-column-last\" style=\"--awb-bg-size:cover;width:66.666666666667%;width:calc(66.666666666667% - ( ( 4% ) * 0.66666666666667 ) );\"><div class=\"fusion-column-wrapper fusion-flex-column-wrapper-legacy\"><div class=\"fusion-text fusion-text-2\"><p><strong>Ausbildung zur Manuellen Therapie<\/strong><br \/>\nUm die Techniken einwandfrei zu praktizieren, bedarf die Fortbildung in Manueller Medizin 310 Stunden mit anschlie\u00dfender Pr\u00fcfung. Gelehrt wird die genaue Kenntnis der Gelenkphysiologie und der funktionellen Anatomie und der Funktionsabl\u00e4ufe im menschlichen K\u00f6rper und die manuelle Befunderhebung.<\/p>\n<p><strong>Kombination mit anderen Therapien \\ Heilmethoden<\/strong><br \/>\nKombinieren kann man die Manuelle Therapie sehr gut mit einer W\u00e4rmebehandlung. Die vorher gut erw\u00e4rmte Muskulatur l\u00e4sst sich besser dehnen und der Stoffwechsel zur besseren Ern\u00e4hrung und auch Abtransport von Schlackstoffen im Bindegewebe und der Muskulatur ist schon angeregt.<br \/>\nIst das Gelenk gel\u00f6st kann man auch sehr gut mit Krankengymnastik und Kr\u00e4ftigungs\u00fcbungen das vorhandene muskul\u00e4re Ungleichgewicht wiederherstellen.<br \/>\nDer Schlingentisch l\u00e4sst eine entspannte Haltung des Patienten zu und manche manuellen Griffe lassen sich damit besser durchf\u00fchren (z.B. bei Blockaden in der Halswirbels\u00e4ule).<br \/>\nIst eine organische Ursache der Ausl\u00f6ser einer Blockade kann man mit Osteopathischen Techniken das Organ in die Funktion des K\u00f6rpers integrieren. Falls die Organst\u00f6rung jedoch zu weit fortgeschritten ist, ist es auch m\u00f6glich mit Neuraltherapie oder hom\u00f6opathischen Mitteln dessen Funktion zu unterst\u00fctzen. Diese M\u00f6glichkeiten sind aber Heilpraktiker Leistungen und fallen nicht in den Geb\u00fchrenrahmen der Krankenkassen und k\u00f6nnen separat bezahlt werden.<\/p>\n<\/div><div class=\"fusion-builder-row fusion-builder-row-inner fusion-row\"><div class=\"fusion-layout-column fusion_builder_column_inner fusion-builder-nested-column-0 fusion_builder_column_inner_1_1 1_1 fusion-one-full fusion-column-first fusion-column-last\" style=\"--awb-bg-size:cover;\"><div class=\"fusion-column-wrapper fusion-flex-column-wrapper-legacy\"><div class=\"fusion-text fusion-text-3\"><p style=\"text-align: left;\">Weiterf\u00fchrende Informationen zum Thema finden Sie hier:<\/p>\n<\/div><ul style=\"--awb-size:15px;--awb-iconcolor:#73af27;--awb-line-height:25.5px;--awb-icon-width:25.5px;--awb-icon-height:25.5px;--awb-icon-margin:10.5px;--awb-content-margin:36px;\" class=\"fusion-checklist fusion-checklist-1 fusion-checklist-default type-icons\"><li class=\"fusion-li-item\" style=\"\"><span class=\"icon-wrapper circle-no\"><i class=\"fusion-li-icon fa fa-external-link\" aria-hidden=\"true\"><\/i><\/span><div class=\"fusion-li-item-content\">\n<p><a href=\"http:\/\/naturheilpraxis-mutterer.de\/?page_id=936\">Schlingentisch\/Extension<\/a><\/p>\n<\/div><\/li><li class=\"fusion-li-item\" style=\"\"><span class=\"icon-wrapper circle-no\"><i class=\"fusion-li-icon fa fa-external-link\" aria-hidden=\"true\"><\/i><\/span><div class=\"fusion-li-item-content\">\n<p><a href=\"http:\/\/naturheilpraxis-mutterer.de\/?page_id=380\">Neuraltherapie<\/a><\/p>\n<\/div><\/li><\/ul><div class=\"fusion-testimonials classic awb-speech-bubble-show fusion-testimonials-1\" style=\"--awb-textcolor:#747474;--awb-backgroundcolor:#ededed;--awb-testimonial-border-style:solid;--awb-testimonial-border-color:var(--awb-color3);--awb-border-top-left-radius:0px;--awb-border-top-right-radius:0px;--awb-border-bottom-left-radius:0px;--awb-border-bottom-right-radius:0px;--testimonial-border-width-top:0px;--testimonial-border-width-right:0px;--testimonial-border-width-bottom:0px;--testimonial-border-width-left:0px;\" data-random=\"0\" data-speed=\"4000\"><div class=\"reviews\"><div class=\"review active-testimonial avatar-image\"><blockquote><div class=\"awb-quote\"><div class=\"awb-quote-content\">\n<h2 style=\"text-align: left;\"><em><strong>Wir beraten und therapieren Sie sehr gerne!<\/strong><\/em><\/h2>\n<\/div><\/div><span class=\"awb-triangle\"><\/span><\/blockquote><div class=\"author\"><span class=\"testimonial-thumbnail\"><img decoding=\"async\" class=\"testimonial-image\" src=\"http:\/\/naturheilpraxis-mutterer.de\/wp-content\/uploads\/2017\/03\/Christel-150x150.png\" style=\"--awb-border-radius:5px;\" \/><\/span><span class=\"company-name\"><strong>Christel Mutterer<\/strong><span>, <\/span><span>Heilpraktikerin und Physiotherapeutin<\/span><\/span><\/div><\/div><\/div><\/div><div class=\"fusion-sep-clear\"><\/div><div class=\"fusion-separator fusion-full-width-sep\" style=\"margin-left: auto;margin-right: auto;margin-top:5px;margin-bottom:5px;width:100%;\"><\/div><div class=\"fusion-sep-clear\"><\/div><div class=\"fusion-button-wrapper fusion-aligncenter\"><a class=\"fusion-button button-3d fusion-button-default-size button-default fusion-button-default button-1 fusion-button-span-no \" target=\"_self\" href=\"\/?page_id=1018\"><i class=\" fa fa-comments awb-button__icon awb-button__icon--default button-icon-left\" aria-hidden=\"true\"><\/i><span class=\"fusion-button-text awb-button__text awb-button__text--default\">Sprechen Sie uns an!<\/span><\/a><\/div><div class=\"fusion-sep-clear\"><\/div><div class=\"fusion-separator fusion-full-width-sep\" style=\"margin-left: auto;margin-right: auto;margin-top:10px;margin-bottom:20px;width:100%;\"><\/div><div class=\"fusion-sep-clear\"><\/div><div class=\"fusion-text fusion-text-4\"><p style=\"text-align: center;\"><span style=\"color: #999999;\"><em>Die vorgenannten Anwendungsgebiete stellen kein Heilversprechen oder die Garantie einer Linderung oder Verbesserung aufgef\u00fchrter Krankheitszust\u00e4nde oder Leiden dar.<\/em><\/span><\/p>\n<\/div><div class=\"fusion-clearfix\"><\/div><\/div><\/div><\/div><div class=\"fusion-clearfix\"><\/div><\/div><\/div><\/div><\/div>\n","protected":false},"excerpt":{"rendered":"","protected":false},"author":2,"featured_media":0,"parent":39,"menu_order":0,"comment_status":"closed","ping_status":"closed","template":"","meta":{"footnotes":""},"class_list":["post-1438","page","type-page","status-publish","hentry"],"yoast_head":"<!-- This site is optimized with the Yoast SEO plugin v27.5 - https:\/\/yoast.com\/product\/yoast-seo-wordpress\/ -->\n<title>Manuelle Therapie - Naturheil- und Physiotherapiepraxis Christel Mutterer<\/title>\n<meta name=\"description\" content=\"Ziel der Manuellen Therapie ist es die Wiederherstellung von gest\u00f6rten Gelenkfunktionen der Extremit\u00e4ten und der Wirbels\u00e4ule zu erzielen.\" \/>\n<meta name=\"robots\" content=\"index, follow, max-snippet:-1, max-image-preview:large, max-video-preview:-1\" \/>\n<link rel=\"canonical\" href=\"https:\/\/naturheilpraxis-mutterer.de\/?page_id=1438\" \/>\n<meta name=\"twitter:label1\" content=\"Gesch\u00e4tzte Lesezeit\" \/>\n\t<meta name=\"twitter:data1\" content=\"6\u00a0Minuten\" \/>\n<script type=\"application\/ld+json\" class=\"yoast-schema-graph\">{\"@context\":\"https:\\\/\\\/schema.org\",\"@graph\":[{\"@type\":\"WebPage\",\"@id\":\"https:\\\/\\\/naturheilpraxis-mutterer.de\\\/?page_id=1438\",\"url\":\"https:\\\/\\\/naturheilpraxis-mutterer.de\\\/?page_id=1438\",\"name\":\"Manuelle Therapie - Naturheil- und Physiotherapiepraxis Christel Mutterer\",\"isPartOf\":{\"@id\":\"https:\\\/\\\/naturheilpraxis-mutterer.de\\\/#website\"},\"datePublished\":\"2017-10-29T21:25:06+00:00\",\"dateModified\":\"2017-11-30T14:52:29+00:00\",\"description\":\"Ziel der Manuellen Therapie ist es die Wiederherstellung von gest\u00f6rten Gelenkfunktionen der Extremit\u00e4ten und der Wirbels\u00e4ule zu erzielen.\",\"breadcrumb\":{\"@id\":\"https:\\\/\\\/naturheilpraxis-mutterer.de\\\/?page_id=1438#breadcrumb\"},\"inLanguage\":\"de\",\"potentialAction\":[{\"@type\":\"ReadAction\",\"target\":[\"https:\\\/\\\/naturheilpraxis-mutterer.de\\\/?page_id=1438\"]}]},{\"@type\":\"BreadcrumbList\",\"@id\":\"https:\\\/\\\/naturheilpraxis-mutterer.de\\\/?page_id=1438#breadcrumb\",\"itemListElement\":[{\"@type\":\"ListItem\",\"position\":1,\"name\":\"Startseite\",\"item\":\"https:\\\/\\\/naturheilpraxis-mutterer.de\\\/\"},{\"@type\":\"ListItem\",\"position\":2,\"name\":\"Physiotherapie\",\"item\":\"https:\\\/\\\/naturheilpraxis-mutterer.de\\\/?page_id=39\"},{\"@type\":\"ListItem\",\"position\":3,\"name\":\"Manuelle Therapie\"}]},{\"@type\":\"WebSite\",\"@id\":\"https:\\\/\\\/naturheilpraxis-mutterer.de\\\/#website\",\"url\":\"https:\\\/\\\/naturheilpraxis-mutterer.de\\\/\",\"name\":\"Naturheil- und Physiotherapiepraxis Christel Mutterer\",\"description\":\"\",\"publisher\":{\"@id\":\"https:\\\/\\\/naturheilpraxis-mutterer.de\\\/#organization\"},\"potentialAction\":[{\"@type\":\"SearchAction\",\"target\":{\"@type\":\"EntryPoint\",\"urlTemplate\":\"https:\\\/\\\/naturheilpraxis-mutterer.de\\\/?s={search_term_string}\"},\"query-input\":{\"@type\":\"PropertyValueSpecification\",\"valueRequired\":true,\"valueName\":\"search_term_string\"}}],\"inLanguage\":\"de\"},{\"@type\":\"Organization\",\"@id\":\"https:\\\/\\\/naturheilpraxis-mutterer.de\\\/#organization\",\"name\":\"Naturheil- und Physiotherapiepraxis Christel Mutterer\",\"url\":\"https:\\\/\\\/naturheilpraxis-mutterer.de\\\/\",\"logo\":{\"@type\":\"ImageObject\",\"inLanguage\":\"de\",\"@id\":\"https:\\\/\\\/naturheilpraxis-mutterer.de\\\/#\\\/schema\\\/logo\\\/image\\\/\",\"url\":\"https:\\\/\\\/naturheilpraxis-mutterer.de\\\/wp-content\\\/uploads\\\/2016\\\/03\\\/Praxis-Logo-512_512.png\",\"contentUrl\":\"https:\\\/\\\/naturheilpraxis-mutterer.de\\\/wp-content\\\/uploads\\\/2016\\\/03\\\/Praxis-Logo-512_512.png\",\"width\":512,\"height\":512,\"caption\":\"Naturheil- und Physiotherapiepraxis Christel Mutterer\"},\"image\":{\"@id\":\"https:\\\/\\\/naturheilpraxis-mutterer.de\\\/#\\\/schema\\\/logo\\\/image\\\/\"}}]}<\/script>\n<!-- \/ Yoast SEO plugin. -->","yoast_head_json":{"title":"Manuelle Therapie - Naturheil- und Physiotherapiepraxis Christel Mutterer","description":"Ziel der Manuellen Therapie ist es die Wiederherstellung von gest\u00f6rten Gelenkfunktionen der Extremit\u00e4ten und der Wirbels\u00e4ule zu erzielen.","robots":{"index":"index","follow":"follow","max-snippet":"max-snippet:-1","max-image-preview":"max-image-preview:large","max-video-preview":"max-video-preview:-1"},"canonical":"https:\/\/naturheilpraxis-mutterer.de\/?page_id=1438","twitter_misc":{"Gesch\u00e4tzte Lesezeit":"6\u00a0Minuten"},"schema":{"@context":"https:\/\/schema.org","@graph":[{"@type":"WebPage","@id":"https:\/\/naturheilpraxis-mutterer.de\/?page_id=1438","url":"https:\/\/naturheilpraxis-mutterer.de\/?page_id=1438","name":"Manuelle Therapie - Naturheil- und Physiotherapiepraxis Christel Mutterer","isPartOf":{"@id":"https:\/\/naturheilpraxis-mutterer.de\/#website"},"datePublished":"2017-10-29T21:25:06+00:00","dateModified":"2017-11-30T14:52:29+00:00","description":"Ziel der Manuellen Therapie ist es die Wiederherstellung von gest\u00f6rten Gelenkfunktionen der Extremit\u00e4ten und der Wirbels\u00e4ule zu erzielen.","breadcrumb":{"@id":"https:\/\/naturheilpraxis-mutterer.de\/?page_id=1438#breadcrumb"},"inLanguage":"de","potentialAction":[{"@type":"ReadAction","target":["https:\/\/naturheilpraxis-mutterer.de\/?page_id=1438"]}]},{"@type":"BreadcrumbList","@id":"https:\/\/naturheilpraxis-mutterer.de\/?page_id=1438#breadcrumb","itemListElement":[{"@type":"ListItem","position":1,"name":"Startseite","item":"https:\/\/naturheilpraxis-mutterer.de\/"},{"@type":"ListItem","position":2,"name":"Physiotherapie","item":"https:\/\/naturheilpraxis-mutterer.de\/?page_id=39"},{"@type":"ListItem","position":3,"name":"Manuelle Therapie"}]},{"@type":"WebSite","@id":"https:\/\/naturheilpraxis-mutterer.de\/#website","url":"https:\/\/naturheilpraxis-mutterer.de\/","name":"Naturheil- und Physiotherapiepraxis Christel Mutterer","description":"","publisher":{"@id":"https:\/\/naturheilpraxis-mutterer.de\/#organization"},"potentialAction":[{"@type":"SearchAction","target":{"@type":"EntryPoint","urlTemplate":"https:\/\/naturheilpraxis-mutterer.de\/?s={search_term_string}"},"query-input":{"@type":"PropertyValueSpecification","valueRequired":true,"valueName":"search_term_string"}}],"inLanguage":"de"},{"@type":"Organization","@id":"https:\/\/naturheilpraxis-mutterer.de\/#organization","name":"Naturheil- und Physiotherapiepraxis Christel Mutterer","url":"https:\/\/naturheilpraxis-mutterer.de\/","logo":{"@type":"ImageObject","inLanguage":"de","@id":"https:\/\/naturheilpraxis-mutterer.de\/#\/schema\/logo\/image\/","url":"https:\/\/naturheilpraxis-mutterer.de\/wp-content\/uploads\/2016\/03\/Praxis-Logo-512_512.png","contentUrl":"https:\/\/naturheilpraxis-mutterer.de\/wp-content\/uploads\/2016\/03\/Praxis-Logo-512_512.png","width":512,"height":512,"caption":"Naturheil- und Physiotherapiepraxis Christel Mutterer"},"image":{"@id":"https:\/\/naturheilpraxis-mutterer.de\/#\/schema\/logo\/image\/"}}]}},"_links":{"self":[{"href":"https:\/\/naturheilpraxis-mutterer.de\/index.php?rest_route=\/wp\/v2\/pages\/1438","targetHints":{"allow":["GET"]}}],"collection":[{"href":"https:\/\/naturheilpraxis-mutterer.de\/index.php?rest_route=\/wp\/v2\/pages"}],"about":[{"href":"https:\/\/naturheilpraxis-mutterer.de\/index.php?rest_route=\/wp\/v2\/types\/page"}],"author":[{"embeddable":true,"href":"https:\/\/naturheilpraxis-mutterer.de\/index.php?rest_route=\/wp\/v2\/users\/2"}],"replies":[{"embeddable":true,"href":"https:\/\/naturheilpraxis-mutterer.de\/index.php?rest_route=%2Fwp%2Fv2%2Fcomments&post=1438"}],"version-history":[{"count":0,"href":"https:\/\/naturheilpraxis-mutterer.de\/index.php?rest_route=\/wp\/v2\/pages\/1438\/revisions"}],"up":[{"embeddable":true,"href":"https:\/\/naturheilpraxis-mutterer.de\/index.php?rest_route=\/wp\/v2\/pages\/39"}],"wp:attachment":[{"href":"https:\/\/naturheilpraxis-mutterer.de\/index.php?rest_route=%2Fwp%2Fv2%2Fmedia&parent=1438"}],"curies":[{"name":"wp","href":"https:\/\/api.w.org\/{rel}","templated":true}]}}