{"id":1482,"date":"2017-12-03T19:16:31","date_gmt":"2017-12-03T18:16:31","guid":{"rendered":"http:\/\/naturheilpraxis-mutterer.de\/?page_id=1482"},"modified":"2017-12-03T20:05:49","modified_gmt":"2017-12-03T19:05:49","slug":"rotlicht-anwendung","status":"publish","type":"page","link":"https:\/\/naturheilpraxis-mutterer.de\/?page_id=1482","title":{"rendered":"Rotlicht Anwendung"},"content":{"rendered":"<div class=\"fusion-fullwidth fullwidth-box fusion-builder-row-1 nonhundred-percent-fullwidth non-hundred-percent-height-scrolling\" style=\"--awb-border-radius-top-left:0px;--awb-border-radius-top-right:0px;--awb-border-radius-bottom-right:0px;--awb-border-radius-bottom-left:0px;--awb-flex-wrap:wrap;\" ><div class=\"fusion-builder-row fusion-row\"><div class=\"fusion-layout-column fusion_builder_column fusion-builder-column-0 fusion_builder_column_1_1 1_1 fusion-one-full fusion-column-first fusion-column-last\" style=\"--awb-bg-size:cover;\"><div class=\"fusion-column-wrapper fusion-flex-column-wrapper-legacy\"><div class=\"fusion-title title fusion-title-1 fusion-sep-none fusion-title-text fusion-title-size-one\" style=\"--awb-margin-top-small:0px;--awb-margin-right-small:0px;--awb-margin-bottom-small:20px;--awb-margin-left-small:0px;\"><h1 class=\"fusion-title-heading title-heading-left fusion-responsive-typography-calculated\" style=\"margin:0;--fontSize:26;line-height:1.41;\">Rotlicht Anwendung<\/h1><\/div><div class=\"fusion-clearfix\"><\/div><\/div><\/div><div class=\"fusion-layout-column fusion_builder_column fusion-builder-column-1 fusion_builder_column_1_3 1_3 fusion-one-third fusion-column-first\" style=\"--awb-bg-size:cover;width:33.333333333333%;width:calc(33.333333333333% - ( ( 4% ) * 0.33333333333333 ) );margin-right: 4%;\"><div class=\"fusion-column-wrapper fusion-flex-column-wrapper-legacy\"><div class=\"fusion-image-element fusion-image-align-center in-legacy-container\" style=\"text-align:center;--awb-caption-title-font-family:var(--h2_typography-font-family);--awb-caption-title-font-weight:var(--h2_typography-font-weight);--awb-caption-title-font-style:var(--h2_typography-font-style);--awb-caption-title-size:var(--h2_typography-font-size);--awb-caption-title-transform:var(--h2_typography-text-transform);--awb-caption-title-line-height:var(--h2_typography-line-height);--awb-caption-title-letter-spacing:var(--h2_typography-letter-spacing);\"><div class=\"imageframe-align-center\"><span class=\" fusion-imageframe imageframe-none imageframe-1 hover-type-none\"><img decoding=\"async\" width=\"300\" height=\"200\" alt=\"Rotlicht\" title=\"Rotlicht\" src=\"http:\/\/naturheilpraxis-mutterer.de\/wp-content\/uploads\/Rotlicht-300x200.jpg\" class=\"img-responsive wp-image-1483\" srcset=\"https:\/\/naturheilpraxis-mutterer.de\/wp-content\/uploads\/Rotlicht-200x133.jpg 200w, https:\/\/naturheilpraxis-mutterer.de\/wp-content\/uploads\/Rotlicht-400x267.jpg 400w, https:\/\/naturheilpraxis-mutterer.de\/wp-content\/uploads\/Rotlicht.jpg 424w\" sizes=\"(max-width: 800px) 100vw, 400px\" \/><\/span><\/div><\/div><div class=\"fusion-clearfix\"><\/div><\/div><\/div><div class=\"fusion-layout-column fusion_builder_column fusion-builder-column-2 fusion_builder_column_2_3 2_3 fusion-two-third fusion-column-last\" style=\"--awb-bg-size:cover;width:66.666666666667%;width:calc(66.666666666667% - ( ( 4% ) * 0.66666666666667 ) );\"><div class=\"fusion-column-wrapper fusion-flex-column-wrapper-legacy\"><div class=\"fusion-text fusion-text-1\"><p>Mittels eines fahrbaren Rotlichtstrahlers wird Strahlungsw\u00e4rme auf die Haut abgegeben. Die Wirkung von Infrarot-Strahlung\u202f(IR) beruht darauf, dass ihre Energie vom K\u00f6rper aufgenommen wird. Molek\u00fcle werden in Schwingung versetzt, das Ergebnis kennen wir von der nat\u00fcrlichen Infrarotstrahlung der Sonne: W\u00e4rme. Der Patient kann dabei liegen oder auch sitzen, je nach Befindlichkeit und Bequemlichkeit.<\/p>\n<p>Wann ist die Anwendung von Rotlicht sinnvoll?<\/p>\n<\/div><ul style=\"--awb-size:15px;--awb-line-height:25.5px;--awb-icon-width:25.5px;--awb-icon-height:25.5px;--awb-icon-margin:10.5px;--awb-content-margin:36px;--awb-circlecolor:#a0ce4e;--awb-circle-yes-font-size:13.2px;\" class=\"fusion-checklist fusion-checklist-1 fusion-checklist-default type-icons\"><li class=\"fusion-li-item\" style=\"\"><span class=\"icon-wrapper circle-yes\"><i class=\"fusion-li-icon fa fa-chevron-right\" aria-hidden=\"true\"><\/i><\/span><div class=\"fusion-li-item-content\">\n<p>Die Verringerung der Muskelspannung durch W\u00e4rme dient zur Vorbereitung f\u00fcr eine Massage<\/p>\n<\/div><\/li><li class=\"fusion-li-item\" style=\"\"><span class=\"icon-wrapper circle-yes\"><i class=\"fusion-li-icon fa fa-chevron-right\" aria-hidden=\"true\"><\/i><\/span><div class=\"fusion-li-item-content\">\n<p>Die Blutgef\u00e4\u00dfe werden durch die W\u00e4rme weitgestellt. Dadurch wird mehr Blut lokal transportiert. Die Haut und die Muskulatur werden besser durchblutet und haben einen h\u00f6heren Stoffwechsel und dadurch eine verbesserte Ern\u00e4hrung der Zellen<\/p>\n<\/div><\/li><li class=\"fusion-li-item\" style=\"\"><span class=\"icon-wrapper circle-yes\"><i class=\"fusion-li-icon fa fa-chevron-right\" aria-hidden=\"true\"><\/i><\/span><div class=\"fusion-li-item-content\">\n<p>Au\u00dferdem l\u00e4\u00dft sich das Bindegewebe besser Dehnen. Das f\u00fchrt zur Abnahme von Gelenksteifigkeiten<\/p>\n<\/div><\/li><li class=\"fusion-li-item\" style=\"\"><span class=\"icon-wrapper circle-yes\"><i class=\"fusion-li-icon fa fa-chevron-right\" aria-hidden=\"true\"><\/i><\/span><div class=\"fusion-li-item-content\">\n<p>Es kommt zu einer Beruhigung und tiefere Atmung<\/p>\n<\/div><\/li><\/ul><div class=\"fusion-clearfix\"><\/div><\/div><\/div><div class=\"fusion-layout-column fusion_builder_column fusion-builder-column-3 fusion_builder_column_2_3 2_3 fusion-two-third fusion-column-first\" style=\"--awb-bg-size:cover;width:66.666666666667%;width:calc(66.666666666667% - ( ( 4% ) * 0.66666666666667 ) );margin-right: 4%;\"><div class=\"fusion-column-wrapper fusion-flex-column-wrapper-legacy\"><div class=\"fusion-text fusion-text-2\"><p>Diese Wirkmechanismen haben Einfluss auf folgende Krankheitsbilder:<\/p>\n<\/div><ul style=\"--awb-size:15px;--awb-line-height:25.5px;--awb-icon-width:25.5px;--awb-icon-height:25.5px;--awb-icon-margin:10.5px;--awb-content-margin:36px;--awb-circlecolor:#a0ce4e;--awb-circle-yes-font-size:13.2px;\" class=\"fusion-checklist fusion-checklist-2 fusion-checklist-default type-icons\"><li class=\"fusion-li-item\" style=\"\"><span class=\"icon-wrapper circle-yes\"><i class=\"fusion-li-icon fa fa-chevron-right\" aria-hidden=\"true\"><\/i><\/span><div class=\"fusion-li-item-content\">\n<p>Arthrosen (Gelenkverschlei\u00df)<\/p>\n<\/div><\/li><li class=\"fusion-li-item\" style=\"\"><span class=\"icon-wrapper circle-yes\"><i class=\"fusion-li-icon fa fa-chevron-right\" aria-hidden=\"true\"><\/i><\/span><div class=\"fusion-li-item-content\">\n<p>Chronisch schmerzhafte Prozesse<\/p>\n<\/div><\/li><li class=\"fusion-li-item\" style=\"\"><span class=\"icon-wrapper circle-yes\"><i class=\"fusion-li-icon fa fa-chevron-right\" aria-hidden=\"true\"><\/i><\/span><div class=\"fusion-li-item-content\">\n<p>Lumbago \u2013 Hexenschuss, pl\u00f6tzliche intensive Schmerzen meist im Bereich der Lenden<\/p>\n<\/div><\/li><li class=\"fusion-li-item\" style=\"\"><span class=\"icon-wrapper circle-yes\"><i class=\"fusion-li-icon fa fa-chevron-right\" aria-hidden=\"true\"><\/i><\/span><div class=\"fusion-li-item-content\">\n<p>Muskelverk\u00fcrzungen<\/p>\n<\/div><\/li><li class=\"fusion-li-item\" style=\"\"><span class=\"icon-wrapper circle-yes\"><i class=\"fusion-li-icon fa fa-chevron-right\" aria-hidden=\"true\"><\/i><\/span><div class=\"fusion-li-item-content\">\n<p>Myogelosen\u202f\u2013 knotenartige oder wulstf\u00f6rmige, klar umschriebene Verh\u00e4rtungen in der Muskulatur (umgangssprachlich auch als Hartspann bezeichnet)<\/p>\n<\/div><\/li><li class=\"fusion-li-item\" style=\"\"><span class=\"icon-wrapper circle-yes\"><i class=\"fusion-li-icon fa fa-chevron-right\" aria-hidden=\"true\"><\/i><\/span><div class=\"fusion-li-item-content\">\n<p>Myalgie \u2013 diffuser oder lokalisierter Muskelschmerz<\/p>\n<\/div><\/li><li class=\"fusion-li-item\" style=\"\"><span class=\"icon-wrapper circle-yes\"><i class=\"fusion-li-icon fa fa-chevron-right\" aria-hidden=\"true\"><\/i><\/span><div class=\"fusion-li-item-content\">\n<p>Nach Operationen oder Verletzungen am Bewegungsapparat, wenn die erste Entz\u00fcndungsphase abgeklungen ist<\/p>\n<\/div><\/li><li class=\"fusion-li-item\" style=\"\"><span class=\"icon-wrapper circle-yes\"><i class=\"fusion-li-icon fa fa-chevron-right\" aria-hidden=\"true\"><\/i><\/span><div class=\"fusion-li-item-content\">\n<p>Reizzust\u00e4nde des Gastrointestinaltraktes (Magen-Darm-Trakt) oder des Urogenitaltraktes (Harn- und Geschlechtsorgane)<\/p>\n<\/div><\/li><li class=\"fusion-li-item\" style=\"\"><span class=\"icon-wrapper circle-yes\"><i class=\"fusion-li-icon fa fa-chevron-right\" aria-hidden=\"true\"><\/i><\/span><div class=\"fusion-li-item-content\">\n<p>Spondylose \u2013\u202fbei der Spondylose greift die Ver\u00e4nderung von vorgesch\u00e4digten Bandscheiben auf die umgebenden kn\u00f6chernen Anteile der Wirbels\u00e4ule \u00fcber und f\u00fchrt so vor allem zu Randanbauten und Spornbildung an den Wirbelk\u00f6rpern<\/p>\n<\/div><\/li><li class=\"fusion-li-item\" style=\"\"><span class=\"icon-wrapper circle-yes\"><i class=\"fusion-li-icon fa fa-chevron-right\" aria-hidden=\"true\"><\/i><\/span><div class=\"fusion-li-item-content\">\n<p>Spondylarthrose \u2013 degenerative\u202farthrotische\u202fVer\u00e4nderungen der Wirbels\u00e4ule und der kleinen Wirbelgelenke<\/p>\n<\/div><\/li><li class=\"fusion-li-item\" style=\"\"><span class=\"icon-wrapper circle-yes\"><i class=\"fusion-li-icon fa fa-chevron-right\" aria-hidden=\"true\"><\/i><\/span><div class=\"fusion-li-item-content\">\n<p>Tendopathie \u2013 entz\u00fcndliche Ver\u00e4nderungen der Sehnen oder Sehnenscheiden<\/p>\n<\/div><\/li><li class=\"fusion-li-item\" style=\"\"><span class=\"icon-wrapper circle-yes\"><i class=\"fusion-li-icon fa fa-chevron-right\" aria-hidden=\"true\"><\/i><\/span><div class=\"fusion-li-item-content\">\n<p>Wundheilung<\/p>\n<\/div><\/li><li class=\"fusion-li-item\" style=\"\"><span class=\"icon-wrapper circle-yes\"><i class=\"fusion-li-icon fa fa-chevron-right\" aria-hidden=\"true\"><\/i><\/span><div class=\"fusion-li-item-content\">\n<p>Fibromyalgie: Rheumatische Erkrankungen der Weichteile<\/p>\n<\/div><\/li><\/ul><div class=\"fusion-clearfix\"><\/div><\/div><\/div><div class=\"fusion-layout-column fusion_builder_column fusion-builder-column-4 fusion_builder_column_1_3 1_3 fusion-one-third fusion-column-last\" style=\"--awb-bg-size:cover;width:33.333333333333%;width:calc(33.333333333333% - ( ( 4% ) * 0.33333333333333 ) );\"><div class=\"fusion-column-wrapper fusion-flex-column-wrapper-legacy\"><div class=\"fusion-image-element fusion-image-align-center in-legacy-container\" style=\"text-align:center;--awb-caption-title-font-family:var(--h2_typography-font-family);--awb-caption-title-font-weight:var(--h2_typography-font-weight);--awb-caption-title-font-style:var(--h2_typography-font-style);--awb-caption-title-size:var(--h2_typography-font-size);--awb-caption-title-transform:var(--h2_typography-text-transform);--awb-caption-title-line-height:var(--h2_typography-line-height);--awb-caption-title-letter-spacing:var(--h2_typography-letter-spacing);\"><div class=\"imageframe-align-center\"><span class=\" fusion-imageframe imageframe-none imageframe-2 hover-type-none\"><img decoding=\"async\" width=\"300\" height=\"200\" alt=\"Rotlicht\" title=\"Rotlicht\" src=\"http:\/\/naturheilpraxis-mutterer.de\/wp-content\/uploads\/2015\/10\/Fotolia_51145212_XS-300x200.jpg\" class=\"img-responsive wp-image-832\" srcset=\"https:\/\/naturheilpraxis-mutterer.de\/wp-content\/uploads\/2015\/10\/Fotolia_51145212_XS-200x133.jpg 200w, https:\/\/naturheilpraxis-mutterer.de\/wp-content\/uploads\/2015\/10\/Fotolia_51145212_XS-400x267.jpg 400w, https:\/\/naturheilpraxis-mutterer.de\/wp-content\/uploads\/2015\/10\/Fotolia_51145212_XS.jpg 424w\" sizes=\"(max-width: 800px) 100vw, 400px\" \/><\/span><\/div><\/div><div class=\"fusion-clearfix\"><\/div><\/div><\/div><div class=\"fusion-layout-column fusion_builder_column fusion-builder-column-5 fusion_builder_column_1_1 1_1 fusion-one-full fusion-column-first fusion-column-last\" style=\"--awb-bg-size:cover;\"><div class=\"fusion-column-wrapper fusion-flex-column-wrapper-legacy\"><div class=\"fusion-text fusion-text-3\"><p>Bei akuten Entz\u00fcndungen darf keine W\u00e4rme angewandt werden!<br \/>\nKombinieren kann man die W\u00e4rmeanwendung gut mit Krankengymnastik und Manueller Therapie.<\/p>\n<\/div><div class=\"fusion-builder-row fusion-builder-row-inner fusion-row\"><div class=\"fusion-layout-column fusion_builder_column_inner fusion-builder-nested-column-0 fusion_builder_column_inner_1_1 1_1 fusion-one-full fusion-column-first fusion-column-last\" style=\"--awb-bg-size:cover;\"><div class=\"fusion-column-wrapper fusion-flex-column-wrapper-legacy\"><div class=\"fusion-text fusion-text-4\"><p style=\"text-align: left;\">Weiterf\u00fchrende Informationen zum Thema finden Sie hier:<\/p>\n<\/div><ul style=\"--awb-size:15px;--awb-iconcolor:#73af27;--awb-line-height:25.5px;--awb-icon-width:25.5px;--awb-icon-height:25.5px;--awb-icon-margin:10.5px;--awb-content-margin:36px;\" class=\"fusion-checklist fusion-checklist-3 fusion-checklist-default type-icons\"><li class=\"fusion-li-item\" style=\"\"><span class=\"icon-wrapper circle-no\"><i class=\"fusion-li-icon fa fa-external-link\" aria-hidden=\"true\"><\/i><\/span><div class=\"fusion-li-item-content\">\n<p><a href=\"http:\/\/naturheilpraxis-mutterer.de\/?page_id=860\">Krankengymnastik<\/a><\/p>\n<\/div><\/li><li class=\"fusion-li-item\" style=\"\"><span class=\"icon-wrapper circle-no\"><i class=\"fusion-li-icon fa fa-external-link\" aria-hidden=\"true\"><\/i><\/span><div class=\"fusion-li-item-content\">\n<p><a href=\"http:\/\/naturheilpraxis-mutterer.de\/?page_id=1438\">Manuelle Therapie<\/a><\/p>\n<\/div><\/li><\/ul><div class=\"fusion-testimonials classic awb-speech-bubble-show fusion-testimonials-1\" style=\"--awb-textcolor:#747474;--awb-backgroundcolor:#ededed;--awb-testimonial-border-style:solid;--awb-testimonial-border-color:var(--awb-color3);--awb-border-top-left-radius:0px;--awb-border-top-right-radius:0px;--awb-border-bottom-left-radius:0px;--awb-border-bottom-right-radius:0px;--testimonial-border-width-top:0px;--testimonial-border-width-right:0px;--testimonial-border-width-bottom:0px;--testimonial-border-width-left:0px;\" data-random=\"0\" data-speed=\"4000\"><div class=\"reviews\"><div class=\"review active-testimonial avatar-image\"><blockquote><div class=\"awb-quote\"><div class=\"awb-quote-content\">\n<h2 style=\"text-align: left;\"><em><strong>Wir beraten und therapieren Sie sehr gerne!<\/strong><\/em><\/h2>\n<\/div><\/div><span class=\"awb-triangle\"><\/span><\/blockquote><div class=\"author\"><span class=\"testimonial-thumbnail\"><img decoding=\"async\" class=\"testimonial-image\" src=\"http:\/\/naturheilpraxis-mutterer.de\/wp-content\/uploads\/2017\/03\/Christel-150x150.png\" style=\"--awb-border-radius:5px;\" \/><\/span><span class=\"company-name\"><strong>Christel Mutterer<\/strong><span>, <\/span><span>Heilpraktikerin und Physiotherapeutin<\/span><\/span><\/div><\/div><\/div><\/div><div class=\"fusion-sep-clear\"><\/div><div class=\"fusion-separator fusion-full-width-sep\" style=\"margin-left: auto;margin-right: auto;margin-top:5px;margin-bottom:5px;width:100%;\"><\/div><div class=\"fusion-sep-clear\"><\/div><div class=\"fusion-button-wrapper fusion-aligncenter\"><a class=\"fusion-button button-3d fusion-button-default-size button-default fusion-button-default button-1 fusion-button-span-no \" target=\"_self\" href=\"\/?page_id=1018\"><i class=\" fa fa-comments awb-button__icon awb-button__icon--default button-icon-left\" aria-hidden=\"true\"><\/i><span class=\"fusion-button-text awb-button__text awb-button__text--default\">Sprechen Sie uns an!<\/span><\/a><\/div><div class=\"fusion-sep-clear\"><\/div><div class=\"fusion-separator fusion-full-width-sep\" style=\"margin-left: auto;margin-right: auto;margin-top:10px;margin-bottom:20px;width:100%;\"><\/div><div class=\"fusion-sep-clear\"><\/div><div class=\"fusion-text fusion-text-5\"><p style=\"text-align: center;\"><span style=\"color: #999999;\"><em>Die vorgenannten Anwendungsgebiete stellen kein Heilversprechen oder die Garantie einer Linderung oder Verbesserung aufgef\u00fchrter Krankheitszust\u00e4nde oder Leiden dar.<\/em><\/span><\/p>\n<\/div><div class=\"fusion-clearfix\"><\/div><\/div><\/div><\/div><div class=\"fusion-clearfix\"><\/div><\/div><\/div><\/div><\/div>\n","protected":false},"excerpt":{"rendered":"","protected":false},"author":2,"featured_media":0,"parent":39,"menu_order":0,"comment_status":"closed","ping_status":"closed","template":"","meta":{"footnotes":""},"class_list":["post-1482","page","type-page","status-publish","hentry"],"yoast_head":"<!-- This site is optimized with the Yoast SEO plugin v27.5 - https:\/\/yoast.com\/product\/yoast-seo-wordpress\/ -->\n<title>Rotlicht Anwendung - Naturheil- und Physiotherapiepraxis Christel Mutterer<\/title>\n<meta name=\"description\" content=\"Die Haut und die Muskulatur werden durch Rotlicht besser durchblutet und haben einen h\u00f6heren Stoffwechsel und dadurch eine verbesserte Ern\u00e4hrung der Zellen.\" \/>\n<meta name=\"robots\" content=\"index, follow, max-snippet:-1, max-image-preview:large, max-video-preview:-1\" \/>\n<link rel=\"canonical\" href=\"https:\/\/naturheilpraxis-mutterer.de\/?page_id=1482\" \/>\n<meta name=\"twitter:label1\" content=\"Gesch\u00e4tzte Lesezeit\" \/>\n\t<meta name=\"twitter:data1\" content=\"7\u00a0Minuten\" \/>\n<script type=\"application\/ld+json\" class=\"yoast-schema-graph\">{\"@context\":\"https:\\\/\\\/schema.org\",\"@graph\":[{\"@type\":\"WebPage\",\"@id\":\"https:\\\/\\\/naturheilpraxis-mutterer.de\\\/?page_id=1482\",\"url\":\"https:\\\/\\\/naturheilpraxis-mutterer.de\\\/?page_id=1482\",\"name\":\"Rotlicht Anwendung - Naturheil- und Physiotherapiepraxis Christel Mutterer\",\"isPartOf\":{\"@id\":\"https:\\\/\\\/naturheilpraxis-mutterer.de\\\/#website\"},\"datePublished\":\"2017-12-03T18:16:31+00:00\",\"dateModified\":\"2017-12-03T19:05:49+00:00\",\"description\":\"Die Haut und die Muskulatur werden durch Rotlicht besser durchblutet und haben einen h\u00f6heren Stoffwechsel und dadurch eine verbesserte Ern\u00e4hrung der Zellen.\",\"breadcrumb\":{\"@id\":\"https:\\\/\\\/naturheilpraxis-mutterer.de\\\/?page_id=1482#breadcrumb\"},\"inLanguage\":\"de\",\"potentialAction\":[{\"@type\":\"ReadAction\",\"target\":[\"https:\\\/\\\/naturheilpraxis-mutterer.de\\\/?page_id=1482\"]}]},{\"@type\":\"BreadcrumbList\",\"@id\":\"https:\\\/\\\/naturheilpraxis-mutterer.de\\\/?page_id=1482#breadcrumb\",\"itemListElement\":[{\"@type\":\"ListItem\",\"position\":1,\"name\":\"Startseite\",\"item\":\"https:\\\/\\\/naturheilpraxis-mutterer.de\\\/\"},{\"@type\":\"ListItem\",\"position\":2,\"name\":\"Physiotherapie\",\"item\":\"https:\\\/\\\/naturheilpraxis-mutterer.de\\\/?page_id=39\"},{\"@type\":\"ListItem\",\"position\":3,\"name\":\"Rotlicht Anwendung\"}]},{\"@type\":\"WebSite\",\"@id\":\"https:\\\/\\\/naturheilpraxis-mutterer.de\\\/#website\",\"url\":\"https:\\\/\\\/naturheilpraxis-mutterer.de\\\/\",\"name\":\"Naturheil- und Physiotherapiepraxis Christel Mutterer\",\"description\":\"\",\"publisher\":{\"@id\":\"https:\\\/\\\/naturheilpraxis-mutterer.de\\\/#organization\"},\"potentialAction\":[{\"@type\":\"SearchAction\",\"target\":{\"@type\":\"EntryPoint\",\"urlTemplate\":\"https:\\\/\\\/naturheilpraxis-mutterer.de\\\/?s={search_term_string}\"},\"query-input\":{\"@type\":\"PropertyValueSpecification\",\"valueRequired\":true,\"valueName\":\"search_term_string\"}}],\"inLanguage\":\"de\"},{\"@type\":\"Organization\",\"@id\":\"https:\\\/\\\/naturheilpraxis-mutterer.de\\\/#organization\",\"name\":\"Naturheil- und Physiotherapiepraxis Christel Mutterer\",\"url\":\"https:\\\/\\\/naturheilpraxis-mutterer.de\\\/\",\"logo\":{\"@type\":\"ImageObject\",\"inLanguage\":\"de\",\"@id\":\"https:\\\/\\\/naturheilpraxis-mutterer.de\\\/#\\\/schema\\\/logo\\\/image\\\/\",\"url\":\"https:\\\/\\\/naturheilpraxis-mutterer.de\\\/wp-content\\\/uploads\\\/2016\\\/03\\\/Praxis-Logo-512_512.png\",\"contentUrl\":\"https:\\\/\\\/naturheilpraxis-mutterer.de\\\/wp-content\\\/uploads\\\/2016\\\/03\\\/Praxis-Logo-512_512.png\",\"width\":512,\"height\":512,\"caption\":\"Naturheil- und Physiotherapiepraxis Christel Mutterer\"},\"image\":{\"@id\":\"https:\\\/\\\/naturheilpraxis-mutterer.de\\\/#\\\/schema\\\/logo\\\/image\\\/\"}}]}<\/script>\n<!-- \/ Yoast SEO plugin. -->","yoast_head_json":{"title":"Rotlicht Anwendung - Naturheil- und Physiotherapiepraxis Christel Mutterer","description":"Die Haut und die Muskulatur werden durch Rotlicht besser durchblutet und haben einen h\u00f6heren Stoffwechsel und dadurch eine verbesserte Ern\u00e4hrung der Zellen.","robots":{"index":"index","follow":"follow","max-snippet":"max-snippet:-1","max-image-preview":"max-image-preview:large","max-video-preview":"max-video-preview:-1"},"canonical":"https:\/\/naturheilpraxis-mutterer.de\/?page_id=1482","twitter_misc":{"Gesch\u00e4tzte Lesezeit":"7\u00a0Minuten"},"schema":{"@context":"https:\/\/schema.org","@graph":[{"@type":"WebPage","@id":"https:\/\/naturheilpraxis-mutterer.de\/?page_id=1482","url":"https:\/\/naturheilpraxis-mutterer.de\/?page_id=1482","name":"Rotlicht Anwendung - Naturheil- und Physiotherapiepraxis Christel Mutterer","isPartOf":{"@id":"https:\/\/naturheilpraxis-mutterer.de\/#website"},"datePublished":"2017-12-03T18:16:31+00:00","dateModified":"2017-12-03T19:05:49+00:00","description":"Die Haut und die Muskulatur werden durch Rotlicht besser durchblutet und haben einen h\u00f6heren Stoffwechsel und dadurch eine verbesserte Ern\u00e4hrung der Zellen.","breadcrumb":{"@id":"https:\/\/naturheilpraxis-mutterer.de\/?page_id=1482#breadcrumb"},"inLanguage":"de","potentialAction":[{"@type":"ReadAction","target":["https:\/\/naturheilpraxis-mutterer.de\/?page_id=1482"]}]},{"@type":"BreadcrumbList","@id":"https:\/\/naturheilpraxis-mutterer.de\/?page_id=1482#breadcrumb","itemListElement":[{"@type":"ListItem","position":1,"name":"Startseite","item":"https:\/\/naturheilpraxis-mutterer.de\/"},{"@type":"ListItem","position":2,"name":"Physiotherapie","item":"https:\/\/naturheilpraxis-mutterer.de\/?page_id=39"},{"@type":"ListItem","position":3,"name":"Rotlicht Anwendung"}]},{"@type":"WebSite","@id":"https:\/\/naturheilpraxis-mutterer.de\/#website","url":"https:\/\/naturheilpraxis-mutterer.de\/","name":"Naturheil- und Physiotherapiepraxis Christel Mutterer","description":"","publisher":{"@id":"https:\/\/naturheilpraxis-mutterer.de\/#organization"},"potentialAction":[{"@type":"SearchAction","target":{"@type":"EntryPoint","urlTemplate":"https:\/\/naturheilpraxis-mutterer.de\/?s={search_term_string}"},"query-input":{"@type":"PropertyValueSpecification","valueRequired":true,"valueName":"search_term_string"}}],"inLanguage":"de"},{"@type":"Organization","@id":"https:\/\/naturheilpraxis-mutterer.de\/#organization","name":"Naturheil- und Physiotherapiepraxis Christel Mutterer","url":"https:\/\/naturheilpraxis-mutterer.de\/","logo":{"@type":"ImageObject","inLanguage":"de","@id":"https:\/\/naturheilpraxis-mutterer.de\/#\/schema\/logo\/image\/","url":"https:\/\/naturheilpraxis-mutterer.de\/wp-content\/uploads\/2016\/03\/Praxis-Logo-512_512.png","contentUrl":"https:\/\/naturheilpraxis-mutterer.de\/wp-content\/uploads\/2016\/03\/Praxis-Logo-512_512.png","width":512,"height":512,"caption":"Naturheil- und Physiotherapiepraxis Christel Mutterer"},"image":{"@id":"https:\/\/naturheilpraxis-mutterer.de\/#\/schema\/logo\/image\/"}}]}},"_links":{"self":[{"href":"https:\/\/naturheilpraxis-mutterer.de\/index.php?rest_route=\/wp\/v2\/pages\/1482","targetHints":{"allow":["GET"]}}],"collection":[{"href":"https:\/\/naturheilpraxis-mutterer.de\/index.php?rest_route=\/wp\/v2\/pages"}],"about":[{"href":"https:\/\/naturheilpraxis-mutterer.de\/index.php?rest_route=\/wp\/v2\/types\/page"}],"author":[{"embeddable":true,"href":"https:\/\/naturheilpraxis-mutterer.de\/index.php?rest_route=\/wp\/v2\/users\/2"}],"replies":[{"embeddable":true,"href":"https:\/\/naturheilpraxis-mutterer.de\/index.php?rest_route=%2Fwp%2Fv2%2Fcomments&post=1482"}],"version-history":[{"count":0,"href":"https:\/\/naturheilpraxis-mutterer.de\/index.php?rest_route=\/wp\/v2\/pages\/1482\/revisions"}],"up":[{"embeddable":true,"href":"https:\/\/naturheilpraxis-mutterer.de\/index.php?rest_route=\/wp\/v2\/pages\/39"}],"wp:attachment":[{"href":"https:\/\/naturheilpraxis-mutterer.de\/index.php?rest_route=%2Fwp%2Fv2%2Fmedia&parent=1482"}],"curies":[{"name":"wp","href":"https:\/\/api.w.org\/{rel}","templated":true}]}}