{"id":1586,"date":"2018-02-06T12:32:45","date_gmt":"2018-02-06T11:32:45","guid":{"rendered":"http:\/\/naturheilpraxis-mutterer.de\/?page_id=1586"},"modified":"2018-03-06T21:07:54","modified_gmt":"2018-03-06T20:07:54","slug":"saeure-basenhaushalt","status":"publish","type":"page","link":"https:\/\/naturheilpraxis-mutterer.de\/?page_id=1586","title":{"rendered":"S\u00e4ure-, Basenhaushalt"},"content":{"rendered":"<div class=\"fusion-fullwidth fullwidth-box fusion-builder-row-1 nonhundred-percent-fullwidth non-hundred-percent-height-scrolling\" style=\"--awb-border-radius-top-left:0px;--awb-border-radius-top-right:0px;--awb-border-radius-bottom-right:0px;--awb-border-radius-bottom-left:0px;--awb-flex-wrap:wrap;\" ><div class=\"fusion-builder-row fusion-row\"><div class=\"fusion-layout-column fusion_builder_column fusion-builder-column-0 fusion_builder_column_1_1 1_1 fusion-one-full fusion-column-first fusion-column-last\" style=\"--awb-bg-size:cover;\"><div class=\"fusion-column-wrapper fusion-flex-column-wrapper-legacy\"><div class=\"fusion-title title fusion-title-1 fusion-sep-none fusion-title-text fusion-title-size-one\" style=\"--awb-margin-top-small:0px;--awb-margin-right-small:0px;--awb-margin-bottom-small:20px;--awb-margin-left-small:0px;\"><h1 class=\"fusion-title-heading title-heading-left fusion-responsive-typography-calculated\" style=\"margin:0;--fontSize:26;line-height:1.41;\">S\u00e4ure-, Basenhaushalt<\/h1><\/div><div class=\"fusion-text fusion-text-1\"><p>Es werden h\u00e4ufig Aussagen getroffen wie <em>\u201eIch glaube ich bin \u00fcbers\u00e4uert\u2026\u201c<\/em>.<br \/>\nDie Symptome sind eher allgemein: saures Aufsto\u00dfen, ein schlechtes Allgemeinbefinden und schmerzhafte Gelenke.<br \/>\nDoch stimmt das dann wirklich?<\/p>\n<p>Es kommt darauf an, dass im jeden Bereich des K\u00f6rpers der richtige pH-Wert herrscht.<br \/>\nSo ist es lebenswichtig, dass das Blut auf einem pH-Wert von 7,35-7,45 gehalten wird,<br \/>\nwohingegen das meiste K\u00f6rpergewebe einen leicht basischen pH-Wert hat.<br \/>\nIm Urin schwankt der pH-Wert von 4,8-7,9. Der Magensaft hat einen pH-Wert zwischen 1,7-3,5.<\/p>\n<\/div><div class=\"fusion-image-element fusion-image-align-center in-legacy-container\" style=\"text-align:center;--awb-caption-title-font-family:var(--h2_typography-font-family);--awb-caption-title-font-weight:var(--h2_typography-font-weight);--awb-caption-title-font-style:var(--h2_typography-font-style);--awb-caption-title-size:var(--h2_typography-font-size);--awb-caption-title-transform:var(--h2_typography-text-transform);--awb-caption-title-line-height:var(--h2_typography-line-height);--awb-caption-title-letter-spacing:var(--h2_typography-letter-spacing);\"><div class=\"imageframe-align-center\"><span class=\" fusion-imageframe imageframe-none imageframe-1 hover-type-none\"><img decoding=\"async\" width=\"639\" height=\"188\" alt=\"pH-Werte Skala mit Konzentrationen\" title=\"pH-Werte Skala mit Konzentrationen\" src=\"http:\/\/naturheilpraxis-mutterer.de\/wp-content\/uploads\/Fotolia_95882375_XS.jpg\" class=\"img-responsive wp-image-1588\" srcset=\"https:\/\/naturheilpraxis-mutterer.de\/wp-content\/uploads\/Fotolia_95882375_XS-200x59.jpg 200w, https:\/\/naturheilpraxis-mutterer.de\/wp-content\/uploads\/Fotolia_95882375_XS-400x118.jpg 400w, https:\/\/naturheilpraxis-mutterer.de\/wp-content\/uploads\/Fotolia_95882375_XS-600x177.jpg 600w, https:\/\/naturheilpraxis-mutterer.de\/wp-content\/uploads\/Fotolia_95882375_XS.jpg 639w\" sizes=\"(max-width: 800px) 100vw, 639px\" \/><\/span><\/div><\/div><div class=\"fusion-text fusion-text-2\"><p>Ausscheiden kann der K\u00f6rper S\u00e4uren \u00fcber die Lunge in Form von Kohlendioxid und<br \/>\ndeshalb ist Sport u.a. auch f\u00fcr den S\u00e4ure-Basen-Haushalt so wichtig.<br \/>\nDaneben sind vorrangig die Leber und nat\u00fcrlich auch die Nieren an der Ausscheidung von S\u00e4uren \u00fcber den Urin beteiligt.<br \/>\nS\u00e4uren verbraucht der Organismus bei der Herstellung von Bauchspeicheldr\u00fcsensaft und Magenschleim aus Bicarbonat.<\/p>\n<\/div><div class=\"fusion-clearfix\"><\/div><\/div><\/div><div class=\"fusion-layout-column fusion_builder_column fusion-builder-column-1 fusion_builder_column_1_2 1_2 fusion-one-half fusion-column-first\" style=\"--awb-bg-size:cover;width:50%;width:calc(50% - ( ( 4% ) * 0.5 ) );margin-right: 4%;\"><div class=\"fusion-column-wrapper fusion-flex-column-wrapper-legacy\"><div class=\"fusion-image-element fusion-image-align-center in-legacy-container\" style=\"text-align:center;--awb-caption-title-font-family:var(--h2_typography-font-family);--awb-caption-title-font-weight:var(--h2_typography-font-weight);--awb-caption-title-font-style:var(--h2_typography-font-style);--awb-caption-title-size:var(--h2_typography-font-size);--awb-caption-title-transform:var(--h2_typography-text-transform);--awb-caption-title-line-height:var(--h2_typography-line-height);--awb-caption-title-letter-spacing:var(--h2_typography-letter-spacing);\"><div class=\"imageframe-align-center\"><span class=\" fusion-imageframe imageframe-none imageframe-2 hover-type-none\"><img decoding=\"async\" width=\"502\" height=\"379\" title=\"pH-Indikator\" src=\"http:\/\/naturheilpraxis-mutterer.de\/wp-content\/uploads\/pH-Indikator.jpg\" alt class=\"img-responsive wp-image-1597\" srcset=\"https:\/\/naturheilpraxis-mutterer.de\/wp-content\/uploads\/pH-Indikator-200x151.jpg 200w, https:\/\/naturheilpraxis-mutterer.de\/wp-content\/uploads\/pH-Indikator-400x302.jpg 400w, https:\/\/naturheilpraxis-mutterer.de\/wp-content\/uploads\/pH-Indikator.jpg 502w\" sizes=\"(max-width: 800px) 100vw, 502px\" \/><\/span><\/div><\/div><div class=\"fusion-clearfix\"><\/div><\/div><\/div><div class=\"fusion-layout-column fusion_builder_column fusion-builder-column-2 fusion_builder_column_1_2 1_2 fusion-one-half fusion-column-last\" style=\"--awb-padding-top:0px;--awb-padding-right:0px;--awb-padding-bottom:0px;--awb-padding-left:0px;--awb-bg-size:cover;--awb-margin-bottom:0px;width:50%;width:calc(50% - ( ( 4% ) * 0.5 ) );\"><div class=\"fusion-column-wrapper fusion-flex-column-wrapper-legacy\"><div class=\"fusion-text fusion-text-3\"><h2>Diese Ursachen f\u00fchren zu einer \u00dcbers\u00e4uerung des K\u00f6rpers:<\/h2>\n<\/div><ul style=\"--awb-size:15px;--awb-line-height:25.5px;--awb-icon-width:25.5px;--awb-icon-height:25.5px;--awb-icon-margin:10.5px;--awb-content-margin:36px;--awb-circlecolor:#a0ce4e;--awb-circle-yes-font-size:13.2px;\" class=\"fusion-checklist fusion-checklist-1 fusion-checklist-default type-icons\"><li class=\"fusion-li-item\" style=\"\"><span class=\"icon-wrapper circle-yes\"><i class=\"fusion-li-icon fa fa-chevron-right\" aria-hidden=\"true\"><\/i><\/span><div class=\"fusion-li-item-content\">\n<p>ein bequemer Lebensstil<\/p>\n<\/div><\/li><li class=\"fusion-li-item\" style=\"\"><span class=\"icon-wrapper circle-yes\"><i class=\"fusion-li-icon fa fa-chevron-right\" aria-hidden=\"true\"><\/i><\/span><div class=\"fusion-li-item-content\">\n<p>Leber- und Nierensch\u00e4den<\/p>\n<\/div><\/li><li class=\"fusion-li-item\" style=\"\"><span class=\"icon-wrapper circle-yes\"><i class=\"fusion-li-icon fa fa-chevron-right\" aria-hidden=\"true\"><\/i><\/span><div class=\"fusion-li-item-content\">\n<p>zu viel Zucker, Kaffee, Alkohol, Fleisch (Schwein)<\/p>\n<\/div><\/li><li class=\"fusion-li-item\" style=\"\"><span class=\"icon-wrapper circle-yes\"><i class=\"fusion-li-icon fa fa-chevron-right\" aria-hidden=\"true\"><\/i><\/span><div class=\"fusion-li-item-content\">\n<p>Medikamente z.B. Magens\u00e4ureblocker<\/p>\n<\/div><\/li><\/ul><div class=\"fusion-clearfix\"><\/div><\/div><\/div><div class=\"fusion-layout-column fusion_builder_column fusion-builder-column-3 fusion_builder_column_1_1 1_1 fusion-one-full fusion-column-first fusion-column-last\" style=\"--awb-bg-size:cover;\"><div class=\"fusion-column-wrapper fusion-flex-column-wrapper-legacy\"><div class=\"fusion-text fusion-text-4\"><h2>Die Folgen einer \u00dcbers\u00e4uerung<\/h2>\n<p>Das Bindegewebe (der Raum zwischen den Organen) verschlackt, weil der K\u00f6rper seine S\u00e4uren nicht wegtransportieren kann. Ist das Gewebe zwischen den Zellen v\u00f6llig \u201everm\u00fcllt\u201c, dann gelangen auch S\u00e4uren zur\u00fcck in die Zellen. Beim Gewebe an der K\u00f6rperoberfl\u00e4che sp\u00fcrt man teigige und schmerzhafte Aufquellungen, die sogenannten Gelosen. Nat\u00fcrlich k\u00f6nnen diese auch in den tieferen Schichten zu finden sein. Stoffwechselvorg\u00e4nge zur Herstellung von Enzymen ben\u00f6tigen ein leicht basisches Gewebe und k\u00f6nnen in dem sauren Milieu nicht mehr effizient durchgef\u00fchrt werden. Es kommt zu einer schlechteren Versorgung mit Sauerstoff an den Zellen und die Informationen zwischen den Nerven werden gest\u00f6rt.<\/p>\n<p>Eine chronische Krankheit kann daraus entstehen:<\/p>\n<\/div><ul style=\"--awb-size:15px;--awb-line-height:25.5px;--awb-icon-width:25.5px;--awb-icon-height:25.5px;--awb-icon-margin:10.5px;--awb-content-margin:36px;--awb-circlecolor:#a0ce4e;--awb-circle-yes-font-size:13.2px;\" class=\"fusion-checklist fusion-checklist-2 fusion-checklist-default type-icons\"><li class=\"fusion-li-item\" style=\"\"><span class=\"icon-wrapper circle-yes\"><i class=\"fusion-li-icon fa fa-chevron-right\" aria-hidden=\"true\"><\/i><\/span><div class=\"fusion-li-item-content\">\n<p>Migr\u00e4ne, M\u00fcdigkeit<\/p>\n<\/div><\/li><li class=\"fusion-li-item\" style=\"\"><span class=\"icon-wrapper circle-yes\"><i class=\"fusion-li-icon fa fa-chevron-right\" aria-hidden=\"true\"><\/i><\/span><div class=\"fusion-li-item-content\">\n<p>Verdauungsprobleme<\/p>\n<\/div><\/li><li class=\"fusion-li-item\" style=\"\"><span class=\"icon-wrapper circle-yes\"><i class=\"fusion-li-icon fa fa-chevron-right\" aria-hidden=\"true\"><\/i><\/span><div class=\"fusion-li-item-content\">\n<p>Erkrankungen des Bewegungsapparates<\/p>\n<\/div><\/li><li class=\"fusion-li-item\" style=\"\"><span class=\"icon-wrapper circle-yes\"><i class=\"fusion-li-icon fa fa-chevron-right\" aria-hidden=\"true\"><\/i><\/span><div class=\"fusion-li-item-content\">\n<p>erh\u00f6hte Infektanf\u00e4lligkeit<\/p>\n<\/div><\/li><li class=\"fusion-li-item\" style=\"\"><span class=\"icon-wrapper circle-yes\"><i class=\"fusion-li-icon fa fa-chevron-right\" aria-hidden=\"true\"><\/i><\/span><div class=\"fusion-li-item-content\">\n<p>Reizdarm<\/p>\n<\/div><\/li><\/ul><div class=\"fusion-text fusion-text-5\"><p>Wir suchen die Ursache einer \u00dcbers\u00e4uerung und helfen Ihrem K\u00f6rper bei Regulation des S\u00e4ure-Basen-Haushaltes, indem wir mangelnde Funktionen ankurbeln und unterst\u00fctzen.<\/p>\n<\/div><div class=\"fusion-builder-row fusion-builder-row-inner fusion-row\"><div class=\"fusion-layout-column fusion_builder_column_inner fusion-builder-nested-column-0 fusion_builder_column_inner_1_1 1_1 fusion-one-full fusion-column-first fusion-column-last\" style=\"--awb-bg-size:cover;\"><div class=\"fusion-column-wrapper fusion-flex-column-wrapper-legacy\"><div class=\"fusion-testimonials classic awb-speech-bubble-show fusion-testimonials-1\" style=\"--awb-textcolor:#747474;--awb-backgroundcolor:#ededed;--awb-testimonial-border-style:solid;--awb-testimonial-border-color:var(--awb-color3);--awb-border-top-left-radius:0px;--awb-border-top-right-radius:0px;--awb-border-bottom-left-radius:0px;--awb-border-bottom-right-radius:0px;--testimonial-border-width-top:0px;--testimonial-border-width-right:0px;--testimonial-border-width-bottom:0px;--testimonial-border-width-left:0px;\" data-random=\"0\" data-speed=\"4000\"><div class=\"reviews\"><div class=\"review active-testimonial avatar-image\"><blockquote><div class=\"awb-quote\"><div class=\"awb-quote-content\">\n<h2 style=\"text-align: left;\"><em><strong>Wir beraten und therapieren Sie sehr gerne!<\/strong><\/em><\/h2>\n<\/div><\/div><span class=\"awb-triangle\"><\/span><\/blockquote><div class=\"author\"><span class=\"testimonial-thumbnail\"><img decoding=\"async\" class=\"testimonial-image\" src=\"http:\/\/naturheilpraxis-mutterer.de\/wp-content\/uploads\/2017\/03\/Christel-150x150.png\" style=\"--awb-border-radius:5px;\" \/><\/span><span class=\"company-name\"><strong>Christel Mutterer<\/strong><span>, <\/span><span>Heilpraktikerin und Physiotherapeutin<\/span><\/span><\/div><\/div><\/div><\/div><div class=\"fusion-sep-clear\"><\/div><div class=\"fusion-separator fusion-full-width-sep\" style=\"margin-left: auto;margin-right: auto;margin-top:5px;margin-bottom:5px;width:100%;\"><\/div><div class=\"fusion-sep-clear\"><\/div><div class=\"fusion-button-wrapper fusion-aligncenter\"><a class=\"fusion-button button-3d fusion-button-default-size button-default fusion-button-default button-1 fusion-button-span-no \" target=\"_self\" href=\"\/?page_id=1018\"><i class=\" fa fa-comments awb-button__icon awb-button__icon--default button-icon-left\" aria-hidden=\"true\"><\/i><span class=\"fusion-button-text awb-button__text awb-button__text--default\">Sprechen Sie uns an!<\/span><\/a><\/div><div class=\"fusion-sep-clear\"><\/div><div class=\"fusion-separator fusion-full-width-sep\" style=\"margin-left: auto;margin-right: auto;margin-top:10px;margin-bottom:20px;width:100%;\"><\/div><div class=\"fusion-sep-clear\"><\/div><div class=\"fusion-text fusion-text-6\"><p style=\"text-align: center;\"><span style=\"color: #999999;\"><em>Die vorgenannten Anwendungsgebiete stellen kein Heilversprechen oder die Garantie einer Linderung oder Verbesserung aufgef\u00fchrter Krankheitszust\u00e4nde oder Leiden dar.<\/em><\/span><\/p>\n<\/div><div class=\"fusion-clearfix\"><\/div><\/div><\/div><\/div><div class=\"fusion-clearfix\"><\/div><\/div><\/div><\/div><\/div>\n","protected":false},"excerpt":{"rendered":"","protected":false},"author":2,"featured_media":0,"parent":37,"menu_order":0,"comment_status":"closed","ping_status":"closed","template":"","meta":{"footnotes":""},"class_list":["post-1586","page","type-page","status-publish","hentry"],"yoast_head":"<!-- This site is optimized with the Yoast SEO plugin v27.5 - https:\/\/yoast.com\/product\/yoast-seo-wordpress\/ -->\n<title>S\u00e4ure-, Basenhaushalt - Naturheil- und Physiotherapiepraxis Christel Mutterer<\/title>\n<meta name=\"description\" content=\"Es werden h\u00e4ufig Aussagen getroffen wie \u201eIch glaube ich bin \u00fcbers\u00e4uert\u2026\u201c. Die Symptome sind eher allgemein: saures Aufsto\u00dfen, ein schlechtes Allgemeinbefinden und schmerzhafte Gelenke. Doch stimmt das dann wirklich?\" \/>\n<meta name=\"robots\" content=\"index, follow, max-snippet:-1, max-image-preview:large, max-video-preview:-1\" \/>\n<link rel=\"canonical\" href=\"https:\/\/naturheilpraxis-mutterer.de\/?page_id=1586\" \/>\n<meta name=\"twitter:label1\" content=\"Gesch\u00e4tzte Lesezeit\" \/>\n\t<meta name=\"twitter:data1\" content=\"6\u00a0Minuten\" \/>\n<script type=\"application\/ld+json\" class=\"yoast-schema-graph\">{\"@context\":\"https:\\\/\\\/schema.org\",\"@graph\":[{\"@type\":\"WebPage\",\"@id\":\"https:\\\/\\\/naturheilpraxis-mutterer.de\\\/?page_id=1586\",\"url\":\"https:\\\/\\\/naturheilpraxis-mutterer.de\\\/?page_id=1586\",\"name\":\"S\u00e4ure-, Basenhaushalt - Naturheil- und Physiotherapiepraxis Christel Mutterer\",\"isPartOf\":{\"@id\":\"https:\\\/\\\/naturheilpraxis-mutterer.de\\\/#website\"},\"datePublished\":\"2018-02-06T11:32:45+00:00\",\"dateModified\":\"2018-03-06T20:07:54+00:00\",\"description\":\"Es werden h\u00e4ufig Aussagen getroffen wie \u201eIch glaube ich bin \u00fcbers\u00e4uert\u2026\u201c. Die Symptome sind eher allgemein: saures Aufsto\u00dfen, ein schlechtes Allgemeinbefinden und schmerzhafte Gelenke. Doch stimmt das dann wirklich?\",\"breadcrumb\":{\"@id\":\"https:\\\/\\\/naturheilpraxis-mutterer.de\\\/?page_id=1586#breadcrumb\"},\"inLanguage\":\"de\",\"potentialAction\":[{\"@type\":\"ReadAction\",\"target\":[\"https:\\\/\\\/naturheilpraxis-mutterer.de\\\/?page_id=1586\"]}]},{\"@type\":\"BreadcrumbList\",\"@id\":\"https:\\\/\\\/naturheilpraxis-mutterer.de\\\/?page_id=1586#breadcrumb\",\"itemListElement\":[{\"@type\":\"ListItem\",\"position\":1,\"name\":\"Startseite\",\"item\":\"https:\\\/\\\/naturheilpraxis-mutterer.de\\\/\"},{\"@type\":\"ListItem\",\"position\":2,\"name\":\"Naturheilkunde\",\"item\":\"https:\\\/\\\/naturheilpraxis-mutterer.de\\\/?page_id=37\"},{\"@type\":\"ListItem\",\"position\":3,\"name\":\"S\u00e4ure-, Basenhaushalt\"}]},{\"@type\":\"WebSite\",\"@id\":\"https:\\\/\\\/naturheilpraxis-mutterer.de\\\/#website\",\"url\":\"https:\\\/\\\/naturheilpraxis-mutterer.de\\\/\",\"name\":\"Naturheil- und Physiotherapiepraxis Christel Mutterer\",\"description\":\"\",\"publisher\":{\"@id\":\"https:\\\/\\\/naturheilpraxis-mutterer.de\\\/#organization\"},\"potentialAction\":[{\"@type\":\"SearchAction\",\"target\":{\"@type\":\"EntryPoint\",\"urlTemplate\":\"https:\\\/\\\/naturheilpraxis-mutterer.de\\\/?s={search_term_string}\"},\"query-input\":{\"@type\":\"PropertyValueSpecification\",\"valueRequired\":true,\"valueName\":\"search_term_string\"}}],\"inLanguage\":\"de\"},{\"@type\":\"Organization\",\"@id\":\"https:\\\/\\\/naturheilpraxis-mutterer.de\\\/#organization\",\"name\":\"Naturheil- und Physiotherapiepraxis Christel Mutterer\",\"url\":\"https:\\\/\\\/naturheilpraxis-mutterer.de\\\/\",\"logo\":{\"@type\":\"ImageObject\",\"inLanguage\":\"de\",\"@id\":\"https:\\\/\\\/naturheilpraxis-mutterer.de\\\/#\\\/schema\\\/logo\\\/image\\\/\",\"url\":\"https:\\\/\\\/naturheilpraxis-mutterer.de\\\/wp-content\\\/uploads\\\/2016\\\/03\\\/Praxis-Logo-512_512.png\",\"contentUrl\":\"https:\\\/\\\/naturheilpraxis-mutterer.de\\\/wp-content\\\/uploads\\\/2016\\\/03\\\/Praxis-Logo-512_512.png\",\"width\":512,\"height\":512,\"caption\":\"Naturheil- und Physiotherapiepraxis Christel Mutterer\"},\"image\":{\"@id\":\"https:\\\/\\\/naturheilpraxis-mutterer.de\\\/#\\\/schema\\\/logo\\\/image\\\/\"}}]}<\/script>\n<!-- \/ Yoast SEO plugin. -->","yoast_head_json":{"title":"S\u00e4ure-, Basenhaushalt - Naturheil- und Physiotherapiepraxis Christel Mutterer","description":"Es werden h\u00e4ufig Aussagen getroffen wie \u201eIch glaube ich bin \u00fcbers\u00e4uert\u2026\u201c. Die Symptome sind eher allgemein: saures Aufsto\u00dfen, ein schlechtes Allgemeinbefinden und schmerzhafte Gelenke. Doch stimmt das dann wirklich?","robots":{"index":"index","follow":"follow","max-snippet":"max-snippet:-1","max-image-preview":"max-image-preview:large","max-video-preview":"max-video-preview:-1"},"canonical":"https:\/\/naturheilpraxis-mutterer.de\/?page_id=1586","twitter_misc":{"Gesch\u00e4tzte Lesezeit":"6\u00a0Minuten"},"schema":{"@context":"https:\/\/schema.org","@graph":[{"@type":"WebPage","@id":"https:\/\/naturheilpraxis-mutterer.de\/?page_id=1586","url":"https:\/\/naturheilpraxis-mutterer.de\/?page_id=1586","name":"S\u00e4ure-, Basenhaushalt - Naturheil- und Physiotherapiepraxis Christel Mutterer","isPartOf":{"@id":"https:\/\/naturheilpraxis-mutterer.de\/#website"},"datePublished":"2018-02-06T11:32:45+00:00","dateModified":"2018-03-06T20:07:54+00:00","description":"Es werden h\u00e4ufig Aussagen getroffen wie \u201eIch glaube ich bin \u00fcbers\u00e4uert\u2026\u201c. Die Symptome sind eher allgemein: saures Aufsto\u00dfen, ein schlechtes Allgemeinbefinden und schmerzhafte Gelenke. Doch stimmt das dann wirklich?","breadcrumb":{"@id":"https:\/\/naturheilpraxis-mutterer.de\/?page_id=1586#breadcrumb"},"inLanguage":"de","potentialAction":[{"@type":"ReadAction","target":["https:\/\/naturheilpraxis-mutterer.de\/?page_id=1586"]}]},{"@type":"BreadcrumbList","@id":"https:\/\/naturheilpraxis-mutterer.de\/?page_id=1586#breadcrumb","itemListElement":[{"@type":"ListItem","position":1,"name":"Startseite","item":"https:\/\/naturheilpraxis-mutterer.de\/"},{"@type":"ListItem","position":2,"name":"Naturheilkunde","item":"https:\/\/naturheilpraxis-mutterer.de\/?page_id=37"},{"@type":"ListItem","position":3,"name":"S\u00e4ure-, Basenhaushalt"}]},{"@type":"WebSite","@id":"https:\/\/naturheilpraxis-mutterer.de\/#website","url":"https:\/\/naturheilpraxis-mutterer.de\/","name":"Naturheil- und Physiotherapiepraxis Christel Mutterer","description":"","publisher":{"@id":"https:\/\/naturheilpraxis-mutterer.de\/#organization"},"potentialAction":[{"@type":"SearchAction","target":{"@type":"EntryPoint","urlTemplate":"https:\/\/naturheilpraxis-mutterer.de\/?s={search_term_string}"},"query-input":{"@type":"PropertyValueSpecification","valueRequired":true,"valueName":"search_term_string"}}],"inLanguage":"de"},{"@type":"Organization","@id":"https:\/\/naturheilpraxis-mutterer.de\/#organization","name":"Naturheil- und Physiotherapiepraxis Christel Mutterer","url":"https:\/\/naturheilpraxis-mutterer.de\/","logo":{"@type":"ImageObject","inLanguage":"de","@id":"https:\/\/naturheilpraxis-mutterer.de\/#\/schema\/logo\/image\/","url":"https:\/\/naturheilpraxis-mutterer.de\/wp-content\/uploads\/2016\/03\/Praxis-Logo-512_512.png","contentUrl":"https:\/\/naturheilpraxis-mutterer.de\/wp-content\/uploads\/2016\/03\/Praxis-Logo-512_512.png","width":512,"height":512,"caption":"Naturheil- und Physiotherapiepraxis Christel Mutterer"},"image":{"@id":"https:\/\/naturheilpraxis-mutterer.de\/#\/schema\/logo\/image\/"}}]}},"_links":{"self":[{"href":"https:\/\/naturheilpraxis-mutterer.de\/index.php?rest_route=\/wp\/v2\/pages\/1586","targetHints":{"allow":["GET"]}}],"collection":[{"href":"https:\/\/naturheilpraxis-mutterer.de\/index.php?rest_route=\/wp\/v2\/pages"}],"about":[{"href":"https:\/\/naturheilpraxis-mutterer.de\/index.php?rest_route=\/wp\/v2\/types\/page"}],"author":[{"embeddable":true,"href":"https:\/\/naturheilpraxis-mutterer.de\/index.php?rest_route=\/wp\/v2\/users\/2"}],"replies":[{"embeddable":true,"href":"https:\/\/naturheilpraxis-mutterer.de\/index.php?rest_route=%2Fwp%2Fv2%2Fcomments&post=1586"}],"version-history":[{"count":0,"href":"https:\/\/naturheilpraxis-mutterer.de\/index.php?rest_route=\/wp\/v2\/pages\/1586\/revisions"}],"up":[{"embeddable":true,"href":"https:\/\/naturheilpraxis-mutterer.de\/index.php?rest_route=\/wp\/v2\/pages\/37"}],"wp:attachment":[{"href":"https:\/\/naturheilpraxis-mutterer.de\/index.php?rest_route=%2Fwp%2Fv2%2Fmedia&parent=1586"}],"curies":[{"name":"wp","href":"https:\/\/api.w.org\/{rel}","templated":true}]}}