{"id":1620,"date":"2018-03-06T21:04:30","date_gmt":"2018-03-06T20:04:30","guid":{"rendered":"http:\/\/naturheilpraxis-mutterer.de\/?page_id=1620"},"modified":"2018-03-06T21:32:18","modified_gmt":"2018-03-06T20:32:18","slug":"kraniomandibulaere-dysfunktion-craniomandibulaere-dysfunktion-cmd","status":"publish","type":"page","link":"https:\/\/naturheilpraxis-mutterer.de\/?page_id=1620","title":{"rendered":"Kraniomandibul\u00e4re Dysfunktion (Craniomandibul\u00e4re Dysfunktion) &#8211; CMD"},"content":{"rendered":"<div class=\"fusion-fullwidth fullwidth-box fusion-builder-row-1 nonhundred-percent-fullwidth non-hundred-percent-height-scrolling\" style=\"--awb-border-radius-top-left:0px;--awb-border-radius-top-right:0px;--awb-border-radius-bottom-right:0px;--awb-border-radius-bottom-left:0px;--awb-flex-wrap:wrap;\" ><div class=\"fusion-builder-row fusion-row\"><div class=\"fusion-layout-column fusion_builder_column fusion-builder-column-0 fusion_builder_column_1_1 1_1 fusion-one-full fusion-column-first fusion-column-last\" style=\"--awb-bg-size:cover;\"><div class=\"fusion-column-wrapper fusion-flex-column-wrapper-legacy\"><div class=\"fusion-title title fusion-title-1 fusion-sep-none fusion-title-text fusion-title-size-one\" style=\"--awb-margin-top-small:0px;--awb-margin-right-small:0px;--awb-margin-bottom-small:20px;--awb-margin-left-small:0px;\"><h1 class=\"fusion-title-heading title-heading-left fusion-responsive-typography-calculated\" style=\"margin:0;--fontSize:26;line-height:1.41;\">Kraniomandibul\u00e4re Dysfunktion (Craniomandibul\u00e4re Dysfunktion) &#8211; CMD<\/h1><\/div><div class=\"fusion-clearfix\"><\/div><\/div><\/div><div class=\"fusion-layout-column fusion_builder_column fusion-builder-column-1 fusion_builder_column_1_3 1_3 fusion-one-third fusion-column-first\" style=\"--awb-bg-size:cover;width:33.333333333333%;width:calc(33.333333333333% - ( ( 4% ) * 0.33333333333333 ) );margin-right: 4%;\"><div class=\"fusion-column-wrapper fusion-flex-column-wrapper-legacy\"><div class=\"fusion-image-element fusion-image-align-center in-legacy-container\" style=\"text-align:center;--awb-caption-title-font-family:var(--h2_typography-font-family);--awb-caption-title-font-weight:var(--h2_typography-font-weight);--awb-caption-title-font-style:var(--h2_typography-font-style);--awb-caption-title-size:var(--h2_typography-font-size);--awb-caption-title-transform:var(--h2_typography-text-transform);--awb-caption-title-line-height:var(--h2_typography-line-height);--awb-caption-title-letter-spacing:var(--h2_typography-letter-spacing);\"><div class=\"imageframe-align-center\"><span class=\" fusion-imageframe imageframe-none imageframe-1 hover-type-none\"><img decoding=\"async\" width=\"424\" height=\"283\" alt=\"Kraniomandibul\u00e4re Dysfunktion (Craniomandibul\u00e4re Dysfunktion) - CMD\" title=\"Kraniomandibul\u00e4re Dysfunktion (Craniomandibul\u00e4re Dysfunktion) &#8211; CMD\" src=\"http:\/\/naturheilpraxis-mutterer.de\/wp-content\/uploads\/cmd.jpg\" class=\"img-responsive wp-image-1621\" srcset=\"https:\/\/naturheilpraxis-mutterer.de\/wp-content\/uploads\/cmd-200x133.jpg 200w, https:\/\/naturheilpraxis-mutterer.de\/wp-content\/uploads\/cmd-400x267.jpg 400w, https:\/\/naturheilpraxis-mutterer.de\/wp-content\/uploads\/cmd.jpg 424w\" sizes=\"(max-width: 800px) 100vw, 400px\" \/><\/span><\/div><\/div><div class=\"fusion-clearfix\"><\/div><\/div><\/div><div class=\"fusion-layout-column fusion_builder_column fusion-builder-column-2 fusion_builder_column_2_3 2_3 fusion-two-third fusion-column-last\" style=\"--awb-bg-size:cover;width:66.666666666667%;width:calc(66.666666666667% - ( ( 4% ) * 0.66666666666667 ) );\"><div class=\"fusion-column-wrapper fusion-flex-column-wrapper-legacy\"><div class=\"fusion-text fusion-text-1\"><p>CMD ist ein \u00dcberbegriff f\u00fcr Probleme mit der Muskel- oder Gelenkfunktion der Kiefergelenke. Die Kiefergelenke sind kleine Gelenke im menschlichen K\u00f6rper. Ihre Einzigartigkeit besteht in der festen Verbindung durch den Kiefer. Diese Verbindung besitzt kein anderes Gelenk. Au\u00dferdem sind sie ziemlich mobil und besitzen einen Diskus (einen Faserknorpel der dazu dient zwei unterschiedlich geformte Gelenkfl\u00e4chen auszugleichen und um den Gelenkdruck gleichm\u00e4\u00dfig zu verteilen). Der Kaumuskel (Musculus masseter) ist der st\u00e4rkste Muskel des menschlichen K\u00f6rpers und sorgt unteranderem f\u00fcr das Zermahlen der Nahrung.<br \/>\nDiese Kiefergelenke unterliegen dem normalen Verschlei\u00df und reagieren mit Schmerzen w\u00e4hrend das Kauens, eingeschr\u00e4nkter Gelenkbeweglichkeit und Gelenkger\u00e4uschen.<br \/>\nVerursachen kann dies die Kaumuskulatur, die Verlagerung des Diskusses oder eine Zerst\u00f6rung des Gelenkes durch Arthrose.<br \/>\nDie Ursachen daf\u00fcr sind vielf\u00e4ltig. Schon alleine die Gewohnheit den Kopf in die Hand aufzust\u00fctzen kann dieses empfindliche System auf die Dauer st\u00f6ren. Oder st\u00e4ndiges Knirschen mit den Z\u00e4hnen reiben diese ab und der verminderte Zahnabstand beim Kauen und Schlucken erh\u00f6ht den Gelenkdruck im Kiefergelenk.<br \/>\nAuch n\u00e4chtliches Pressen kann zu Schmerzen im Bereich der Kiefermuskulatur f\u00fchren.<br \/>\nAber auch Blockaden in den Kopfgelenken haben Auswirkungen auf das Kiefergelenk.<br \/>\nFrauen haben ein erh\u00f6htes Risiko an einer CMD zu erkranken. Warum das so ist wird ist, ist noch nicht erforscht.<\/p>\n<h2>Wie k\u00f6nnen wir bei einer CMD helfen?<\/h2>\n<p>Spezielle Tests erm\u00f6glichen uns die Ursache des Schmerzes oder des Knackens herauszufinden.<br \/>\nMit der Hilfe der Manuellen Therapie, der Neuraltherapie, der Akupunktur und verschiedenen Muskeltechniken k\u00f6nnen wir direkt auf die Ursachen einwirken. Unter Umst\u00e4nden muss ein Zahnarzt in die Therapie mit eingebunden werden.<\/p>\n<\/div><div class=\"fusion-builder-row fusion-builder-row-inner fusion-row\"><div class=\"fusion-layout-column fusion_builder_column_inner fusion-builder-nested-column-0 fusion_builder_column_inner_1_1 1_1 fusion-one-full fusion-column-first fusion-column-last\" style=\"--awb-bg-size:cover;\"><div class=\"fusion-column-wrapper fusion-flex-column-wrapper-legacy\"><div class=\"fusion-text fusion-text-2\"><p style=\"text-align: left;\">Weiterf\u00fchrende Informationen zum Thema finden Sie hier:<\/p>\n<\/div><ul style=\"--awb-size:15px;--awb-iconcolor:#73af27;--awb-line-height:25.5px;--awb-icon-width:25.5px;--awb-icon-height:25.5px;--awb-icon-margin:10.5px;--awb-content-margin:36px;\" class=\"fusion-checklist fusion-checklist-1 fusion-checklist-default type-icons\"><li class=\"fusion-li-item\" style=\"\"><span class=\"icon-wrapper circle-no\"><i class=\"fusion-li-icon fa fa-external-link\" aria-hidden=\"true\"><\/i><\/span><div class=\"fusion-li-item-content\">\n<p><a href=\"http:\/\/naturheilpraxis-mutterer.de\/?page_id=380\">Neuraltherapie<\/a><\/p>\n<\/div><\/li><li class=\"fusion-li-item\" style=\"\"><span class=\"icon-wrapper circle-no\"><i class=\"fusion-li-icon fa fa-external-link\" aria-hidden=\"true\"><\/i><\/span><div class=\"fusion-li-item-content\">\n<p><a href=\"http:\/\/naturheilpraxis-mutterer.de\/?page_id=1438\">Manuelle Therapie<\/a><\/p>\n<\/div><\/li><\/ul><div class=\"fusion-testimonials classic awb-speech-bubble-show fusion-testimonials-1\" style=\"--awb-textcolor:#747474;--awb-backgroundcolor:#ededed;--awb-testimonial-border-style:solid;--awb-testimonial-border-color:var(--awb-color3);--awb-border-top-left-radius:0px;--awb-border-top-right-radius:0px;--awb-border-bottom-left-radius:0px;--awb-border-bottom-right-radius:0px;--testimonial-border-width-top:0px;--testimonial-border-width-right:0px;--testimonial-border-width-bottom:0px;--testimonial-border-width-left:0px;\" data-random=\"0\" data-speed=\"4000\"><div class=\"reviews\"><div class=\"review active-testimonial avatar-image\"><blockquote><div class=\"awb-quote\"><div class=\"awb-quote-content\">\n<h2 style=\"text-align: left;\"><em><strong>Wir beraten und therapieren Sie sehr gerne!<\/strong><\/em><\/h2>\n<\/div><\/div><span class=\"awb-triangle\"><\/span><\/blockquote><div class=\"author\"><span class=\"testimonial-thumbnail\"><img decoding=\"async\" class=\"testimonial-image\" src=\"http:\/\/naturheilpraxis-mutterer.de\/wp-content\/uploads\/2017\/03\/Christel-150x150.png\" style=\"--awb-border-radius:5px;\" \/><\/span><span class=\"company-name\"><strong>Christel Mutterer<\/strong><span>, <\/span><span>Heilpraktikerin und Physiotherapeutin<\/span><\/span><\/div><\/div><\/div><\/div><div class=\"fusion-sep-clear\"><\/div><div class=\"fusion-separator fusion-full-width-sep\" style=\"margin-left: auto;margin-right: auto;margin-top:5px;margin-bottom:5px;width:100%;\"><\/div><div class=\"fusion-sep-clear\"><\/div><div class=\"fusion-button-wrapper fusion-aligncenter\"><a class=\"fusion-button button-3d fusion-button-default-size button-default fusion-button-default button-1 fusion-button-span-no \" target=\"_self\" href=\"\/?page_id=1018\"><i class=\" fa fa-comments awb-button__icon awb-button__icon--default button-icon-left\" aria-hidden=\"true\"><\/i><span class=\"fusion-button-text awb-button__text awb-button__text--default\">Sprechen Sie uns an!<\/span><\/a><\/div><div class=\"fusion-sep-clear\"><\/div><div class=\"fusion-separator fusion-full-width-sep\" style=\"margin-left: auto;margin-right: auto;margin-top:10px;margin-bottom:20px;width:100%;\"><\/div><div class=\"fusion-sep-clear\"><\/div><div class=\"fusion-text fusion-text-3\"><p style=\"text-align: center;\"><span style=\"color: #999999;\"><em>Die vorgenannten Anwendungsgebiete stellen kein Heilversprechen oder die Garantie einer Linderung oder Verbesserung aufgef\u00fchrter Krankheitszust\u00e4nde oder Leiden dar.<\/em><\/span><\/p>\n<\/div><div class=\"fusion-clearfix\"><\/div><\/div><\/div><\/div><div class=\"fusion-clearfix\"><\/div><\/div><\/div><\/div><\/div>\n","protected":false},"excerpt":{"rendered":"","protected":false},"author":2,"featured_media":0,"parent":39,"menu_order":0,"comment_status":"closed","ping_status":"closed","template":"","meta":{"footnotes":""},"class_list":["post-1620","page","type-page","status-publish","hentry"],"yoast_head":"<!-- This site is optimized with the Yoast SEO plugin v27.5 - https:\/\/yoast.com\/product\/yoast-seo-wordpress\/ -->\n<title>Kraniomandibul\u00e4re Dysfunktion (Craniomandibul\u00e4re Dysfunktion) - CMD - Naturheil- und Physiotherapiepraxis Christel Mutterer<\/title>\n<meta name=\"description\" content=\"Die Kiefergelenke unterliegen dem normalen Verschlei\u00df und reagieren mit Schmerzen w\u00e4hrend das Kauens, eingeschr\u00e4nkter Gelenkbeweglichkeit und Gelenkger\u00e4uschen. (CMD)Verursachen kann dies die Kaumuskulatur, die Verlagerung des Diskusses oder eine Zerst\u00f6rung des Gelenkes durch Arthrose.\" \/>\n<meta name=\"robots\" content=\"index, follow, max-snippet:-1, max-image-preview:large, max-video-preview:-1\" \/>\n<link rel=\"canonical\" href=\"https:\/\/naturheilpraxis-mutterer.de\/?page_id=1620\" \/>\n<meta name=\"twitter:label1\" content=\"Gesch\u00e4tzte Lesezeit\" \/>\n\t<meta name=\"twitter:data1\" content=\"5\u00a0Minuten\" \/>\n<script type=\"application\/ld+json\" class=\"yoast-schema-graph\">{\"@context\":\"https:\\\/\\\/schema.org\",\"@graph\":[{\"@type\":\"WebPage\",\"@id\":\"https:\\\/\\\/naturheilpraxis-mutterer.de\\\/?page_id=1620\",\"url\":\"https:\\\/\\\/naturheilpraxis-mutterer.de\\\/?page_id=1620\",\"name\":\"Kraniomandibul\u00e4re Dysfunktion (Craniomandibul\u00e4re Dysfunktion) - CMD - Naturheil- und Physiotherapiepraxis Christel Mutterer\",\"isPartOf\":{\"@id\":\"https:\\\/\\\/naturheilpraxis-mutterer.de\\\/#website\"},\"datePublished\":\"2018-03-06T20:04:30+00:00\",\"dateModified\":\"2018-03-06T20:32:18+00:00\",\"description\":\"Die Kiefergelenke unterliegen dem normalen Verschlei\u00df und reagieren mit Schmerzen w\u00e4hrend das Kauens, eingeschr\u00e4nkter Gelenkbeweglichkeit und Gelenkger\u00e4uschen. (CMD)Verursachen kann dies die Kaumuskulatur, die Verlagerung des Diskusses oder eine Zerst\u00f6rung des Gelenkes durch Arthrose.\",\"breadcrumb\":{\"@id\":\"https:\\\/\\\/naturheilpraxis-mutterer.de\\\/?page_id=1620#breadcrumb\"},\"inLanguage\":\"de\",\"potentialAction\":[{\"@type\":\"ReadAction\",\"target\":[\"https:\\\/\\\/naturheilpraxis-mutterer.de\\\/?page_id=1620\"]}]},{\"@type\":\"BreadcrumbList\",\"@id\":\"https:\\\/\\\/naturheilpraxis-mutterer.de\\\/?page_id=1620#breadcrumb\",\"itemListElement\":[{\"@type\":\"ListItem\",\"position\":1,\"name\":\"Startseite\",\"item\":\"https:\\\/\\\/naturheilpraxis-mutterer.de\\\/\"},{\"@type\":\"ListItem\",\"position\":2,\"name\":\"Physiotherapie\",\"item\":\"https:\\\/\\\/naturheilpraxis-mutterer.de\\\/?page_id=39\"},{\"@type\":\"ListItem\",\"position\":3,\"name\":\"Kraniomandibul\u00e4re Dysfunktion (Craniomandibul\u00e4re Dysfunktion) &#8211; CMD\"}]},{\"@type\":\"WebSite\",\"@id\":\"https:\\\/\\\/naturheilpraxis-mutterer.de\\\/#website\",\"url\":\"https:\\\/\\\/naturheilpraxis-mutterer.de\\\/\",\"name\":\"Naturheil- und Physiotherapiepraxis Christel Mutterer\",\"description\":\"\",\"publisher\":{\"@id\":\"https:\\\/\\\/naturheilpraxis-mutterer.de\\\/#organization\"},\"potentialAction\":[{\"@type\":\"SearchAction\",\"target\":{\"@type\":\"EntryPoint\",\"urlTemplate\":\"https:\\\/\\\/naturheilpraxis-mutterer.de\\\/?s={search_term_string}\"},\"query-input\":{\"@type\":\"PropertyValueSpecification\",\"valueRequired\":true,\"valueName\":\"search_term_string\"}}],\"inLanguage\":\"de\"},{\"@type\":\"Organization\",\"@id\":\"https:\\\/\\\/naturheilpraxis-mutterer.de\\\/#organization\",\"name\":\"Naturheil- und Physiotherapiepraxis Christel Mutterer\",\"url\":\"https:\\\/\\\/naturheilpraxis-mutterer.de\\\/\",\"logo\":{\"@type\":\"ImageObject\",\"inLanguage\":\"de\",\"@id\":\"https:\\\/\\\/naturheilpraxis-mutterer.de\\\/#\\\/schema\\\/logo\\\/image\\\/\",\"url\":\"https:\\\/\\\/naturheilpraxis-mutterer.de\\\/wp-content\\\/uploads\\\/2016\\\/03\\\/Praxis-Logo-512_512.png\",\"contentUrl\":\"https:\\\/\\\/naturheilpraxis-mutterer.de\\\/wp-content\\\/uploads\\\/2016\\\/03\\\/Praxis-Logo-512_512.png\",\"width\":512,\"height\":512,\"caption\":\"Naturheil- und Physiotherapiepraxis Christel Mutterer\"},\"image\":{\"@id\":\"https:\\\/\\\/naturheilpraxis-mutterer.de\\\/#\\\/schema\\\/logo\\\/image\\\/\"}}]}<\/script>\n<!-- \/ Yoast SEO plugin. -->","yoast_head_json":{"title":"Kraniomandibul\u00e4re Dysfunktion (Craniomandibul\u00e4re Dysfunktion) - CMD - Naturheil- und Physiotherapiepraxis Christel Mutterer","description":"Die Kiefergelenke unterliegen dem normalen Verschlei\u00df und reagieren mit Schmerzen w\u00e4hrend das Kauens, eingeschr\u00e4nkter Gelenkbeweglichkeit und Gelenkger\u00e4uschen. (CMD)Verursachen kann dies die Kaumuskulatur, die Verlagerung des Diskusses oder eine Zerst\u00f6rung des Gelenkes durch Arthrose.","robots":{"index":"index","follow":"follow","max-snippet":"max-snippet:-1","max-image-preview":"max-image-preview:large","max-video-preview":"max-video-preview:-1"},"canonical":"https:\/\/naturheilpraxis-mutterer.de\/?page_id=1620","twitter_misc":{"Gesch\u00e4tzte Lesezeit":"5\u00a0Minuten"},"schema":{"@context":"https:\/\/schema.org","@graph":[{"@type":"WebPage","@id":"https:\/\/naturheilpraxis-mutterer.de\/?page_id=1620","url":"https:\/\/naturheilpraxis-mutterer.de\/?page_id=1620","name":"Kraniomandibul\u00e4re Dysfunktion (Craniomandibul\u00e4re Dysfunktion) - CMD - Naturheil- und Physiotherapiepraxis Christel Mutterer","isPartOf":{"@id":"https:\/\/naturheilpraxis-mutterer.de\/#website"},"datePublished":"2018-03-06T20:04:30+00:00","dateModified":"2018-03-06T20:32:18+00:00","description":"Die Kiefergelenke unterliegen dem normalen Verschlei\u00df und reagieren mit Schmerzen w\u00e4hrend das Kauens, eingeschr\u00e4nkter Gelenkbeweglichkeit und Gelenkger\u00e4uschen. (CMD)Verursachen kann dies die Kaumuskulatur, die Verlagerung des Diskusses oder eine Zerst\u00f6rung des Gelenkes durch Arthrose.","breadcrumb":{"@id":"https:\/\/naturheilpraxis-mutterer.de\/?page_id=1620#breadcrumb"},"inLanguage":"de","potentialAction":[{"@type":"ReadAction","target":["https:\/\/naturheilpraxis-mutterer.de\/?page_id=1620"]}]},{"@type":"BreadcrumbList","@id":"https:\/\/naturheilpraxis-mutterer.de\/?page_id=1620#breadcrumb","itemListElement":[{"@type":"ListItem","position":1,"name":"Startseite","item":"https:\/\/naturheilpraxis-mutterer.de\/"},{"@type":"ListItem","position":2,"name":"Physiotherapie","item":"https:\/\/naturheilpraxis-mutterer.de\/?page_id=39"},{"@type":"ListItem","position":3,"name":"Kraniomandibul\u00e4re Dysfunktion (Craniomandibul\u00e4re Dysfunktion) &#8211; CMD"}]},{"@type":"WebSite","@id":"https:\/\/naturheilpraxis-mutterer.de\/#website","url":"https:\/\/naturheilpraxis-mutterer.de\/","name":"Naturheil- und Physiotherapiepraxis Christel Mutterer","description":"","publisher":{"@id":"https:\/\/naturheilpraxis-mutterer.de\/#organization"},"potentialAction":[{"@type":"SearchAction","target":{"@type":"EntryPoint","urlTemplate":"https:\/\/naturheilpraxis-mutterer.de\/?s={search_term_string}"},"query-input":{"@type":"PropertyValueSpecification","valueRequired":true,"valueName":"search_term_string"}}],"inLanguage":"de"},{"@type":"Organization","@id":"https:\/\/naturheilpraxis-mutterer.de\/#organization","name":"Naturheil- und Physiotherapiepraxis Christel Mutterer","url":"https:\/\/naturheilpraxis-mutterer.de\/","logo":{"@type":"ImageObject","inLanguage":"de","@id":"https:\/\/naturheilpraxis-mutterer.de\/#\/schema\/logo\/image\/","url":"https:\/\/naturheilpraxis-mutterer.de\/wp-content\/uploads\/2016\/03\/Praxis-Logo-512_512.png","contentUrl":"https:\/\/naturheilpraxis-mutterer.de\/wp-content\/uploads\/2016\/03\/Praxis-Logo-512_512.png","width":512,"height":512,"caption":"Naturheil- und Physiotherapiepraxis Christel Mutterer"},"image":{"@id":"https:\/\/naturheilpraxis-mutterer.de\/#\/schema\/logo\/image\/"}}]}},"_links":{"self":[{"href":"https:\/\/naturheilpraxis-mutterer.de\/index.php?rest_route=\/wp\/v2\/pages\/1620","targetHints":{"allow":["GET"]}}],"collection":[{"href":"https:\/\/naturheilpraxis-mutterer.de\/index.php?rest_route=\/wp\/v2\/pages"}],"about":[{"href":"https:\/\/naturheilpraxis-mutterer.de\/index.php?rest_route=\/wp\/v2\/types\/page"}],"author":[{"embeddable":true,"href":"https:\/\/naturheilpraxis-mutterer.de\/index.php?rest_route=\/wp\/v2\/users\/2"}],"replies":[{"embeddable":true,"href":"https:\/\/naturheilpraxis-mutterer.de\/index.php?rest_route=%2Fwp%2Fv2%2Fcomments&post=1620"}],"version-history":[{"count":0,"href":"https:\/\/naturheilpraxis-mutterer.de\/index.php?rest_route=\/wp\/v2\/pages\/1620\/revisions"}],"up":[{"embeddable":true,"href":"https:\/\/naturheilpraxis-mutterer.de\/index.php?rest_route=\/wp\/v2\/pages\/39"}],"wp:attachment":[{"href":"https:\/\/naturheilpraxis-mutterer.de\/index.php?rest_route=%2Fwp%2Fv2%2Fmedia&parent=1620"}],"curies":[{"name":"wp","href":"https:\/\/api.w.org\/{rel}","templated":true}]}}