{"id":18,"date":"2015-10-24T11:05:29","date_gmt":"2015-10-24T09:05:29","guid":{"rendered":"http:\/\/naturheilpraxis-mutterer.de\/?page_id=18"},"modified":"2024-09-30T12:19:02","modified_gmt":"2024-09-30T10:19:02","slug":"impressum","status":"publish","type":"page","link":"https:\/\/naturheilpraxis-mutterer.de\/?page_id=18","title":{"rendered":"Impressum"},"content":{"rendered":"<div class=\"fusion-fullwidth fullwidth-box fusion-builder-row-1 hundred-percent-fullwidth non-hundred-percent-height-scrolling\" style=\"--awb-border-radius-top-left:0px;--awb-border-radius-top-right:0px;--awb-border-radius-bottom-right:0px;--awb-border-radius-bottom-left:0px;--awb-overflow:visible;--awb-flex-wrap:wrap;\" ><div class=\"fusion-builder-row fusion-row\"><div class=\"fusion-layout-column fusion_builder_column fusion-builder-column-0 fusion_builder_column_1_1 1_1 fusion-one-full fusion-column-first fusion-column-last fusion-column-no-min-height\" style=\"--awb-bg-size:cover;--awb-margin-bottom:0px;\"><div class=\"fusion-column-wrapper fusion-flex-column-wrapper-legacy\"><div class=\"fusion-title title fusion-title-1 sep-underline sep-solid fusion-title-text fusion-title-size-one\" style=\"--awb-margin-bottom:25px;--awb-margin-top-small:0px;--awb-margin-right-small:0px;--awb-margin-bottom-small:20px;--awb-margin-left-small:0px;--awb-sep-color:#bababa;\"><h1 class=\"fusion-title-heading title-heading-left fusion-responsive-typography-calculated\" style=\"margin:0;--fontSize:26;line-height:1.41;\">Impressum | Datenschutzerkl\u00e4rung<\/h1><\/div><div class=\"fusion-text fusion-text-1\"><p><strong>Christel Mutterer<\/strong><br \/>\nAm Birkenbusch 5a<br \/>\n75334 Straubenhardt (Feldrennach)<br \/>\nTel: +49(7082)4151-20<br \/>\nFax: +49(7082)4151-19<br \/>\nWeb: <a href=\"http:\/\/naturheilpraxis-mutterer.de\" target=\"_blank\" rel=\"noopener noreferrer\">naturheilpraxis-mutterer.de<\/a><br \/>\n<a href=\"mailto:info@naturheilpraxis-mutterer.de\">info@naturheilpraxis-mutterer.de<\/a><\/p>\n<\/div><div class=\"fusion-text fusion-text-2\"><p><strong>Berufsbezeichnung:<br \/>\n<\/strong>Physiotherapeutin, verliehen durch die Bezirksregierung Hannover am 01.05.1991<br \/>\n<strong>Aufsichtsbeh\u00f6rde:<\/strong><br \/>\nRegierungspr\u00e4sidium Karlsruhe<\/p>\n<hr \/>\n<p><strong>Berufsbezeichnung:<\/strong><br \/>\nHeilpraktiker, verliehen in der Bundesrepublik Deutschland<br \/>\n<strong>Berufsrechtliche Regelungen:<\/strong><br \/>\nBerufsordnung f\u00fcr Heilpraktiker (BOH) einsehbar unter:\u00a0<a href=\"http:\/\/www.heilpraktiker.org\" target=\"_blank\" rel=\"noopener noreferrer\">www.heilpraktiker.org<\/a><br \/>\n<strong>Zust\u00e4ndige Aufsichtsbeh\u00f6rde:<\/strong><br \/>\nGesundheitsamt Karlsruhe<br \/>\nErteilung der Erlaubnis zur Aus\u00fcbung der Heilkunde von der Gesundheitsbeh\u00f6rde der Stadt Karlsruhe am\u00a009.05.2014<br \/>\nInhaltlich Verantwortliche gem\u00e4\u00df \u00a7 55 Abs. 2 RStV: \u00a0Christel Mutterer<\/p>\n<\/div><div class=\"fusion-title title fusion-title-2 fusion-sep-none fusion-title-text fusion-title-size-two\" style=\"--awb-margin-bottom:0px;--awb-margin-top-small:0px;--awb-margin-right-small:0px;--awb-margin-bottom-small:0px;--awb-margin-left-small:0px;\"><h2 class=\"fusion-title-heading title-heading-left fusion-responsive-typography-calculated\" style=\"margin:0;--fontSize:18;--minFontSize:18;line-height:1.5;\">Informationen \u00fcber die Erhebung personenbezogener Daten auf unserer Webseite<\/h2><\/div><div class=\"fusion-text fusion-text-3\"><p>Sehr geehrter Besucher unserer Webseite,<br \/>\nwir m\u00f6chten Sie dar\u00fcber informieren, dass beim Besuch unserer Webseite personenbezogene Daten erhoben werden. Personenbezogen sind Daten, die auf Sie pers\u00f6nlich beziehbar sind (z. B. Name, E-Mail, Nutzerverhalten).<\/p>\n<p>Verantwortlich f\u00fcr die Erhebung und Speicherung der Daten ist Christel Mutterer, erreichbar unter der Praxisanschrift Am Birkenbusch 5a, 75334 Straubenhardt, Deutschland, E-Mail Info@naturheilpraxis-mutterer.de und Telefonnummer +49(7082)4151-20.<\/p>\n<p>Unserer Webseite dient ausschlie\u00dflich der Bereitstellung von Informationen \u00fcber unsere Praxis, unser Behandlungsspektrum und therapeutische M\u00f6glichkeiten bei verschiedenen Erkrankungen. Beim Besuch unserer Webseite werden nur die Daten erhoben, die von Ihrem Browser an unseren Server \u00fcbermittelt werden. Diese Daten sind notwendig, damit Sie unsere Webseite angezeigt bekommen und auf ihr navigieren k\u00f6nnen. Rechtsgrundlage f\u00fcr die Erhebung der Daten ist Art. 6 Abs. 1 f) EU-Datenschutz-Grundverordnung. Im Einzelnen werden folgende Daten beim Besuch unserer Webseite erhoben:<\/p>\n<\/div><ul style=\"--awb-size:15px;--awb-line-height:25.5px;--awb-icon-width:25.5px;--awb-icon-height:25.5px;--awb-icon-margin:10.5px;--awb-content-margin:36px;--awb-circlecolor:#a0ce4e;--awb-circle-yes-font-size:13.2px;\" class=\"fusion-checklist fusion-checklist-1 fusion-checklist-default type-icons\"><li class=\"fusion-li-item\" style=\"\"><span class=\"icon-wrapper circle-yes\"><i class=\"fusion-li-icon fa-chevron-right fas\" aria-hidden=\"true\"><\/i><\/span><div class=\"fusion-li-item-content\">\n<p>IP-Adresse<\/p>\n<\/div><\/li><li class=\"fusion-li-item\" style=\"\"><span class=\"icon-wrapper circle-yes\"><i class=\"fusion-li-icon fa-chevron-right fas\" aria-hidden=\"true\"><\/i><\/span><div class=\"fusion-li-item-content\">\n<p>Art des Browsers, sowie dessen Sprache und Version<\/p>\n<\/div><\/li><li class=\"fusion-li-item\" style=\"\"><span class=\"icon-wrapper circle-yes\"><i class=\"fusion-li-icon fa-chevron-right fas\" aria-hidden=\"true\"><\/i><\/span><div class=\"fusion-li-item-content\">\n<p>Betriebssystem<\/p>\n<\/div><\/li><li class=\"fusion-li-item\" style=\"\"><span class=\"icon-wrapper circle-yes\"><i class=\"fusion-li-icon fa-chevron-right fas\" aria-hidden=\"true\"><\/i><\/span><div class=\"fusion-li-item-content\">\n<p>Zugriffstatus\/http-Statuscode<\/p>\n<\/div><\/li><li class=\"fusion-li-item\" style=\"\"><span class=\"icon-wrapper circle-yes\"><i class=\"fusion-li-icon fa-chevron-right fas\" aria-hidden=\"true\"><\/i><\/span><div class=\"fusion-li-item-content\">\n<p>Datum und Uhrzeit der Anfrage, sowie die Zeitzone und das Ursprungsland<\/p>\n<\/div><\/li><li class=\"fusion-li-item\" style=\"\"><span class=\"icon-wrapper circle-yes\"><i class=\"fusion-li-icon fa-chevron-right fas\" aria-hidden=\"true\"><\/i><\/span><div class=\"fusion-li-item-content\">\n<p>Inhalt der Anforderung und Webseite von der sie kommt<\/p>\n<\/div><\/li><li class=\"fusion-li-item\" style=\"\"><span class=\"icon-wrapper circle-yes\"><i class=\"fusion-li-icon fa-chevron-right fas\" aria-hidden=\"true\"><\/i><\/span><div class=\"fusion-li-item-content\">\n<p>\u00dcbertragene Datenmenge<\/p>\n<\/div><\/li><\/ul><div class=\"fusion-text fusion-text-4\"><p>Die L\u00f6schung dieser Daten erfolgt, wenn diese nicht mehr erforderlich sind.<\/p>\n<p><strong>Ihre Rechte<br \/>\n<\/strong>Sie haben uns gegen\u00fcber folgende Rechte, hinsichtlich der bei uns \u00fcber Sie gespeicherten Daten:<\/p>\n<\/div><ul style=\"--awb-size:15px;--awb-line-height:25.5px;--awb-icon-width:25.5px;--awb-icon-height:25.5px;--awb-icon-margin:10.5px;--awb-content-margin:36px;--awb-circlecolor:#a0ce4e;--awb-circle-yes-font-size:13.2px;\" class=\"fusion-checklist fusion-checklist-2 fusion-checklist-default type-icons\"><li class=\"fusion-li-item\" style=\"\"><span class=\"icon-wrapper circle-yes\"><i class=\"fusion-li-icon fa-chevron-right fas\" aria-hidden=\"true\"><\/i><\/span><div class=\"fusion-li-item-content\">\n<p>Recht auf Berichtigung und L\u00f6schung<\/p>\n<\/div><\/li><li class=\"fusion-li-item\" style=\"\"><span class=\"icon-wrapper circle-yes\"><i class=\"fusion-li-icon fa-chevron-right fas\" aria-hidden=\"true\"><\/i><\/span><div class=\"fusion-li-item-content\">\n<p>Recht auf Auskunft<\/p>\n<\/div><\/li><li class=\"fusion-li-item\" style=\"\"><span class=\"icon-wrapper circle-yes\"><i class=\"fusion-li-icon fa-chevron-right fas\" aria-hidden=\"true\"><\/i><\/span><div class=\"fusion-li-item-content\">\n<p>Recht auf Einschr\u00e4nkung der Verarbeitung<\/p>\n<\/div><\/li><li class=\"fusion-li-item\" style=\"\"><span class=\"icon-wrapper circle-yes\"><i class=\"fusion-li-icon fa-chevron-right fas\" aria-hidden=\"true\"><\/i><\/span><div class=\"fusion-li-item-content\">\n<p>Recht auf Daten\u00fcbertragbarkeit<\/p>\n<\/div><\/li><li class=\"fusion-li-item\" style=\"\"><span class=\"icon-wrapper circle-yes\"><i class=\"fusion-li-icon fa-chevron-right fas\" aria-hidden=\"true\"><\/i><\/span><div class=\"fusion-li-item-content\">\n<p>Recht auf Widerspruch gegen die Verarbeitung<\/p>\n<\/div><\/li><\/ul><div class=\"fusion-text fusion-text-5\"><p>Ihnen steht weiterhin ein Beschwerderecht beim Landesbeauftragten f\u00fcr den Datenschutz und die Informationsfreiheit in Baden-W\u00fcrttemberg zu.<\/p>\n<p><strong>Kontaktformular<\/strong><br \/>\nWenn Sie uns per Kontaktformular Terminw\u00fcnsche oder Anfragen zukommen lassen, werden die von Ihnen mitgeteilten Daten (E-Mail-Adresse, Name, Telefonnummer) gespeichert, um Ihre Fragen beantworten zu k\u00f6nnen. Diese Daten werden gel\u00f6scht, sobald sie nicht mehr ben\u00f6tigt werden und keine gesetzlichen Aufbewahrungspflichten bestehen. Dritten werden diese Daten nicht zug\u00e4nglich gemacht.<\/p>\n<p><strong>Cookie Richtlinien<\/strong><\/p>\n<p><b>Weitere Informationen zu unseren <a href=\"https:\/\/naturheilpraxis-mutterer.de\/?page_id=7551\">Cookie Richtlinien (EU)<\/a> finden Sie auf unserer gesonderten Seite.<\/b><\/p>\n<\/div><div class=\"fusion-clearfix\"><\/div><\/div><\/div><\/div><\/div>\n","protected":false},"excerpt":{"rendered":"","protected":false},"author":2,"featured_media":0,"parent":0,"menu_order":0,"comment_status":"closed","ping_status":"closed","template":"","meta":{"footnotes":""},"class_list":["post-18","page","type-page","status-publish","hentry"],"yoast_head":"<!-- This site is optimized with the Yoast SEO plugin v27.5 - https:\/\/yoast.com\/product\/yoast-seo-wordpress\/ -->\n<title>Impressum - Naturheil- und Physiotherapiepraxis Christel Mutterer<\/title>\n<meta name=\"description\" content=\"Impressum der Naturheilpraxis Christel Mutterer\" \/>\n<meta name=\"robots\" content=\"index, follow, max-snippet:-1, max-image-preview:large, max-video-preview:-1\" \/>\n<link rel=\"canonical\" href=\"https:\/\/naturheilpraxis-mutterer.de\/?page_id=18\" \/>\n<meta name=\"twitter:label1\" content=\"Gesch\u00e4tzte Lesezeit\" \/>\n\t<meta name=\"twitter:data1\" content=\"3\u00a0Minuten\" \/>\n<script type=\"application\/ld+json\" class=\"yoast-schema-graph\">{\"@context\":\"https:\\\/\\\/schema.org\",\"@graph\":[{\"@type\":\"WebPage\",\"@id\":\"https:\\\/\\\/naturheilpraxis-mutterer.de\\\/?page_id=18\",\"url\":\"https:\\\/\\\/naturheilpraxis-mutterer.de\\\/?page_id=18\",\"name\":\"Impressum - Naturheil- und Physiotherapiepraxis Christel Mutterer\",\"isPartOf\":{\"@id\":\"https:\\\/\\\/naturheilpraxis-mutterer.de\\\/#website\"},\"datePublished\":\"2015-10-24T09:05:29+00:00\",\"dateModified\":\"2024-09-30T10:19:02+00:00\",\"description\":\"Impressum der Naturheilpraxis Christel Mutterer\",\"breadcrumb\":{\"@id\":\"https:\\\/\\\/naturheilpraxis-mutterer.de\\\/?page_id=18#breadcrumb\"},\"inLanguage\":\"de\",\"potentialAction\":[{\"@type\":\"ReadAction\",\"target\":[\"https:\\\/\\\/naturheilpraxis-mutterer.de\\\/?page_id=18\"]}]},{\"@type\":\"BreadcrumbList\",\"@id\":\"https:\\\/\\\/naturheilpraxis-mutterer.de\\\/?page_id=18#breadcrumb\",\"itemListElement\":[{\"@type\":\"ListItem\",\"position\":1,\"name\":\"Startseite\",\"item\":\"https:\\\/\\\/naturheilpraxis-mutterer.de\\\/\"},{\"@type\":\"ListItem\",\"position\":2,\"name\":\"Impressum\"}]},{\"@type\":\"WebSite\",\"@id\":\"https:\\\/\\\/naturheilpraxis-mutterer.de\\\/#website\",\"url\":\"https:\\\/\\\/naturheilpraxis-mutterer.de\\\/\",\"name\":\"Naturheil- und Physiotherapiepraxis Christel Mutterer\",\"description\":\"\",\"publisher\":{\"@id\":\"https:\\\/\\\/naturheilpraxis-mutterer.de\\\/#organization\"},\"potentialAction\":[{\"@type\":\"SearchAction\",\"target\":{\"@type\":\"EntryPoint\",\"urlTemplate\":\"https:\\\/\\\/naturheilpraxis-mutterer.de\\\/?s={search_term_string}\"},\"query-input\":{\"@type\":\"PropertyValueSpecification\",\"valueRequired\":true,\"valueName\":\"search_term_string\"}}],\"inLanguage\":\"de\"},{\"@type\":\"Organization\",\"@id\":\"https:\\\/\\\/naturheilpraxis-mutterer.de\\\/#organization\",\"name\":\"Naturheil- und Physiotherapiepraxis Christel Mutterer\",\"url\":\"https:\\\/\\\/naturheilpraxis-mutterer.de\\\/\",\"logo\":{\"@type\":\"ImageObject\",\"inLanguage\":\"de\",\"@id\":\"https:\\\/\\\/naturheilpraxis-mutterer.de\\\/#\\\/schema\\\/logo\\\/image\\\/\",\"url\":\"https:\\\/\\\/naturheilpraxis-mutterer.de\\\/wp-content\\\/uploads\\\/2016\\\/03\\\/Praxis-Logo-512_512.png\",\"contentUrl\":\"https:\\\/\\\/naturheilpraxis-mutterer.de\\\/wp-content\\\/uploads\\\/2016\\\/03\\\/Praxis-Logo-512_512.png\",\"width\":512,\"height\":512,\"caption\":\"Naturheil- und Physiotherapiepraxis Christel Mutterer\"},\"image\":{\"@id\":\"https:\\\/\\\/naturheilpraxis-mutterer.de\\\/#\\\/schema\\\/logo\\\/image\\\/\"}}]}<\/script>\n<!-- \/ Yoast SEO plugin. -->","yoast_head_json":{"title":"Impressum - Naturheil- und Physiotherapiepraxis Christel Mutterer","description":"Impressum der Naturheilpraxis Christel Mutterer","robots":{"index":"index","follow":"follow","max-snippet":"max-snippet:-1","max-image-preview":"max-image-preview:large","max-video-preview":"max-video-preview:-1"},"canonical":"https:\/\/naturheilpraxis-mutterer.de\/?page_id=18","twitter_misc":{"Gesch\u00e4tzte Lesezeit":"3\u00a0Minuten"},"schema":{"@context":"https:\/\/schema.org","@graph":[{"@type":"WebPage","@id":"https:\/\/naturheilpraxis-mutterer.de\/?page_id=18","url":"https:\/\/naturheilpraxis-mutterer.de\/?page_id=18","name":"Impressum - Naturheil- und Physiotherapiepraxis Christel Mutterer","isPartOf":{"@id":"https:\/\/naturheilpraxis-mutterer.de\/#website"},"datePublished":"2015-10-24T09:05:29+00:00","dateModified":"2024-09-30T10:19:02+00:00","description":"Impressum der Naturheilpraxis Christel Mutterer","breadcrumb":{"@id":"https:\/\/naturheilpraxis-mutterer.de\/?page_id=18#breadcrumb"},"inLanguage":"de","potentialAction":[{"@type":"ReadAction","target":["https:\/\/naturheilpraxis-mutterer.de\/?page_id=18"]}]},{"@type":"BreadcrumbList","@id":"https:\/\/naturheilpraxis-mutterer.de\/?page_id=18#breadcrumb","itemListElement":[{"@type":"ListItem","position":1,"name":"Startseite","item":"https:\/\/naturheilpraxis-mutterer.de\/"},{"@type":"ListItem","position":2,"name":"Impressum"}]},{"@type":"WebSite","@id":"https:\/\/naturheilpraxis-mutterer.de\/#website","url":"https:\/\/naturheilpraxis-mutterer.de\/","name":"Naturheil- und Physiotherapiepraxis Christel Mutterer","description":"","publisher":{"@id":"https:\/\/naturheilpraxis-mutterer.de\/#organization"},"potentialAction":[{"@type":"SearchAction","target":{"@type":"EntryPoint","urlTemplate":"https:\/\/naturheilpraxis-mutterer.de\/?s={search_term_string}"},"query-input":{"@type":"PropertyValueSpecification","valueRequired":true,"valueName":"search_term_string"}}],"inLanguage":"de"},{"@type":"Organization","@id":"https:\/\/naturheilpraxis-mutterer.de\/#organization","name":"Naturheil- und Physiotherapiepraxis Christel Mutterer","url":"https:\/\/naturheilpraxis-mutterer.de\/","logo":{"@type":"ImageObject","inLanguage":"de","@id":"https:\/\/naturheilpraxis-mutterer.de\/#\/schema\/logo\/image\/","url":"https:\/\/naturheilpraxis-mutterer.de\/wp-content\/uploads\/2016\/03\/Praxis-Logo-512_512.png","contentUrl":"https:\/\/naturheilpraxis-mutterer.de\/wp-content\/uploads\/2016\/03\/Praxis-Logo-512_512.png","width":512,"height":512,"caption":"Naturheil- und Physiotherapiepraxis Christel Mutterer"},"image":{"@id":"https:\/\/naturheilpraxis-mutterer.de\/#\/schema\/logo\/image\/"}}]}},"_links":{"self":[{"href":"https:\/\/naturheilpraxis-mutterer.de\/index.php?rest_route=\/wp\/v2\/pages\/18","targetHints":{"allow":["GET"]}}],"collection":[{"href":"https:\/\/naturheilpraxis-mutterer.de\/index.php?rest_route=\/wp\/v2\/pages"}],"about":[{"href":"https:\/\/naturheilpraxis-mutterer.de\/index.php?rest_route=\/wp\/v2\/types\/page"}],"author":[{"embeddable":true,"href":"https:\/\/naturheilpraxis-mutterer.de\/index.php?rest_route=\/wp\/v2\/users\/2"}],"replies":[{"embeddable":true,"href":"https:\/\/naturheilpraxis-mutterer.de\/index.php?rest_route=%2Fwp%2Fv2%2Fcomments&post=18"}],"version-history":[{"count":0,"href":"https:\/\/naturheilpraxis-mutterer.de\/index.php?rest_route=\/wp\/v2\/pages\/18\/revisions"}],"wp:attachment":[{"href":"https:\/\/naturheilpraxis-mutterer.de\/index.php?rest_route=%2Fwp%2Fv2%2Fmedia&parent=18"}],"curies":[{"name":"wp","href":"https:\/\/api.w.org\/{rel}","templated":true}]}}