{"id":285,"date":"2016-03-04T11:22:01","date_gmt":"2016-03-04T10:22:01","guid":{"rendered":"http:\/\/naturheilpraxis-mutterer.de\/?page_id=285"},"modified":"2017-05-10T10:45:09","modified_gmt":"2017-05-10T08:45:09","slug":"links-zu-anderen-quellen","status":"publish","type":"page","link":"https:\/\/naturheilpraxis-mutterer.de\/?page_id=285","title":{"rendered":"Links zu anderen Quellen"},"content":{"rendered":"<div class=\"fusion-fullwidth fullwidth-box fusion-builder-row-1 hundred-percent-fullwidth non-hundred-percent-height-scrolling\" style=\"--awb-border-radius-top-left:0px;--awb-border-radius-top-right:0px;--awb-border-radius-bottom-right:0px;--awb-border-radius-bottom-left:0px;--awb-overflow:visible;--awb-flex-wrap:wrap;\" ><div class=\"fusion-builder-row fusion-row\"><div class=\"fusion-layout-column fusion_builder_column fusion-builder-column-0 fusion_builder_column_1_1 1_1 fusion-one-full fusion-column-first fusion-column-last fusion-column-no-min-height\" style=\"--awb-bg-size:cover;--awb-margin-bottom:0px;\"><div class=\"fusion-column-wrapper fusion-flex-column-wrapper-legacy\"><div class=\"fusion-title title fusion-title-1 fusion-sep-none fusion-title-text fusion-title-size-one\" style=\"--awb-margin-top-small:0px;--awb-margin-right-small:0px;--awb-margin-bottom-small:20px;--awb-margin-left-small:0px;\"><h1 class=\"fusion-title-heading title-heading-left fusion-responsive-typography-calculated\" style=\"margin:0;--fontSize:26;line-height:1.41;\">Linkverzeichnis<\/h1><\/div><div class=\"fusion-text fusion-text-1\"><p><strong>Hier finden Sie Links zu anderen Informationen zum Thema Naturheilkunde und Physiotherapie<\/strong><\/p>\n<\/div><div class=\"fusion-clearfix\"><\/div><\/div><\/div><div class=\"fusion-layout-column fusion_builder_column fusion-builder-column-1 fusion_builder_column_1_1 1_1 fusion-one-full fusion-column-first fusion-column-last fusion-column-no-min-height\" style=\"--awb-bg-size:cover;--awb-margin-bottom:0px;\"><div class=\"fusion-column-wrapper fusion-flex-column-wrapper-legacy\"><ul style=\"--awb-size:13px;--awb-line-height:22.1px;--awb-icon-width:22.1px;--awb-icon-height:22.1px;--awb-icon-margin:9.1px;--awb-content-margin:31.2px;--awb-circlecolor:#a0ce4e;--awb-circle-yes-font-size:11.44px;\" class=\"fusion-checklist fusion-checklist-1 fusion-checklist-default type-icons\"><li class=\"fusion-li-item\" style=\"\"><span class=\"icon-wrapper circle-yes\"><i class=\"fusion-li-icon fa fa-external-link\" aria-hidden=\"true\"><\/i><\/span><div class=\"fusion-li-item-content\">Deutsches Heilpraktiker Verzeichnis: <a href=\"http:\/\/www.heilpraktiker-onlineverzeichnis.info\" target=\"_blank\" rel=\"noopener noreferrer\">http:\/\/www.heilpraktiker-onlineverzeichnis.info<\/a>\u00a0\u00a0zur Verf\u00fcgung gestellt von \u00a0\u00a0<a href=\"http:\/\/www.heilpraktikerversicherung.biz\/\" target=\"_blank\" rel=\"noopener noreferrer\"><span style=\"color: #333333;\">http:\/\/www.heilpraktikerversicherung.biz<\/span><\/a><\/div><\/li><li class=\"fusion-li-item\" style=\"\"><span class=\"icon-wrapper circle-yes\"><i class=\"fusion-li-icon fa fa-external-link\" aria-hidden=\"true\"><\/i><\/span><div class=\"fusion-li-item-content\">Heilpraktiker ABC: <a href=\"http:\/\/www.heilpraktiker-abc.de\/\" target=\"_blank\" rel=\"noopener noreferrer\"><span style=\"color: #333333;\">http:\/\/www.heilpraktiker-abc.de<\/span><\/a><\/div><\/li><li class=\"fusion-li-item\" style=\"\"><span class=\"icon-wrapper circle-yes\"><i class=\"fusion-li-icon fa fa-external-link\" aria-hidden=\"true\"><\/i><\/span><div class=\"fusion-li-item-content\">Meine Pr\u00e4senz im Heil-Verzeichnis: <a href=\"http:\/\/www.heil-verzeichnis.de\/naturheilpraxis-mutterer\" target=\"_blank\" rel=\"noopener noreferrer\">http:\/\/www.heil-verzeichnis.de\/naturheilpraxis-mutterer<\/a><\/div><\/li><li class=\"fusion-li-item\" style=\"\"><span class=\"icon-wrapper circle-yes\"><i class=\"fusion-li-icon fa fa-external-link\" aria-hidden=\"true\"><\/i><\/span><div class=\"fusion-li-item-content\"><a title=\"Webkatalog f\u00fcr Naturheilverfahren und Naturheilkunde\" href=\"http:\/\/www.naturheilkunde-index.de\" target=\"blank\">Webkatalog f\u00fcr alternative Medizin &amp; Naturheilkunde<\/a><\/div><\/li><li class=\"fusion-li-item\" style=\"\"><span class=\"icon-wrapper circle-yes\"><i class=\"fusion-li-icon fa fa-external-link\" aria-hidden=\"true\"><\/i><\/span><div class=\"fusion-li-item-content\"><a href=\"http:\u200b\/\/www.\u200bdeutsches-arthrose-forum.\u200bde\u200b\" target=\"_blank\" rel=\"noopener noreferrer\">Deutsches Arthrose Forum<\/a><\/div><\/li><li class=\"fusion-li-item\" style=\"\"><span class=\"icon-wrapper circle-yes\"><i class=\"fusion-li-icon fa fa-external-link\" aria-hidden=\"true\"><\/i><\/span><div class=\"fusion-li-item-content\"><a href=\"http:\/\/www.gesunder-mensch.de\/\" target=\"_blank\" rel=\"noopener noreferrer\">Gesunder-Mensch.de &#8211; Der Suchdienst f\u00fcr alternative Heilverfahren<\/a><\/div><\/li><li class=\"fusion-li-item\" style=\"\"><span class=\"icon-wrapper circle-yes\"><i class=\"fusion-li-icon fa fa-external-link\" aria-hidden=\"true\"><\/i><\/span><div class=\"fusion-li-item-content\"><!-- frag-christel.de Start--><\/p>\n<div style=\"color: #666; font-size: 12px; font-family: Verdana, Arial, Helvetica, sans-serif; font-weight: normal; text-decoration: underline;\"><a href=\"http:\/\/straubenhardt.frag-christel.de\/H\/heilpraktiker-4256_1.php\" target=\"_blank\" rel=\"noopener noreferrer\"><img decoding=\"async\" title=\"Heilpraktiker Straubenhardt\" src=\"http:\/\/www.frag-christel.de\/bilder\/branchenbuch_christel.gif\" alt=\"Heilpraktiker Straubenhardt\" border=\"0\" \/><\/a><\/div>\n<p><!-- frag-christel.de Ende--><\/div><\/li><\/ul><div class=\"fusion-clearfix\"><\/div><\/div><\/div><div class=\"fusion-layout-column fusion_builder_column fusion-builder-column-2 fusion_builder_column_1_1 1_1 fusion-one-full fusion-column-first fusion-column-last\" style=\"--awb-bg-size:cover;\"><div class=\"fusion-column-wrapper fusion-flex-column-wrapper-legacy\"><div class=\"fusion-text fusion-text-2\"><p>&nbsp;<\/p>\n<p>&nbsp;<\/p>\n<p>&nbsp;<\/p>\n<p><b>Haftung f\u00fcr Links:<br \/>\n<\/b> Unser Angebot enth\u00e4lt Links zu externen Webseiten Dritter, auf deren Inhalte wir keinen Einfluss haben. Deshalb k\u00f6nnen wir f\u00fcr diese fremden Inhalte auch keine Gew\u00e4hr \u00fcbernehmen. F\u00fcr die Inhalte der verlinkten Seiten ist stets der jeweilige Anbieter oder Betreiber der Seiten verantwortlich. Die verlinkten Seiten wurden zum Zeitpunkt der Verlinkung auf m\u00f6gliche Rechtsverst\u00f6\u00dfe \u00fcberpr\u00fcft. Rechtswidrige Inhalte waren zum Zeitpunkt der Verlinkung nicht erkennbar. Eine permanente inhaltliche Kontrolle der verlinkten Seiten ist jedoch ohne konkrete Anhaltspunkte einer Rechtsverletzung nicht zumutbar. Bei Bekanntwerden von Rechtsverletzungen werden wir derartige Links umgehend entfernen.<\/p>\n<\/div><div class=\"fusion-clearfix\"><\/div><\/div><\/div><\/div><\/div>\n","protected":false},"excerpt":{"rendered":"","protected":false},"author":2,"featured_media":0,"parent":10,"menu_order":0,"comment_status":"closed","ping_status":"closed","template":"","meta":{"footnotes":""},"class_list":["post-285","page","type-page","status-publish","hentry"],"yoast_head":"<!-- This site is optimized with the Yoast SEO plugin v27.5 - https:\/\/yoast.com\/product\/yoast-seo-wordpress\/ -->\n<title>Links zu anderen Quellen - Naturheil- und Physiotherapiepraxis Christel Mutterer<\/title>\n<meta name=\"robots\" content=\"noindex, nofollow\" \/>\n<meta name=\"twitter:label1\" content=\"Gesch\u00e4tzte Lesezeit\" \/>\n\t<meta name=\"twitter:data1\" content=\"2\u00a0Minuten\" \/>\n<script type=\"application\/ld+json\" class=\"yoast-schema-graph\">{\"@context\":\"https:\\\/\\\/schema.org\",\"@graph\":[{\"@type\":\"WebPage\",\"@id\":\"https:\\\/\\\/naturheilpraxis-mutterer.de\\\/?page_id=285\",\"url\":\"https:\\\/\\\/naturheilpraxis-mutterer.de\\\/?page_id=285\",\"name\":\"Links zu anderen Quellen - Naturheil- und Physiotherapiepraxis Christel Mutterer\",\"isPartOf\":{\"@id\":\"https:\\\/\\\/naturheilpraxis-mutterer.de\\\/#website\"},\"primaryImageOfPage\":{\"@id\":\"https:\\\/\\\/naturheilpraxis-mutterer.de\\\/?page_id=285#primaryimage\"},\"image\":{\"@id\":\"https:\\\/\\\/naturheilpraxis-mutterer.de\\\/?page_id=285#primaryimage\"},\"thumbnailUrl\":\"http:\\\/\\\/www.frag-christel.de\\\/bilder\\\/branchenbuch_christel.gif\",\"datePublished\":\"2016-03-04T10:22:01+00:00\",\"dateModified\":\"2017-05-10T08:45:09+00:00\",\"breadcrumb\":{\"@id\":\"https:\\\/\\\/naturheilpraxis-mutterer.de\\\/?page_id=285#breadcrumb\"},\"inLanguage\":\"de\",\"potentialAction\":[{\"@type\":\"ReadAction\",\"target\":[\"https:\\\/\\\/naturheilpraxis-mutterer.de\\\/?page_id=285\"]}]},{\"@type\":\"ImageObject\",\"inLanguage\":\"de\",\"@id\":\"https:\\\/\\\/naturheilpraxis-mutterer.de\\\/?page_id=285#primaryimage\",\"url\":\"http:\\\/\\\/www.frag-christel.de\\\/bilder\\\/branchenbuch_christel.gif\",\"contentUrl\":\"http:\\\/\\\/www.frag-christel.de\\\/bilder\\\/branchenbuch_christel.gif\"},{\"@type\":\"BreadcrumbList\",\"@id\":\"https:\\\/\\\/naturheilpraxis-mutterer.de\\\/?page_id=285#breadcrumb\",\"itemListElement\":[{\"@type\":\"ListItem\",\"position\":1,\"name\":\"Startseite\",\"item\":\"https:\\\/\\\/naturheilpraxis-mutterer.de\\\/\"},{\"@type\":\"ListItem\",\"position\":2,\"name\":\"\u00dcber uns\",\"item\":\"https:\\\/\\\/naturheilpraxis-mutterer.de\\\/?page_id=10\"},{\"@type\":\"ListItem\",\"position\":3,\"name\":\"Links zu anderen Quellen\"}]},{\"@type\":\"WebSite\",\"@id\":\"https:\\\/\\\/naturheilpraxis-mutterer.de\\\/#website\",\"url\":\"https:\\\/\\\/naturheilpraxis-mutterer.de\\\/\",\"name\":\"Naturheil- und Physiotherapiepraxis Christel Mutterer\",\"description\":\"\",\"publisher\":{\"@id\":\"https:\\\/\\\/naturheilpraxis-mutterer.de\\\/#organization\"},\"potentialAction\":[{\"@type\":\"SearchAction\",\"target\":{\"@type\":\"EntryPoint\",\"urlTemplate\":\"https:\\\/\\\/naturheilpraxis-mutterer.de\\\/?s={search_term_string}\"},\"query-input\":{\"@type\":\"PropertyValueSpecification\",\"valueRequired\":true,\"valueName\":\"search_term_string\"}}],\"inLanguage\":\"de\"},{\"@type\":\"Organization\",\"@id\":\"https:\\\/\\\/naturheilpraxis-mutterer.de\\\/#organization\",\"name\":\"Naturheil- und Physiotherapiepraxis Christel Mutterer\",\"url\":\"https:\\\/\\\/naturheilpraxis-mutterer.de\\\/\",\"logo\":{\"@type\":\"ImageObject\",\"inLanguage\":\"de\",\"@id\":\"https:\\\/\\\/naturheilpraxis-mutterer.de\\\/#\\\/schema\\\/logo\\\/image\\\/\",\"url\":\"https:\\\/\\\/naturheilpraxis-mutterer.de\\\/wp-content\\\/uploads\\\/2016\\\/03\\\/Praxis-Logo-512_512.png\",\"contentUrl\":\"https:\\\/\\\/naturheilpraxis-mutterer.de\\\/wp-content\\\/uploads\\\/2016\\\/03\\\/Praxis-Logo-512_512.png\",\"width\":512,\"height\":512,\"caption\":\"Naturheil- und Physiotherapiepraxis Christel Mutterer\"},\"image\":{\"@id\":\"https:\\\/\\\/naturheilpraxis-mutterer.de\\\/#\\\/schema\\\/logo\\\/image\\\/\"}}]}<\/script>\n<!-- \/ Yoast SEO plugin. -->","yoast_head_json":{"title":"Links zu anderen Quellen - Naturheil- und Physiotherapiepraxis Christel Mutterer","robots":{"index":"noindex","follow":"nofollow"},"twitter_misc":{"Gesch\u00e4tzte Lesezeit":"2\u00a0Minuten"},"schema":{"@context":"https:\/\/schema.org","@graph":[{"@type":"WebPage","@id":"https:\/\/naturheilpraxis-mutterer.de\/?page_id=285","url":"https:\/\/naturheilpraxis-mutterer.de\/?page_id=285","name":"Links zu anderen Quellen - Naturheil- und Physiotherapiepraxis Christel Mutterer","isPartOf":{"@id":"https:\/\/naturheilpraxis-mutterer.de\/#website"},"primaryImageOfPage":{"@id":"https:\/\/naturheilpraxis-mutterer.de\/?page_id=285#primaryimage"},"image":{"@id":"https:\/\/naturheilpraxis-mutterer.de\/?page_id=285#primaryimage"},"thumbnailUrl":"http:\/\/www.frag-christel.de\/bilder\/branchenbuch_christel.gif","datePublished":"2016-03-04T10:22:01+00:00","dateModified":"2017-05-10T08:45:09+00:00","breadcrumb":{"@id":"https:\/\/naturheilpraxis-mutterer.de\/?page_id=285#breadcrumb"},"inLanguage":"de","potentialAction":[{"@type":"ReadAction","target":["https:\/\/naturheilpraxis-mutterer.de\/?page_id=285"]}]},{"@type":"ImageObject","inLanguage":"de","@id":"https:\/\/naturheilpraxis-mutterer.de\/?page_id=285#primaryimage","url":"http:\/\/www.frag-christel.de\/bilder\/branchenbuch_christel.gif","contentUrl":"http:\/\/www.frag-christel.de\/bilder\/branchenbuch_christel.gif"},{"@type":"BreadcrumbList","@id":"https:\/\/naturheilpraxis-mutterer.de\/?page_id=285#breadcrumb","itemListElement":[{"@type":"ListItem","position":1,"name":"Startseite","item":"https:\/\/naturheilpraxis-mutterer.de\/"},{"@type":"ListItem","position":2,"name":"\u00dcber uns","item":"https:\/\/naturheilpraxis-mutterer.de\/?page_id=10"},{"@type":"ListItem","position":3,"name":"Links zu anderen Quellen"}]},{"@type":"WebSite","@id":"https:\/\/naturheilpraxis-mutterer.de\/#website","url":"https:\/\/naturheilpraxis-mutterer.de\/","name":"Naturheil- und Physiotherapiepraxis Christel Mutterer","description":"","publisher":{"@id":"https:\/\/naturheilpraxis-mutterer.de\/#organization"},"potentialAction":[{"@type":"SearchAction","target":{"@type":"EntryPoint","urlTemplate":"https:\/\/naturheilpraxis-mutterer.de\/?s={search_term_string}"},"query-input":{"@type":"PropertyValueSpecification","valueRequired":true,"valueName":"search_term_string"}}],"inLanguage":"de"},{"@type":"Organization","@id":"https:\/\/naturheilpraxis-mutterer.de\/#organization","name":"Naturheil- und Physiotherapiepraxis Christel Mutterer","url":"https:\/\/naturheilpraxis-mutterer.de\/","logo":{"@type":"ImageObject","inLanguage":"de","@id":"https:\/\/naturheilpraxis-mutterer.de\/#\/schema\/logo\/image\/","url":"https:\/\/naturheilpraxis-mutterer.de\/wp-content\/uploads\/2016\/03\/Praxis-Logo-512_512.png","contentUrl":"https:\/\/naturheilpraxis-mutterer.de\/wp-content\/uploads\/2016\/03\/Praxis-Logo-512_512.png","width":512,"height":512,"caption":"Naturheil- und Physiotherapiepraxis Christel Mutterer"},"image":{"@id":"https:\/\/naturheilpraxis-mutterer.de\/#\/schema\/logo\/image\/"}}]}},"_links":{"self":[{"href":"https:\/\/naturheilpraxis-mutterer.de\/index.php?rest_route=\/wp\/v2\/pages\/285","targetHints":{"allow":["GET"]}}],"collection":[{"href":"https:\/\/naturheilpraxis-mutterer.de\/index.php?rest_route=\/wp\/v2\/pages"}],"about":[{"href":"https:\/\/naturheilpraxis-mutterer.de\/index.php?rest_route=\/wp\/v2\/types\/page"}],"author":[{"embeddable":true,"href":"https:\/\/naturheilpraxis-mutterer.de\/index.php?rest_route=\/wp\/v2\/users\/2"}],"replies":[{"embeddable":true,"href":"https:\/\/naturheilpraxis-mutterer.de\/index.php?rest_route=%2Fwp%2Fv2%2Fcomments&post=285"}],"version-history":[{"count":0,"href":"https:\/\/naturheilpraxis-mutterer.de\/index.php?rest_route=\/wp\/v2\/pages\/285\/revisions"}],"up":[{"embeddable":true,"href":"https:\/\/naturheilpraxis-mutterer.de\/index.php?rest_route=\/wp\/v2\/pages\/10"}],"wp:attachment":[{"href":"https:\/\/naturheilpraxis-mutterer.de\/index.php?rest_route=%2Fwp%2Fv2%2Fmedia&parent=285"}],"curies":[{"name":"wp","href":"https:\/\/api.w.org\/{rel}","templated":true}]}}