{"id":784,"date":"2016-11-17T09:46:52","date_gmt":"2016-11-17T08:46:52","guid":{"rendered":"http:\/\/naturheilpraxis-mutterer.de\/?page_id=784"},"modified":"2017-05-10T10:44:38","modified_gmt":"2017-05-10T08:44:38","slug":"einsatzmoeglichkeiten-der-renergeresen","status":"publish","type":"page","link":"https:\/\/naturheilpraxis-mutterer.de\/?page_id=784","title":{"rendered":"Einsatzm\u00f6glichkeiten der Renergeresen"},"content":{"rendered":"<div class=\"fusion-fullwidth fullwidth-box fusion-builder-row-1 nonhundred-percent-fullwidth non-hundred-percent-height-scrolling\" style=\"--awb-border-radius-top-left:0px;--awb-border-radius-top-right:0px;--awb-border-radius-bottom-right:0px;--awb-border-radius-bottom-left:0px;--awb-padding-top:20px;--awb-padding-bottom:20px;--awb-flex-wrap:wrap;\" ><div class=\"fusion-builder-row fusion-row\"><div class=\"fusion-layout-column fusion_builder_column fusion-builder-column-0 fusion_builder_column_1_1 1_1 fusion-one-full fusion-column-first fusion-column-last\" style=\"--awb-bg-size:cover;\"><div class=\"fusion-column-wrapper fusion-flex-column-wrapper-legacy\"><div class=\"fusion-title title fusion-title-1 fusion-sep-none fusion-title-text fusion-title-size-one\" style=\"--awb-margin-top-small:0px;--awb-margin-right-small:0px;--awb-margin-bottom-small:20px;--awb-margin-left-small:0px;\"><h1 class=\"fusion-title-heading title-heading-left fusion-responsive-typography-calculated\" style=\"margin:0;--fontSize:26;line-height:1.41;\">Einsatzm\u00f6glichkeiten der Regeneresen<\/h1><\/div><div class=\"fusion-clearfix\"><\/div><\/div><\/div><div class=\"fusion-layout-column fusion_builder_column fusion-builder-column-1 fusion_builder_column_1_2 1_2 fusion-one-half fusion-column-first\" style=\"--awb-bg-size:cover;width:50%;width:calc(50% - ( ( 4% ) * 0.5 ) );margin-right: 4%;\"><div class=\"fusion-column-wrapper fusion-flex-column-wrapper-legacy\"><div class=\"fusion-image-element fusion-image-align-center in-legacy-container\" style=\"text-align:center;--awb-caption-title-font-family:var(--h2_typography-font-family);--awb-caption-title-font-weight:var(--h2_typography-font-weight);--awb-caption-title-font-style:var(--h2_typography-font-style);--awb-caption-title-size:var(--h2_typography-font-size);--awb-caption-title-transform:var(--h2_typography-text-transform);--awb-caption-title-line-height:var(--h2_typography-line-height);--awb-caption-title-letter-spacing:var(--h2_typography-letter-spacing);\"><div class=\"imageframe-align-center\"><span class=\" fusion-imageframe imageframe-none imageframe-1 hover-type-none\"><img decoding=\"async\" width=\"300\" height=\"226\" alt=\"RNS\" title=\"rns\" src=\"http:\/\/naturheilpraxis-mutterer.de\/wp-content\/uploads\/2016\/11\/rns-300x226.png\" class=\"img-responsive wp-image-785\" srcset=\"https:\/\/naturheilpraxis-mutterer.de\/wp-content\/uploads\/2016\/11\/rns-200x151.png 200w, https:\/\/naturheilpraxis-mutterer.de\/wp-content\/uploads\/2016\/11\/rns-400x302.png 400w, https:\/\/naturheilpraxis-mutterer.de\/wp-content\/uploads\/2016\/11\/rns.png 502w\" sizes=\"(max-width: 800px) 100vw, 300px\" \/><\/span><\/div><\/div><div class=\"fusion-clearfix\"><\/div><\/div><\/div><div class=\"fusion-layout-column fusion_builder_column fusion-builder-column-2 fusion_builder_column_1_2 1_2 fusion-one-half fusion-column-last\" style=\"--awb-bg-size:cover;width:50%;width:calc(50% - ( ( 4% ) * 0.5 ) );\"><div class=\"fusion-column-wrapper fusion-flex-column-wrapper-legacy\"><div class=\"fusion-text fusion-text-1\"><p>Regeneresen k\u00f6nnen bei folgenden Krankheiten Einsatz finden:<\/p>\n<ul>\n<li>Abwehrschw\u00e4che<\/li>\n<li>Addison\u2019sche Krankheit<\/li>\n<li>Adnexitis, chronische<\/li>\n<li>Allergische Erkrankung<\/li>\n<li>Akne<\/li>\n<li>Altersschwerh\u00f6rigkeit<\/li>\n<li>Altersschwerh\u00f6rigkeit<\/li>\n<li>Amenorrhoe<\/li>\n<li>Amyotrophe Lateralsklerose (ALS)<\/li>\n<li>An\u00e4mie<\/li>\n<li>Angina pectoris<\/li>\n<li>Arteriosklerose \/ Durchblutungsst\u00f6rungen<\/li>\n<li>Arthrose<\/li>\n<li>Asthma bronchiale<\/li>\n<li>Bandscheibenschaden:<\/li>\n<li>Basedow\u00b4sche Krankheit<\/li>\n<li>Bronchitis, chronische<\/li>\n<li>Cholangiopathie \/ Cholecystopathie<\/li>\n<li>Choroideaskleros<\/li>\n<li>Colitis<\/li>\n<li>Coxarthrose<\/li>\n<li>Diabetes mellitus Typ II<\/li>\n<li>Dysmenorrhoe<\/li>\n<li>Fertilit\u00e4tsst\u00f6rungen \/ fem.<\/li>\n<li>Fertilit\u00e4tsst\u00f6rungen \/ masc.<\/li>\n<li>Fettleber<\/li>\n<li>Fryda Tumortherapie Zyklus 1<\/li>\n<li>Gastritis, chronische<\/li>\n<li>Glaukom<\/li>\n<li>Hepatitis, chronische<\/li>\n<li>Heuschnupfen, masc.<\/li>\n<li>H\u00f6rsturz<\/li>\n<li>Hypertonie<\/li>\n<li>Innenohrschwerh\u00f6rigkeit<\/li>\n<li>Klimakterium \/ fem.<\/li>\n<li>Klimakterium \/ masc.<\/li>\n<li>Leistungsschw\u00e4che<\/li>\n<li>Makuladegeneration \/ Retinitis pigmentosa<\/li>\n<li>Morbus Parkinson<\/li>\n<li>Multiple Sklerose<\/li>\n<li>Nebenniereninsuffizienz<\/li>\n<li>Nephritis, chronische<\/li>\n<li>Nephrose \/ Niereninsuffizienz<\/li>\n<li>Neurodermitis, fem.<\/li>\n<li>Osteochondrose<\/li>\n<li>Osteoporose<\/li>\n<li>Pankreasinsuffizienz, exokrin<\/li>\n<li>Polyarthritis, chronische<\/li>\n<li>Potenzst\u00f6rungen<\/li>\n<li>Prostatahypertrophie<\/li>\n<li>Psoriasis<\/li>\n<li>Tinnitus \/ Vertigo<\/li>\n<li>Ulcus cruris<\/li>\n<li>Ulcus duodeni<\/li>\n<li>Wirbels\u00e4ulensyndrom<\/li>\n<li>Wundheilungsst\u00f6rungen<\/li>\n<\/ul>\n<\/div><div class=\"fusion-clearfix\"><\/div><\/div><\/div><\/div><\/div>\n","protected":false},"excerpt":{"rendered":"","protected":false},"author":2,"featured_media":0,"parent":766,"menu_order":0,"comment_status":"closed","ping_status":"closed","template":"","meta":{"footnotes":""},"class_list":["post-784","page","type-page","status-publish","hentry"],"yoast_head":"<!-- This site is optimized with the Yoast SEO plugin v27.5 - https:\/\/yoast.com\/product\/yoast-seo-wordpress\/ -->\n<title>Einsatzm\u00f6glichkeiten der Renergeresen - Naturheil- und Physiotherapiepraxis Christel Mutterer<\/title>\n<meta name=\"description\" content=\"Regeneresen k\u00f6nnen bei den hier aufgef\u00fchrten Krankheiten Einsatz finden.\" \/>\n<meta name=\"robots\" content=\"index, follow, max-snippet:-1, max-image-preview:large, max-video-preview:-1\" \/>\n<link rel=\"canonical\" href=\"https:\/\/naturheilpraxis-mutterer.de\/?page_id=784\" \/>\n<meta name=\"twitter:label1\" content=\"Gesch\u00e4tzte Lesezeit\" \/>\n\t<meta name=\"twitter:data1\" content=\"2\u00a0Minuten\" \/>\n<script type=\"application\/ld+json\" class=\"yoast-schema-graph\">{\"@context\":\"https:\\\/\\\/schema.org\",\"@graph\":[{\"@type\":\"WebPage\",\"@id\":\"https:\\\/\\\/naturheilpraxis-mutterer.de\\\/?page_id=784\",\"url\":\"https:\\\/\\\/naturheilpraxis-mutterer.de\\\/?page_id=784\",\"name\":\"Einsatzm\u00f6glichkeiten der Renergeresen - Naturheil- und Physiotherapiepraxis Christel Mutterer\",\"isPartOf\":{\"@id\":\"https:\\\/\\\/naturheilpraxis-mutterer.de\\\/#website\"},\"datePublished\":\"2016-11-17T08:46:52+00:00\",\"dateModified\":\"2017-05-10T08:44:38+00:00\",\"description\":\"Regeneresen k\u00f6nnen bei den hier aufgef\u00fchrten Krankheiten Einsatz finden.\",\"breadcrumb\":{\"@id\":\"https:\\\/\\\/naturheilpraxis-mutterer.de\\\/?page_id=784#breadcrumb\"},\"inLanguage\":\"de\",\"potentialAction\":[{\"@type\":\"ReadAction\",\"target\":[\"https:\\\/\\\/naturheilpraxis-mutterer.de\\\/?page_id=784\"]}]},{\"@type\":\"BreadcrumbList\",\"@id\":\"https:\\\/\\\/naturheilpraxis-mutterer.de\\\/?page_id=784#breadcrumb\",\"itemListElement\":[{\"@type\":\"ListItem\",\"position\":1,\"name\":\"Startseite\",\"item\":\"https:\\\/\\\/naturheilpraxis-mutterer.de\\\/\"},{\"@type\":\"ListItem\",\"position\":2,\"name\":\"Naturheilkunde\",\"item\":\"https:\\\/\\\/naturheilpraxis-mutterer.de\\\/?page_id=37\"},{\"@type\":\"ListItem\",\"position\":3,\"name\":\"Regeneresen\",\"item\":\"https:\\\/\\\/naturheilpraxis-mutterer.de\\\/?page_id=766\"},{\"@type\":\"ListItem\",\"position\":4,\"name\":\"Einsatzm\u00f6glichkeiten der Renergeresen\"}]},{\"@type\":\"WebSite\",\"@id\":\"https:\\\/\\\/naturheilpraxis-mutterer.de\\\/#website\",\"url\":\"https:\\\/\\\/naturheilpraxis-mutterer.de\\\/\",\"name\":\"Naturheil- und Physiotherapiepraxis Christel Mutterer\",\"description\":\"\",\"publisher\":{\"@id\":\"https:\\\/\\\/naturheilpraxis-mutterer.de\\\/#organization\"},\"potentialAction\":[{\"@type\":\"SearchAction\",\"target\":{\"@type\":\"EntryPoint\",\"urlTemplate\":\"https:\\\/\\\/naturheilpraxis-mutterer.de\\\/?s={search_term_string}\"},\"query-input\":{\"@type\":\"PropertyValueSpecification\",\"valueRequired\":true,\"valueName\":\"search_term_string\"}}],\"inLanguage\":\"de\"},{\"@type\":\"Organization\",\"@id\":\"https:\\\/\\\/naturheilpraxis-mutterer.de\\\/#organization\",\"name\":\"Naturheil- und Physiotherapiepraxis Christel Mutterer\",\"url\":\"https:\\\/\\\/naturheilpraxis-mutterer.de\\\/\",\"logo\":{\"@type\":\"ImageObject\",\"inLanguage\":\"de\",\"@id\":\"https:\\\/\\\/naturheilpraxis-mutterer.de\\\/#\\\/schema\\\/logo\\\/image\\\/\",\"url\":\"https:\\\/\\\/naturheilpraxis-mutterer.de\\\/wp-content\\\/uploads\\\/2016\\\/03\\\/Praxis-Logo-512_512.png\",\"contentUrl\":\"https:\\\/\\\/naturheilpraxis-mutterer.de\\\/wp-content\\\/uploads\\\/2016\\\/03\\\/Praxis-Logo-512_512.png\",\"width\":512,\"height\":512,\"caption\":\"Naturheil- und Physiotherapiepraxis Christel Mutterer\"},\"image\":{\"@id\":\"https:\\\/\\\/naturheilpraxis-mutterer.de\\\/#\\\/schema\\\/logo\\\/image\\\/\"}}]}<\/script>\n<!-- \/ Yoast SEO plugin. -->","yoast_head_json":{"title":"Einsatzm\u00f6glichkeiten der Renergeresen - Naturheil- und Physiotherapiepraxis Christel Mutterer","description":"Regeneresen k\u00f6nnen bei den hier aufgef\u00fchrten Krankheiten Einsatz finden.","robots":{"index":"index","follow":"follow","max-snippet":"max-snippet:-1","max-image-preview":"max-image-preview:large","max-video-preview":"max-video-preview:-1"},"canonical":"https:\/\/naturheilpraxis-mutterer.de\/?page_id=784","twitter_misc":{"Gesch\u00e4tzte Lesezeit":"2\u00a0Minuten"},"schema":{"@context":"https:\/\/schema.org","@graph":[{"@type":"WebPage","@id":"https:\/\/naturheilpraxis-mutterer.de\/?page_id=784","url":"https:\/\/naturheilpraxis-mutterer.de\/?page_id=784","name":"Einsatzm\u00f6glichkeiten der Renergeresen - Naturheil- und Physiotherapiepraxis Christel Mutterer","isPartOf":{"@id":"https:\/\/naturheilpraxis-mutterer.de\/#website"},"datePublished":"2016-11-17T08:46:52+00:00","dateModified":"2017-05-10T08:44:38+00:00","description":"Regeneresen k\u00f6nnen bei den hier aufgef\u00fchrten Krankheiten Einsatz finden.","breadcrumb":{"@id":"https:\/\/naturheilpraxis-mutterer.de\/?page_id=784#breadcrumb"},"inLanguage":"de","potentialAction":[{"@type":"ReadAction","target":["https:\/\/naturheilpraxis-mutterer.de\/?page_id=784"]}]},{"@type":"BreadcrumbList","@id":"https:\/\/naturheilpraxis-mutterer.de\/?page_id=784#breadcrumb","itemListElement":[{"@type":"ListItem","position":1,"name":"Startseite","item":"https:\/\/naturheilpraxis-mutterer.de\/"},{"@type":"ListItem","position":2,"name":"Naturheilkunde","item":"https:\/\/naturheilpraxis-mutterer.de\/?page_id=37"},{"@type":"ListItem","position":3,"name":"Regeneresen","item":"https:\/\/naturheilpraxis-mutterer.de\/?page_id=766"},{"@type":"ListItem","position":4,"name":"Einsatzm\u00f6glichkeiten der Renergeresen"}]},{"@type":"WebSite","@id":"https:\/\/naturheilpraxis-mutterer.de\/#website","url":"https:\/\/naturheilpraxis-mutterer.de\/","name":"Naturheil- und Physiotherapiepraxis Christel Mutterer","description":"","publisher":{"@id":"https:\/\/naturheilpraxis-mutterer.de\/#organization"},"potentialAction":[{"@type":"SearchAction","target":{"@type":"EntryPoint","urlTemplate":"https:\/\/naturheilpraxis-mutterer.de\/?s={search_term_string}"},"query-input":{"@type":"PropertyValueSpecification","valueRequired":true,"valueName":"search_term_string"}}],"inLanguage":"de"},{"@type":"Organization","@id":"https:\/\/naturheilpraxis-mutterer.de\/#organization","name":"Naturheil- und Physiotherapiepraxis Christel Mutterer","url":"https:\/\/naturheilpraxis-mutterer.de\/","logo":{"@type":"ImageObject","inLanguage":"de","@id":"https:\/\/naturheilpraxis-mutterer.de\/#\/schema\/logo\/image\/","url":"https:\/\/naturheilpraxis-mutterer.de\/wp-content\/uploads\/2016\/03\/Praxis-Logo-512_512.png","contentUrl":"https:\/\/naturheilpraxis-mutterer.de\/wp-content\/uploads\/2016\/03\/Praxis-Logo-512_512.png","width":512,"height":512,"caption":"Naturheil- und Physiotherapiepraxis Christel Mutterer"},"image":{"@id":"https:\/\/naturheilpraxis-mutterer.de\/#\/schema\/logo\/image\/"}}]}},"_links":{"self":[{"href":"https:\/\/naturheilpraxis-mutterer.de\/index.php?rest_route=\/wp\/v2\/pages\/784","targetHints":{"allow":["GET"]}}],"collection":[{"href":"https:\/\/naturheilpraxis-mutterer.de\/index.php?rest_route=\/wp\/v2\/pages"}],"about":[{"href":"https:\/\/naturheilpraxis-mutterer.de\/index.php?rest_route=\/wp\/v2\/types\/page"}],"author":[{"embeddable":true,"href":"https:\/\/naturheilpraxis-mutterer.de\/index.php?rest_route=\/wp\/v2\/users\/2"}],"replies":[{"embeddable":true,"href":"https:\/\/naturheilpraxis-mutterer.de\/index.php?rest_route=%2Fwp%2Fv2%2Fcomments&post=784"}],"version-history":[{"count":0,"href":"https:\/\/naturheilpraxis-mutterer.de\/index.php?rest_route=\/wp\/v2\/pages\/784\/revisions"}],"up":[{"embeddable":true,"href":"https:\/\/naturheilpraxis-mutterer.de\/index.php?rest_route=\/wp\/v2\/pages\/766"}],"wp:attachment":[{"href":"https:\/\/naturheilpraxis-mutterer.de\/index.php?rest_route=%2Fwp%2Fv2%2Fmedia&parent=784"}],"curies":[{"name":"wp","href":"https:\/\/api.w.org\/{rel}","templated":true}]}}